{"id":3711,"date":"2021-09-15T19:03:47","date_gmt":"2021-09-15T12:03:47","guid":{"rendered":"https:\/\/www.sanwa.co.th\/product\/%e0%b8%82%e0%b9%89%e0%b8%ad%e0%b8%87%e0%b8%ad%e0%b8%97%e0%b8%ad%e0%b8%87%e0%b9%81%e0%b8%94%e0%b8%87%e0%b9%80%e0%b8%88%e0%b8%b7%e0%b8%ad-90-%e0%b8%ad%e0%b8%87%e0%b8%a8%e0%b8%b2-%e0%b8%9c%e0%b8%a1\/"},"modified":"2021-10-28T15:58:32","modified_gmt":"2021-10-28T08:58:32","slug":"%e0%b8%82%e0%b9%89%e0%b8%ad%e0%b8%87%e0%b8%ad%e0%b8%97%e0%b8%ad%e0%b8%87%e0%b9%81%e0%b8%94%e0%b8%87%e0%b9%80%e0%b8%88%e0%b8%b7%e0%b8%ad-90-%e0%b8%ad%e0%b8%87%e0%b8%a8%e0%b8%b2-%e0%b8%9c%e0%b8%a1","status":"publish","type":"product","link":"https:\/\/www.sanwa.co.th\/vi\/product\/%e0%b8%82%e0%b9%89%e0%b8%ad%e0%b8%87%e0%b8%ad%e0%b8%97%e0%b8%ad%e0%b8%87%e0%b9%81%e0%b8%94%e0%b8%87%e0%b9%80%e0%b8%88%e0%b8%b7%e0%b8%ad-90-%e0%b8%ad%e0%b8%87%e0%b8%a8%e0%b8%b2-%e0%b8%9c%e0%b8%a1\/","title":{"rendered":"Ph\u1ee5 ki\u1ec7n \u1ed1ng ng\u1eafn \u0111\u1ed3ng DZR 15cm"},"content":{"rendered":"<p>: Ph\u1ee5 ki\u1ec7n \u1ed1ng ng\u1eafn l\u00e0m b\u1eb1ng \u0111\u1ed3ng DZR ch\u1ea5t l\u01b0\u1ee3ng cao b\u1eb1ng quy tr\u00ecnh \u0111\u00fac khu\u00f4n \u00e1p su\u1ea5t th\u1ea5p, gi\u00fap n\u00f3 kh\u00f4ng b\u1ecb han g\u1ec9 trong su\u1ed1t th\u1eddi gian s\u1eed d\u1ee5ng<br \/>\n: B\u1ec1n v\u00e0 ch\u1ecbu c\u00e2n n\u1eb7ng c\u1ee7a \u0111\u1ed3ng h\u1ed3 n\u01b0\u1edbc \u0111\u01b0\u1ee3c t\u1ed1t<\/p>\n","protected":false},"excerpt":{"rendered":"<p>: Ph\u1ee5 ki\u1ec7n \u1ed1ng ng\u1eafn l\u00e0m b\u1eb1ng \u0111\u1ed3ng DZR ch\u1ea5t l\u01b0\u1ee3ng cao b\u1eb1ng quy tr\u00ecnh \u0111\u00fac khu\u00f4n \u00e1p su\u1ea5t th\u1ea5p, gi\u00fap n\u00f3 kh\u00f4ng b\u1ecb han g\u1ec9 trong su\u1ed1t th\u1eddi gian s\u1eed d\u1ee5ng : B\u1ec1n v\u00e0 ch\u1ecbu c\u00e2n n\u1eb7ng c\u1ee7a \u0111\u1ed3ng h\u1ed3 n\u01b0\u1edbc \u0111\u01b0\u1ee3c t\u1ed1t<\/p>\n","protected":false},"featured_media":3712,"template":"","meta":[],"product_cat":[400],"product_tag":[264,60,99,18,81],"class_list":["post-3711","product","type-product","status-publish","has-post-thumbnail","hentry","product_brand-ataco-vi","product_job_type-government-vi","product_job_type-water-service-vi","product_job_type-project-hotel-vi","product_cat-accessories-vi","product_tag-ataco","product_tag-sanwa","product_tag-99","product_tag-18","product_tag-81"],"acf":[],"yoast_head":"<!-- This site is optimized with the Yoast SEO plugin v26.9 - https:\/\/yoast.com\/product\/yoast-seo-wordpress\/ -->\n<title>Ph\u1ee5 ki\u1ec7n \u1ed1ng ng\u1eafn \u0111\u1ed3ng DZR 15cm | SANWA<\/title>\n<meta name=\"description\" content=\"Ph\u1ee5 ki\u1ec7n \u1ed1ng ng\u1eafn \u0111\u1ed3ng DZR 15cm SANWA |\" \/>\n<meta name=\"robots\" content=\"index, follow, max-snippet:-1, max-image-preview:large, max-video-preview:-1\" \/>\n<link rel=\"canonical\" href=\"https:\/\/www.sanwa.co.th\/vi\/product\/\u0e02\u0e49\u0e2d\u0e07\u0e2d\u0e17\u0e2d\u0e07\u0e41\u0e14\u0e07\u0e40\u0e08\u0e37\u0e2d-90-\u0e2d\u0e07\u0e28\u0e32-\u0e1c\u0e21\/\" \/>\n<meta property=\"og:locale\" content=\"vi_VN\" \/>\n<meta property=\"og:type\" content=\"article\" \/>\n<meta property=\"og:title\" content=\"Ph\u1ee5 ki\u1ec7n \u1ed1ng ng\u1eafn \u0111\u1ed3ng DZR 15cm | SANWA\" \/>\n<meta property=\"og:description\" content=\"Ph\u1ee5 ki\u1ec7n \u1ed1ng ng\u1eafn \u0111\u1ed3ng DZR 15cm SANWA |\" \/>\n<meta property=\"og:url\" content=\"https:\/\/www.sanwa.co.th\/vi\/product\/\u0e02\u0e49\u0e2d\u0e07\u0e2d\u0e17\u0e2d\u0e07\u0e41\u0e14\u0e07\u0e40\u0e08\u0e37\u0e2d-90-\u0e2d\u0e07\u0e28\u0e32-\u0e1c\u0e21\/\" \/>\n<meta property=\"og:site_name\" content=\"SANWA\" \/>\n<meta property=\"article:publisher\" content=\"https:\/\/www.facebook.com\/SanwaThailand\" \/>\n<meta property=\"article:modified_time\" content=\"2021-10-28T08:58:32+00:00\" \/>\n<meta property=\"og:image\" content=\"https:\/\/www.sanwa.co.th\/wp-content\/uploads\/2021\/08\/ATACO-Elbow1.png\" \/>\n\t<meta property=\"og:image:width\" content=\"760\" \/>\n\t<meta property=\"og:image:height\" content=\"760\" \/>\n\t<meta property=\"og:image:type\" content=\"image\/png\" \/>\n<meta name=\"twitter:card\" content=\"summary_large_image\" \/>\n<!-- \/ Yoast SEO plugin. -->","yoast_head_json":{"title":"Ph\u1ee5 ki\u1ec7n \u1ed1ng ng\u1eafn \u0111\u1ed3ng DZR 15cm | SANWA","description":"Ph\u1ee5 ki\u1ec7n \u1ed1ng ng\u1eafn \u0111\u1ed3ng DZR 15cm SANWA |","robots":{"index":"index","follow":"follow","max-snippet":"max-snippet:-1","max-image-preview":"max-image-preview:large","max-video-preview":"max-video-preview:-1"},"canonical":"https:\/\/www.sanwa.co.th\/vi\/product\/\u0e02\u0e49\u0e2d\u0e07\u0e2d\u0e17\u0e2d\u0e07\u0e41\u0e14\u0e07\u0e40\u0e08\u0e37\u0e2d-90-\u0e2d\u0e07\u0e28\u0e32-\u0e1c\u0e21\/","og_locale":"vi_VN","og_type":"article","og_title":"Ph\u1ee5 ki\u1ec7n \u1ed1ng ng\u1eafn \u0111\u1ed3ng DZR 15cm | SANWA","og_description":"Ph\u1ee5 ki\u1ec7n \u1ed1ng ng\u1eafn \u0111\u1ed3ng DZR 15cm SANWA |","og_url":"https:\/\/www.sanwa.co.th\/vi\/product\/\u0e02\u0e49\u0e2d\u0e07\u0e2d\u0e17\u0e2d\u0e07\u0e41\u0e14\u0e07\u0e40\u0e08\u0e37\u0e2d-90-\u0e2d\u0e07\u0e28\u0e32-\u0e1c\u0e21\/","og_site_name":"SANWA","article_publisher":"https:\/\/www.facebook.com\/SanwaThailand","article_modified_time":"2021-10-28T08:58:32+00:00","og_image":[{"width":760,"height":760,"url":"https:\/\/www.sanwa.co.th\/wp-content\/uploads\/2021\/08\/ATACO-Elbow1.png","type":"image\/png"}],"twitter_card":"summary_large_image","schema":{"@context":"https:\/\/schema.org","@graph":[{"@type":"WebPage","@id":"https:\/\/www.sanwa.co.th\/vi\/product\/%e0%b8%82%e0%b9%89%e0%b8%ad%e0%b8%87%e0%b8%ad%e0%b8%97%e0%b8%ad%e0%b8%87%e0%b9%81%e0%b8%94%e0%b8%87%e0%b9%80%e0%b8%88%e0%b8%b7%e0%b8%ad-90-%e0%b8%ad%e0%b8%87%e0%b8%a8%e0%b8%b2-%e0%b8%9c%e0%b8%a1\/","url":"https:\/\/www.sanwa.co.th\/vi\/product\/%e0%b8%82%e0%b9%89%e0%b8%ad%e0%b8%87%e0%b8%ad%e0%b8%97%e0%b8%ad%e0%b8%87%e0%b9%81%e0%b8%94%e0%b8%87%e0%b9%80%e0%b8%88%e0%b8%b7%e0%b8%ad-90-%e0%b8%ad%e0%b8%87%e0%b8%a8%e0%b8%b2-%e0%b8%9c%e0%b8%a1\/","name":"Ph\u1ee5 ki\u1ec7n \u1ed1ng ng\u1eafn \u0111\u1ed3ng DZR 15cm | SANWA","isPartOf":{"@id":"https:\/\/www.sanwa.co.th\/#website"},"primaryImageOfPage":{"@id":"https:\/\/www.sanwa.co.th\/vi\/product\/%e0%b8%82%e0%b9%89%e0%b8%ad%e0%b8%87%e0%b8%ad%e0%b8%97%e0%b8%ad%e0%b8%87%e0%b9%81%e0%b8%94%e0%b8%87%e0%b9%80%e0%b8%88%e0%b8%b7%e0%b8%ad-90-%e0%b8%ad%e0%b8%87%e0%b8%a8%e0%b8%b2-%e0%b8%9c%e0%b8%a1\/#primaryimage"},"image":{"@id":"https:\/\/www.sanwa.co.th\/vi\/product\/%e0%b8%82%e0%b9%89%e0%b8%ad%e0%b8%87%e0%b8%ad%e0%b8%97%e0%b8%ad%e0%b8%87%e0%b9%81%e0%b8%94%e0%b8%87%e0%b9%80%e0%b8%88%e0%b8%b7%e0%b8%ad-90-%e0%b8%ad%e0%b8%87%e0%b8%a8%e0%b8%b2-%e0%b8%9c%e0%b8%a1\/#primaryimage"},"thumbnailUrl":"https:\/\/www.sanwa.co.th\/wp-content\/uploads\/2021\/08\/ATACO-Elbow1.png","datePublished":"2021-09-15T12:03:47+00:00","dateModified":"2021-10-28T08:58:32+00:00","description":"Ph\u1ee5 ki\u1ec7n \u1ed1ng ng\u1eafn \u0111\u1ed3ng DZR 15cm SANWA |","breadcrumb":{"@id":"https:\/\/www.sanwa.co.th\/vi\/product\/%e0%b8%82%e0%b9%89%e0%b8%ad%e0%b8%87%e0%b8%ad%e0%b8%97%e0%b8%ad%e0%b8%87%e0%b9%81%e0%b8%94%e0%b8%87%e0%b9%80%e0%b8%88%e0%b8%b7%e0%b8%ad-90-%e0%b8%ad%e0%b8%87%e0%b8%a8%e0%b8%b2-%e0%b8%9c%e0%b8%a1\/#breadcrumb"},"inLanguage":"vi-VN","potentialAction":[{"@type":"ReadAction","target":["https:\/\/www.sanwa.co.th\/vi\/product\/%e0%b8%82%e0%b9%89%e0%b8%ad%e0%b8%87%e0%b8%ad%e0%b8%97%e0%b8%ad%e0%b8%87%e0%b9%81%e0%b8%94%e0%b8%87%e0%b9%80%e0%b8%88%e0%b8%b7%e0%b8%ad-90-%e0%b8%ad%e0%b8%87%e0%b8%a8%e0%b8%b2-%e0%b8%9c%e0%b8%a1\/"]}]},{"@type":"ImageObject","inLanguage":"vi-VN","@id":"https:\/\/www.sanwa.co.th\/vi\/product\/%e0%b8%82%e0%b9%89%e0%b8%ad%e0%b8%87%e0%b8%ad%e0%b8%97%e0%b8%ad%e0%b8%87%e0%b9%81%e0%b8%94%e0%b8%87%e0%b9%80%e0%b8%88%e0%b8%b7%e0%b8%ad-90-%e0%b8%ad%e0%b8%87%e0%b8%a8%e0%b8%b2-%e0%b8%9c%e0%b8%a1\/#primaryimage","url":"https:\/\/www.sanwa.co.th\/wp-content\/uploads\/2021\/08\/ATACO-Elbow1.png","contentUrl":"https:\/\/www.sanwa.co.th\/wp-content\/uploads\/2021\/08\/ATACO-Elbow1.png","width":760,"height":760,"caption":"\u0e02\u0e49\u0e2d\u0e07\u0e2d\u0e17\u0e2d\u0e07\u0e40\u0e2b\u0e25\u0e37\u0e2d\u0e07 ATACO"},{"@type":"BreadcrumbList","@id":"https:\/\/www.sanwa.co.th\/vi\/product\/%e0%b8%82%e0%b9%89%e0%b8%ad%e0%b8%87%e0%b8%ad%e0%b8%97%e0%b8%ad%e0%b8%87%e0%b9%81%e0%b8%94%e0%b8%87%e0%b9%80%e0%b8%88%e0%b8%b7%e0%b8%ad-90-%e0%b8%ad%e0%b8%87%e0%b8%a8%e0%b8%b2-%e0%b8%9c%e0%b8%a1\/#breadcrumb","itemListElement":[{"@type":"ListItem","position":1,"name":"\u0e2a\u0e34\u0e19\u0e04\u0e49\u0e32","item":"https:\/\/www.sanwa.co.th\/shop\/"},{"@type":"ListItem","position":2,"name":"Ph\u1ee5 ki\u1ec7n \u1ed1ng ng\u1eafn \u0111\u1ed3ng DZR 15cm"}]},{"@type":"WebSite","@id":"https:\/\/www.sanwa.co.th\/#website","url":"https:\/\/www.sanwa.co.th\/","name":"SANWA","description":"SANWA is a manufacturer and distributor of high-quality brass plumbing fixtures that are durable, rust-resistant, and leak-proof.","publisher":{"@id":"https:\/\/www.sanwa.co.th\/#organization"},"potentialAction":[{"@type":"SearchAction","target":{"@type":"EntryPoint","urlTemplate":"https:\/\/www.sanwa.co.th\/?s={search_term_string}"},"query-input":{"@type":"PropertyValueSpecification","valueRequired":true,"valueName":"search_term_string"}}],"inLanguage":"vi-VN"},{"@type":"Organization","@id":"https:\/\/www.sanwa.co.th\/#organization","name":"SANWA","url":"https:\/\/www.sanwa.co.th\/","logo":{"@type":"ImageObject","inLanguage":"vi-VN","@id":"https:\/\/www.sanwa.co.th\/#\/schema\/logo\/image\/","url":"https:\/\/www.sanwa.co.th\/wp-content\/uploads\/2021\/09\/LOGO_SANWA.jpeg","contentUrl":"https:\/\/www.sanwa.co.th\/wp-content\/uploads\/2021\/09\/LOGO_SANWA.jpeg","width":1616,"height":348,"caption":"SANWA"},"image":{"@id":"https:\/\/www.sanwa.co.th\/#\/schema\/logo\/image\/"},"sameAs":["https:\/\/www.facebook.com\/SanwaThailand","https:\/\/youtube.com\/channel\/UC0e8b8N8ucQQGPSTmPWYLkQ","https:\/\/www.instagram.com\/sanwathailand\/","https:\/\/www.tiktok.com\/@sanwathailand"]}]}},"_links":{"self":[{"href":"https:\/\/www.sanwa.co.th\/vi\/wp-json\/wp\/v2\/product\/3711","targetHints":{"allow":["GET"]}}],"collection":[{"href":"https:\/\/www.sanwa.co.th\/vi\/wp-json\/wp\/v2\/product"}],"about":[{"href":"https:\/\/www.sanwa.co.th\/vi\/wp-json\/wp\/v2\/types\/product"}],"wp:featuredmedia":[{"embeddable":true,"href":"https:\/\/www.sanwa.co.th\/vi\/wp-json\/wp\/v2\/media\/3712"}],"wp:attachment":[{"href":"https:\/\/www.sanwa.co.th\/vi\/wp-json\/wp\/v2\/media?parent=3711"}],"wp:term":[{"taxonomy":"product_cat","embeddable":true,"href":"https:\/\/www.sanwa.co.th\/vi\/wp-json\/wp\/v2\/product_cat?post=3711"},{"taxonomy":"product_tag","embeddable":true,"href":"https:\/\/www.sanwa.co.th\/vi\/wp-json\/wp\/v2\/product_tag?post=3711"}],"curies":[{"name":"wp","href":"https:\/\/api.w.org\/{rel}","templated":true}]}}