{"id":3706,"date":"2021-09-15T19:09:45","date_gmt":"2021-09-15T12:09:45","guid":{"rendered":"https:\/\/www.sanwa.co.th\/product\/%e0%b9%80%e0%b8%97%e0%b8%9b%e0%b8%9e%e0%b8%b1%e0%b8%99%e0%b9%80%e0%b8%81%e0%b8%a5%e0%b8%b5%e0%b8%a2%e0%b8%a7-%e0%b8%8b%e0%b8%b1%e0%b8%99%e0%b8%a7%e0%b8%b2\/"},"modified":"2022-03-16T16:49:51","modified_gmt":"2022-03-16T09:49:51","slug":"sanwa-thread-tape","status":"publish","type":"product","link":"https:\/\/www.sanwa.co.th\/vi\/product\/sanwa-thread-tape\/","title":{"rendered":"B\u0103ng keo PTFE qu\u1ea5n ren (PTFE Thread seal tape)"},"content":{"rendered":"<p>: K\u1ebft c\u1ea5u ch\u1eafc ch\u1eafn, \u0110\u1ed9 \u0111\u00e0n h\u1ed3i cao, C\u00f3 th\u1ec3 qu\u1ea5n ch\u1eb7t v\u00e0o ren, kh\u00f4ng r\u00f2 r\u1ec9<br \/>\n: K\u1ebft c\u1ea5u d\u00ednh, khi k\u00e9o ra, b\u0103ng ch\u1ec9 kh\u00f4ng b\u1ecb bong<br \/>\n: B\u0103ng ch\u1ec9 d\u00e0y, kh\u00f3 r\u00e1ch c\u00f3 th\u1ec3 th\u00e1o ra qu\u1ea5n l\u1ea1i<\/p>\n","protected":false},"excerpt":{"rendered":"<p>: K\u1ebft c\u1ea5u ch\u1eafc ch\u1eafn, \u0110\u1ed9 \u0111\u00e0n h\u1ed3i cao, C\u00f3 th\u1ec3 qu\u1ea5n ch\u1eb7t v\u00e0o ren, kh\u00f4ng r\u00f2 r\u1ec9 : K\u1ebft c\u1ea5u d\u00ednh, khi k\u00e9o ra, b\u0103ng ch\u1ec9 kh\u00f4ng b\u1ecb bong : B\u0103ng ch\u1ec9 d\u00e0y, kh\u00f3 r\u00e1ch c\u00f3 th\u1ec3 th\u00e1o ra qu\u1ea5n l\u1ea1i<\/p>\n","protected":false},"featured_media":3707,"template":"","meta":[],"product_cat":[400],"product_tag":[60,18,96],"class_list":["post-3706","product","type-product","status-publish","has-post-thumbnail","hentry","product_brand-sanwa-vi","product_job_type-normal-vi","product_cat-accessories-vi","product_tag-sanwa","product_tag-18","product_tag-96"],"acf":[],"yoast_head":"<!-- This site is optimized with the Yoast SEO plugin v26.9 - https:\/\/yoast.com\/product\/yoast-seo-wordpress\/ -->\n<title>B\u0103ng keo PTFE qu\u1ea5n ren (PTFE Thread seal tape) | SANWA<\/title>\n<meta name=\"description\" content=\"B\u0103ng keo PTFE qu\u1ea5n ren (PTFE Thread seal tape) SANWA |\" \/>\n<meta name=\"robots\" content=\"index, follow, max-snippet:-1, max-image-preview:large, max-video-preview:-1\" \/>\n<link rel=\"canonical\" href=\"https:\/\/www.sanwa.co.th\/vi\/product\/sanwa-thread-tape\/\" \/>\n<meta property=\"og:locale\" content=\"vi_VN\" \/>\n<meta property=\"og:type\" content=\"article\" \/>\n<meta property=\"og:title\" content=\"B\u0103ng keo PTFE qu\u1ea5n ren (PTFE Thread seal tape) | SANWA\" \/>\n<meta property=\"og:description\" content=\"B\u0103ng keo PTFE qu\u1ea5n ren (PTFE Thread seal tape) SANWA |\" \/>\n<meta property=\"og:url\" content=\"https:\/\/www.sanwa.co.th\/vi\/product\/sanwa-thread-tape\/\" \/>\n<meta property=\"og:site_name\" content=\"SANWA\" \/>\n<meta property=\"article:publisher\" content=\"https:\/\/www.facebook.com\/SanwaThailand\" \/>\n<meta property=\"article:modified_time\" content=\"2022-03-16T09:49:51+00:00\" \/>\n<meta property=\"og:image\" content=\"https:\/\/www.sanwa.co.th\/wp-content\/uploads\/2021\/08\/SANWA-Therad-Seal-Tape1.png\" \/>\n\t<meta property=\"og:image:width\" content=\"760\" \/>\n\t<meta property=\"og:image:height\" content=\"760\" \/>\n\t<meta property=\"og:image:type\" content=\"image\/png\" \/>\n<meta name=\"twitter:card\" content=\"summary_large_image\" \/>\n<meta name=\"twitter:label1\" content=\"Est. reading time\" \/>\n\t<meta name=\"twitter:data1\" content=\"1 minute\" \/>\n<!-- \/ Yoast SEO plugin. -->","yoast_head_json":{"title":"B\u0103ng keo PTFE qu\u1ea5n ren (PTFE Thread seal tape) | SANWA","description":"B\u0103ng keo PTFE qu\u1ea5n ren (PTFE Thread seal tape) SANWA |","robots":{"index":"index","follow":"follow","max-snippet":"max-snippet:-1","max-image-preview":"max-image-preview:large","max-video-preview":"max-video-preview:-1"},"canonical":"https:\/\/www.sanwa.co.th\/vi\/product\/sanwa-thread-tape\/","og_locale":"vi_VN","og_type":"article","og_title":"B\u0103ng keo PTFE qu\u1ea5n ren (PTFE Thread seal tape) | SANWA","og_description":"B\u0103ng keo PTFE qu\u1ea5n ren (PTFE Thread seal tape) SANWA |","og_url":"https:\/\/www.sanwa.co.th\/vi\/product\/sanwa-thread-tape\/","og_site_name":"SANWA","article_publisher":"https:\/\/www.facebook.com\/SanwaThailand","article_modified_time":"2022-03-16T09:49:51+00:00","og_image":[{"width":760,"height":760,"url":"https:\/\/www.sanwa.co.th\/wp-content\/uploads\/2021\/08\/SANWA-Therad-Seal-Tape1.png","type":"image\/png"}],"twitter_card":"summary_large_image","twitter_misc":{"Est. reading time":"1 minute"},"schema":{"@context":"https:\/\/schema.org","@graph":[{"@type":"WebPage","@id":"https:\/\/www.sanwa.co.th\/vi\/product\/sanwa-thread-tape\/","url":"https:\/\/www.sanwa.co.th\/vi\/product\/sanwa-thread-tape\/","name":"B\u0103ng keo PTFE qu\u1ea5n ren (PTFE Thread seal tape) | SANWA","isPartOf":{"@id":"https:\/\/www.sanwa.co.th\/#website"},"primaryImageOfPage":{"@id":"https:\/\/www.sanwa.co.th\/vi\/product\/sanwa-thread-tape\/#primaryimage"},"image":{"@id":"https:\/\/www.sanwa.co.th\/vi\/product\/sanwa-thread-tape\/#primaryimage"},"thumbnailUrl":"https:\/\/www.sanwa.co.th\/wp-content\/uploads\/2021\/08\/SANWA-Therad-Seal-Tape1.png","datePublished":"2021-09-15T12:09:45+00:00","dateModified":"2022-03-16T09:49:51+00:00","description":"B\u0103ng keo PTFE qu\u1ea5n ren (PTFE Thread seal tape) SANWA |","breadcrumb":{"@id":"https:\/\/www.sanwa.co.th\/vi\/product\/sanwa-thread-tape\/#breadcrumb"},"inLanguage":"vi-VN","potentialAction":[{"@type":"ReadAction","target":["https:\/\/www.sanwa.co.th\/vi\/product\/sanwa-thread-tape\/"]}]},{"@type":"ImageObject","inLanguage":"vi-VN","@id":"https:\/\/www.sanwa.co.th\/vi\/product\/sanwa-thread-tape\/#primaryimage","url":"https:\/\/www.sanwa.co.th\/wp-content\/uploads\/2021\/08\/SANWA-Therad-Seal-Tape1.png","contentUrl":"https:\/\/www.sanwa.co.th\/wp-content\/uploads\/2021\/08\/SANWA-Therad-Seal-Tape1.png","width":760,"height":760,"caption":"\u0e40\u0e17\u0e1b\u0e1e\u0e31\u0e19\u0e40\u0e01\u0e25\u0e35\u0e22\u0e27 SANWA"},{"@type":"BreadcrumbList","@id":"https:\/\/www.sanwa.co.th\/vi\/product\/sanwa-thread-tape\/#breadcrumb","itemListElement":[{"@type":"ListItem","position":1,"name":"\u0e2a\u0e34\u0e19\u0e04\u0e49\u0e32","item":"https:\/\/www.sanwa.co.th\/shop\/"},{"@type":"ListItem","position":2,"name":"B\u0103ng keo PTFE qu\u1ea5n ren (PTFE Thread seal tape)"}]},{"@type":"WebSite","@id":"https:\/\/www.sanwa.co.th\/#website","url":"https:\/\/www.sanwa.co.th\/","name":"SANWA","description":"SANWA is a manufacturer and distributor of high-quality brass plumbing fixtures that are durable, rust-resistant, and leak-proof.","publisher":{"@id":"https:\/\/www.sanwa.co.th\/#organization"},"potentialAction":[{"@type":"SearchAction","target":{"@type":"EntryPoint","urlTemplate":"https:\/\/www.sanwa.co.th\/?s={search_term_string}"},"query-input":{"@type":"PropertyValueSpecification","valueRequired":true,"valueName":"search_term_string"}}],"inLanguage":"vi-VN"},{"@type":"Organization","@id":"https:\/\/www.sanwa.co.th\/#organization","name":"SANWA","url":"https:\/\/www.sanwa.co.th\/","logo":{"@type":"ImageObject","inLanguage":"vi-VN","@id":"https:\/\/www.sanwa.co.th\/#\/schema\/logo\/image\/","url":"https:\/\/www.sanwa.co.th\/wp-content\/uploads\/2021\/09\/LOGO_SANWA.jpeg","contentUrl":"https:\/\/www.sanwa.co.th\/wp-content\/uploads\/2021\/09\/LOGO_SANWA.jpeg","width":1616,"height":348,"caption":"SANWA"},"image":{"@id":"https:\/\/www.sanwa.co.th\/#\/schema\/logo\/image\/"},"sameAs":["https:\/\/www.facebook.com\/SanwaThailand","https:\/\/youtube.com\/channel\/UC0e8b8N8ucQQGPSTmPWYLkQ","https:\/\/www.instagram.com\/sanwathailand\/","https:\/\/www.tiktok.com\/@sanwathailand"]}]}},"_links":{"self":[{"href":"https:\/\/www.sanwa.co.th\/vi\/wp-json\/wp\/v2\/product\/3706","targetHints":{"allow":["GET"]}}],"collection":[{"href":"https:\/\/www.sanwa.co.th\/vi\/wp-json\/wp\/v2\/product"}],"about":[{"href":"https:\/\/www.sanwa.co.th\/vi\/wp-json\/wp\/v2\/types\/product"}],"wp:featuredmedia":[{"embeddable":true,"href":"https:\/\/www.sanwa.co.th\/vi\/wp-json\/wp\/v2\/media\/3707"}],"wp:attachment":[{"href":"https:\/\/www.sanwa.co.th\/vi\/wp-json\/wp\/v2\/media?parent=3706"}],"wp:term":[{"taxonomy":"product_cat","embeddable":true,"href":"https:\/\/www.sanwa.co.th\/vi\/wp-json\/wp\/v2\/product_cat?post=3706"},{"taxonomy":"product_tag","embeddable":true,"href":"https:\/\/www.sanwa.co.th\/vi\/wp-json\/wp\/v2\/product_tag?post=3706"}],"curies":[{"name":"wp","href":"https:\/\/api.w.org\/{rel}","templated":true}]}}