{"id":3688,"date":"2021-09-17T19:03:45","date_gmt":"2021-09-17T12:03:45","guid":{"rendered":"https:\/\/www.sanwa.co.th\/product\/%e0%b8%a5%e0%b8%b9%e0%b8%81%e0%b8%a5%e0%b8%ad%e0%b8%a2-%e0%b8%8b%e0%b8%b1%e0%b8%99%e0%b8%a7%e0%b8%b2\/"},"modified":"2022-06-09T11:49:12","modified_gmt":"2022-06-09T04:49:12","slug":"%e0%b8%a5%e0%b8%b9%e0%b8%81%e0%b8%a5%e0%b8%ad%e0%b8%a2-%e0%b8%8b%e0%b8%b1%e0%b8%99%e0%b8%a7%e0%b8%b2","status":"publish","type":"product","link":"https:\/\/www.sanwa.co.th\/vi\/product\/%e0%b8%a5%e0%b8%b9%e0%b8%81%e0%b8%a5%e0%b8%ad%e0%b8%a2-%e0%b8%8b%e0%b8%b1%e0%b8%99%e0%b8%a7%e0%b8%b2\/","title":{"rendered":"Van phao SANWA"},"content":{"rendered":"<p>: Ph\u1ea7n l\u1eafp r\u00e1p phao l\u00e0m b\u1eb1ng \u0111\u1ed3ng d\u00e0y c\u00f3 th\u1ec3 ch\u1ecbu \u00e1p l\u1ef1c n\u01b0\u1edbc trong b\u1ed3n n\u01b0\u1edbc \u0111\u01b0\u1ee3c l\u00e2u d\u00e0i.<br \/>\n: Tr\u1ee5c n\u00e2ng b\u00ean trong l\u00e0 m\u1ed9t mi\u1ebfng \u0111\u1ed3ng nguy\u00ean kh\u1ed1i.<br \/>\n: Phao l\u00e0m b\u1eb1ng nh\u1ef1a HDPE c\u00f3 ren \u0111\u1ed3ng.<br \/>\n: Phao l\u1edbn, ph\u1ea7n l\u1eafp r\u00e1p phao d\u00e0y n\u00ean ch\u1ecbu \u00e1p su\u1ea5t trong b\u1ed3n n\u01b0\u1edbc \u0111\u01b0\u1ee3c t\u1ed1t, kh\u00f4ng b\u1ecb cong.<br \/>\n: Phao c\u00f3 ren \u0111\u1ed3ng s\u00e2u v\u00e0 b\u1ec1n. Khi\u1ebfn cho thanh phao \u0111\u01b0\u1ee3c gi\u1eef ch\u1eafc ch\u1eafn, kh\u00f4ng d\u1ec5 b\u1ecb g\u00e3y.<\/p>\n","protected":false},"excerpt":{"rendered":"<p>: Ph\u1ea7n l\u1eafp r\u00e1p phao l\u00e0m b\u1eb1ng \u0111\u1ed3ng d\u00e0y c\u00f3 th\u1ec3 ch\u1ecbu \u00e1p l\u1ef1c n\u01b0\u1edbc trong b\u1ed3n n\u01b0\u1edbc \u0111\u01b0\u1ee3c l\u00e2u d\u00e0i. : Tr\u1ee5c n\u00e2ng b\u00ean trong l\u00e0 m\u1ed9t mi\u1ebfng \u0111\u1ed3ng nguy\u00ean kh\u1ed1i. : Phao l\u00e0m b\u1eb1ng nh\u1ef1a HDPE c\u00f3 ren \u0111\u1ed3ng. : Phao l\u1edbn, ph\u1ea7n l\u1eafp r\u00e1p phao d\u00e0y n\u00ean ch\u1ecbu \u00e1p su\u1ea5t trong b\u1ed3n [&hellip;]<\/p>\n","protected":false},"featured_media":3689,"template":"","meta":[],"product_cat":[397],"product_tag":[60,18,90,91],"class_list":["post-3688","product","type-product","status-publish","has-post-thumbnail","hentry","product_brand-sanwa-vi","product_job_type-project-hotel-vi","product_job_type-normal-vi","product_job_type-building-apartment-condominium-vi","product_cat-float-valve-vi","product_tag-sanwa","product_tag-18","product_tag-90","product_tag-91"],"acf":[],"yoast_head":"<!-- This site is optimized with the Yoast SEO plugin v26.9 - https:\/\/yoast.com\/product\/yoast-seo-wordpress\/ -->\n<title>Van phao SANWA | SANWA<\/title>\n<meta name=\"description\" content=\"Van phao SANWA SANWA |\" \/>\n<meta name=\"robots\" content=\"index, follow, max-snippet:-1, max-image-preview:large, max-video-preview:-1\" \/>\n<link rel=\"canonical\" href=\"https:\/\/www.sanwa.co.th\/vi\/product\/\u0e25\u0e39\u0e01\u0e25\u0e2d\u0e22-\u0e0b\u0e31\u0e19\u0e27\u0e32\/\" \/>\n<meta property=\"og:locale\" content=\"vi_VN\" \/>\n<meta property=\"og:type\" content=\"article\" \/>\n<meta property=\"og:title\" content=\"Van phao SANWA | SANWA\" \/>\n<meta property=\"og:description\" content=\"Van phao SANWA SANWA |\" \/>\n<meta property=\"og:url\" content=\"https:\/\/www.sanwa.co.th\/vi\/product\/\u0e25\u0e39\u0e01\u0e25\u0e2d\u0e22-\u0e0b\u0e31\u0e19\u0e27\u0e32\/\" \/>\n<meta property=\"og:site_name\" content=\"SANWA\" \/>\n<meta property=\"article:publisher\" content=\"https:\/\/www.facebook.com\/SanwaThailand\" \/>\n<meta property=\"article:modified_time\" content=\"2022-06-09T04:49:12+00:00\" \/>\n<meta property=\"og:image\" content=\"https:\/\/www.sanwa.co.th\/wp-content\/uploads\/2021\/08\/SANWA-Float-Valve1.png\" \/>\n\t<meta property=\"og:image:width\" content=\"760\" \/>\n\t<meta property=\"og:image:height\" content=\"760\" \/>\n\t<meta property=\"og:image:type\" content=\"image\/png\" \/>\n<meta name=\"twitter:card\" content=\"summary_large_image\" \/>\n<meta name=\"twitter:label1\" content=\"Est. reading time\" \/>\n\t<meta name=\"twitter:data1\" content=\"1 minute\" \/>\n<!-- \/ Yoast SEO plugin. -->","yoast_head_json":{"title":"Van phao SANWA | SANWA","description":"Van phao SANWA SANWA |","robots":{"index":"index","follow":"follow","max-snippet":"max-snippet:-1","max-image-preview":"max-image-preview:large","max-video-preview":"max-video-preview:-1"},"canonical":"https:\/\/www.sanwa.co.th\/vi\/product\/\u0e25\u0e39\u0e01\u0e25\u0e2d\u0e22-\u0e0b\u0e31\u0e19\u0e27\u0e32\/","og_locale":"vi_VN","og_type":"article","og_title":"Van phao SANWA | SANWA","og_description":"Van phao SANWA SANWA |","og_url":"https:\/\/www.sanwa.co.th\/vi\/product\/\u0e25\u0e39\u0e01\u0e25\u0e2d\u0e22-\u0e0b\u0e31\u0e19\u0e27\u0e32\/","og_site_name":"SANWA","article_publisher":"https:\/\/www.facebook.com\/SanwaThailand","article_modified_time":"2022-06-09T04:49:12+00:00","og_image":[{"width":760,"height":760,"url":"https:\/\/www.sanwa.co.th\/wp-content\/uploads\/2021\/08\/SANWA-Float-Valve1.png","type":"image\/png"}],"twitter_card":"summary_large_image","twitter_misc":{"Est. reading time":"1 minute"},"schema":{"@context":"https:\/\/schema.org","@graph":[{"@type":"WebPage","@id":"https:\/\/www.sanwa.co.th\/vi\/product\/%e0%b8%a5%e0%b8%b9%e0%b8%81%e0%b8%a5%e0%b8%ad%e0%b8%a2-%e0%b8%8b%e0%b8%b1%e0%b8%99%e0%b8%a7%e0%b8%b2\/","url":"https:\/\/www.sanwa.co.th\/vi\/product\/%e0%b8%a5%e0%b8%b9%e0%b8%81%e0%b8%a5%e0%b8%ad%e0%b8%a2-%e0%b8%8b%e0%b8%b1%e0%b8%99%e0%b8%a7%e0%b8%b2\/","name":"Van phao SANWA | SANWA","isPartOf":{"@id":"https:\/\/www.sanwa.co.th\/#website"},"primaryImageOfPage":{"@id":"https:\/\/www.sanwa.co.th\/vi\/product\/%e0%b8%a5%e0%b8%b9%e0%b8%81%e0%b8%a5%e0%b8%ad%e0%b8%a2-%e0%b8%8b%e0%b8%b1%e0%b8%99%e0%b8%a7%e0%b8%b2\/#primaryimage"},"image":{"@id":"https:\/\/www.sanwa.co.th\/vi\/product\/%e0%b8%a5%e0%b8%b9%e0%b8%81%e0%b8%a5%e0%b8%ad%e0%b8%a2-%e0%b8%8b%e0%b8%b1%e0%b8%99%e0%b8%a7%e0%b8%b2\/#primaryimage"},"thumbnailUrl":"https:\/\/www.sanwa.co.th\/wp-content\/uploads\/2021\/08\/SANWA-Float-Valve1.png","datePublished":"2021-09-17T12:03:45+00:00","dateModified":"2022-06-09T04:49:12+00:00","description":"Van phao SANWA SANWA |","breadcrumb":{"@id":"https:\/\/www.sanwa.co.th\/vi\/product\/%e0%b8%a5%e0%b8%b9%e0%b8%81%e0%b8%a5%e0%b8%ad%e0%b8%a2-%e0%b8%8b%e0%b8%b1%e0%b8%99%e0%b8%a7%e0%b8%b2\/#breadcrumb"},"inLanguage":"vi-VN","potentialAction":[{"@type":"ReadAction","target":["https:\/\/www.sanwa.co.th\/vi\/product\/%e0%b8%a5%e0%b8%b9%e0%b8%81%e0%b8%a5%e0%b8%ad%e0%b8%a2-%e0%b8%8b%e0%b8%b1%e0%b8%99%e0%b8%a7%e0%b8%b2\/"]}]},{"@type":"ImageObject","inLanguage":"vi-VN","@id":"https:\/\/www.sanwa.co.th\/vi\/product\/%e0%b8%a5%e0%b8%b9%e0%b8%81%e0%b8%a5%e0%b8%ad%e0%b8%a2-%e0%b8%8b%e0%b8%b1%e0%b8%99%e0%b8%a7%e0%b8%b2\/#primaryimage","url":"https:\/\/www.sanwa.co.th\/wp-content\/uploads\/2021\/08\/SANWA-Float-Valve1.png","contentUrl":"https:\/\/www.sanwa.co.th\/wp-content\/uploads\/2021\/08\/SANWA-Float-Valve1.png","width":760,"height":760,"caption":"\u0e25\u0e39\u0e01\u0e25\u0e2d\u0e22\u0e1e\u0e23\u0e35\u0e40\u0e21\u0e35\u0e22\u0e21 SANWA"},{"@type":"BreadcrumbList","@id":"https:\/\/www.sanwa.co.th\/vi\/product\/%e0%b8%a5%e0%b8%b9%e0%b8%81%e0%b8%a5%e0%b8%ad%e0%b8%a2-%e0%b8%8b%e0%b8%b1%e0%b8%99%e0%b8%a7%e0%b8%b2\/#breadcrumb","itemListElement":[{"@type":"ListItem","position":1,"name":"\u0e2a\u0e34\u0e19\u0e04\u0e49\u0e32","item":"https:\/\/www.sanwa.co.th\/shop\/"},{"@type":"ListItem","position":2,"name":"Van phao SANWA"}]},{"@type":"WebSite","@id":"https:\/\/www.sanwa.co.th\/#website","url":"https:\/\/www.sanwa.co.th\/","name":"SANWA","description":"SANWA is a manufacturer and distributor of high-quality brass plumbing fixtures that are durable, rust-resistant, and leak-proof.","publisher":{"@id":"https:\/\/www.sanwa.co.th\/#organization"},"potentialAction":[{"@type":"SearchAction","target":{"@type":"EntryPoint","urlTemplate":"https:\/\/www.sanwa.co.th\/?s={search_term_string}"},"query-input":{"@type":"PropertyValueSpecification","valueRequired":true,"valueName":"search_term_string"}}],"inLanguage":"vi-VN"},{"@type":"Organization","@id":"https:\/\/www.sanwa.co.th\/#organization","name":"SANWA","url":"https:\/\/www.sanwa.co.th\/","logo":{"@type":"ImageObject","inLanguage":"vi-VN","@id":"https:\/\/www.sanwa.co.th\/#\/schema\/logo\/image\/","url":"https:\/\/www.sanwa.co.th\/wp-content\/uploads\/2021\/09\/LOGO_SANWA.jpeg","contentUrl":"https:\/\/www.sanwa.co.th\/wp-content\/uploads\/2021\/09\/LOGO_SANWA.jpeg","width":1616,"height":348,"caption":"SANWA"},"image":{"@id":"https:\/\/www.sanwa.co.th\/#\/schema\/logo\/image\/"},"sameAs":["https:\/\/www.facebook.com\/SanwaThailand","https:\/\/youtube.com\/channel\/UC0e8b8N8ucQQGPSTmPWYLkQ","https:\/\/www.instagram.com\/sanwathailand\/","https:\/\/www.tiktok.com\/@sanwathailand"]}]}},"_links":{"self":[{"href":"https:\/\/www.sanwa.co.th\/vi\/wp-json\/wp\/v2\/product\/3688","targetHints":{"allow":["GET"]}}],"collection":[{"href":"https:\/\/www.sanwa.co.th\/vi\/wp-json\/wp\/v2\/product"}],"about":[{"href":"https:\/\/www.sanwa.co.th\/vi\/wp-json\/wp\/v2\/types\/product"}],"wp:featuredmedia":[{"embeddable":true,"href":"https:\/\/www.sanwa.co.th\/vi\/wp-json\/wp\/v2\/media\/3689"}],"wp:attachment":[{"href":"https:\/\/www.sanwa.co.th\/vi\/wp-json\/wp\/v2\/media?parent=3688"}],"wp:term":[{"taxonomy":"product_cat","embeddable":true,"href":"https:\/\/www.sanwa.co.th\/vi\/wp-json\/wp\/v2\/product_cat?post=3688"},{"taxonomy":"product_tag","embeddable":true,"href":"https:\/\/www.sanwa.co.th\/vi\/wp-json\/wp\/v2\/product_tag?post=3688"}],"curies":[{"name":"wp","href":"https:\/\/api.w.org\/{rel}","templated":true}]}}