{"id":3683,"date":"2021-09-18T18:21:58","date_gmt":"2021-09-18T11:21:58","guid":{"rendered":"https:\/\/www.sanwa.co.th\/product\/%e0%b8%9b%e0%b8%a3%e0%b8%b0%e0%b8%95%e0%b8%b9%e0%b8%99%e0%b9%89%e0%b8%b3-%e0%b9%81%e0%b8%a3%e0%b8%a1%e0%b9%82%e0%b8%9a%e0%b9%89\/"},"modified":"2026-04-17T16:04:23","modified_gmt":"2026-04-17T09:04:23","slug":"%e0%b8%9b%e0%b8%a3%e0%b8%b0%e0%b8%95%e0%b8%b9%e0%b8%99%e0%b9%89%e0%b8%b3-%e0%b9%81%e0%b8%a3%e0%b8%a1%e0%b9%82%e0%b8%9a%e0%b9%89","status":"publish","type":"product","link":"https:\/\/www.sanwa.co.th\/vi\/product\/%e0%b8%9b%e0%b8%a3%e0%b8%b0%e0%b8%95%e0%b8%b9%e0%b8%99%e0%b9%89%e0%b8%b3-%e0%b9%81%e0%b8%a3%e0%b8%a1%e0%b9%82%e0%b8%9a%e0%b9%89\/","title":{"rendered":"Van c\u1eeda RAMBO"},"content":{"rendered":"<p>: L\u00e0m b\u1eb1ng \u0111\u1ed3ng thau ch\u1ea5t l\u01b0\u1ee3ng cao<br \/>\n: Ph\u00f9 h\u1ee3p l\u1eafp \u0111\u1eb7t \u1edf kh\u00f4ng gian ch\u1ebf h\u1ea1n \u00edt khi \u0111\u00f3ng m\u1edf , l\u1eafp \u0111\u1eb7t v\u1edbi \u0111\u1ed3ng h\u1ed3 n\u01b0\u1edbc v\u00e0 m\u00e1y b\u01a1m n\u01b0\u1edbc<br \/>\n: Kh\u00f4ng c\u00f3 l\u1ed7 nh\u1ecf, kh\u00f4ng r\u00f2 r\u1ec9 su\u1ea5t \u0111\u1eddi<\/p>\n<p><span style=\"color: #0000ff;\"><a style=\"color: #0000ff;\" href=\"https:\/\/www.sanwa.co.th\/wp-content\/uploads\/2021\/08\/RAMBO-Gate-Valve.pdf\" target=\"_blank\" rel=\"noopener\">\u2b07 Catalogues Download\u00a0<\/a>\u00a0\u00a0\u00a0\u00a0\u00a0\u00a0\u00a0 <a style=\"color: #0000ff;\" href=\"https:\/\/www.sanwa.co.th\/wp-content\/uploads\/2021\/08\/INSTALLATION-GATE-VALVE.pdf\" target=\"_blank\" rel=\"noopener\">\u2b07 Manual Download<\/a><\/span><\/p>\n","protected":false},"excerpt":{"rendered":"<p>: L\u00e0m b\u1eb1ng \u0111\u1ed3ng thau ch\u1ea5t l\u01b0\u1ee3ng cao : Ph\u00f9 h\u1ee3p l\u1eafp \u0111\u1eb7t \u1edf kh\u00f4ng gian ch\u1ebf h\u1ea1n \u00edt khi \u0111\u00f3ng m\u1edf , l\u1eafp \u0111\u1eb7t v\u1edbi \u0111\u1ed3ng h\u1ed3 n\u01b0\u1edbc v\u00e0 m\u00e1y b\u01a1m n\u01b0\u1edbc : Kh\u00f4ng c\u00f3 l\u1ed7 nh\u1ecf, kh\u00f4ng r\u00f2 r\u1ec9 su\u1ea5t \u0111\u1eddi \u2b07 Catalogues Download\u00a0\u00a0\u00a0\u00a0\u00a0\u00a0\u00a0\u00a0 \u2b07 Manual Download<\/p>\n","protected":false},"featured_media":3685,"template":"","meta":[],"product_cat":[398],"product_tag":[276,60,18,86,84,68,66],"class_list":["post-3683","product","type-product","status-publish","has-post-thumbnail","hentry","product_brand-rambo-vi","product_job_type-project-hotel-vi","product_job_type-normal-vi","product_job_type-building-apartment-condominium-vi","product_cat-gate-valve-vi","product_tag-rambo","product_tag-sanwa","product_tag-18","product_tag-86","product_tag-84","product_tag-68","product_tag-66"],"acf":[],"yoast_head":"<!-- This site is optimized with the Yoast SEO plugin v26.9 - https:\/\/yoast.com\/product\/yoast-seo-wordpress\/ -->\n<title>Van c\u1eeda RAMBO | SANWA<\/title>\n<meta name=\"description\" content=\"Van c\u1eeda RAMBO SANWA |\" \/>\n<meta name=\"robots\" content=\"index, follow, max-snippet:-1, max-image-preview:large, max-video-preview:-1\" \/>\n<link rel=\"canonical\" href=\"https:\/\/www.sanwa.co.th\/vi\/product\/\u0e1b\u0e23\u0e30\u0e15\u0e39\u0e19\u0e49\u0e33-\u0e41\u0e23\u0e21\u0e42\u0e1a\u0e49\/\" \/>\n<meta property=\"og:locale\" content=\"vi_VN\" \/>\n<meta property=\"og:type\" content=\"article\" \/>\n<meta property=\"og:title\" content=\"Van c\u1eeda RAMBO | SANWA\" \/>\n<meta property=\"og:description\" content=\"Van c\u1eeda RAMBO SANWA |\" \/>\n<meta property=\"og:url\" content=\"https:\/\/www.sanwa.co.th\/vi\/product\/\u0e1b\u0e23\u0e30\u0e15\u0e39\u0e19\u0e49\u0e33-\u0e41\u0e23\u0e21\u0e42\u0e1a\u0e49\/\" \/>\n<meta property=\"og:site_name\" content=\"SANWA\" \/>\n<meta property=\"article:publisher\" content=\"https:\/\/www.facebook.com\/SanwaThailand\" \/>\n<meta property=\"article:modified_time\" content=\"2026-04-17T09:04:23+00:00\" \/>\n<meta property=\"og:image\" content=\"https:\/\/www.sanwa.co.th\/wp-content\/uploads\/2021\/08\/RAMBO-Gate-Valve2.png\" \/>\n\t<meta property=\"og:image:width\" content=\"760\" \/>\n\t<meta property=\"og:image:height\" content=\"760\" \/>\n\t<meta property=\"og:image:type\" content=\"image\/png\" \/>\n<meta name=\"twitter:card\" content=\"summary_large_image\" \/>\n<meta name=\"twitter:label1\" content=\"Est. reading time\" \/>\n\t<meta name=\"twitter:data1\" content=\"1 minute\" \/>\n<!-- \/ Yoast SEO plugin. -->","yoast_head_json":{"title":"Van c\u1eeda RAMBO | SANWA","description":"Van c\u1eeda RAMBO SANWA |","robots":{"index":"index","follow":"follow","max-snippet":"max-snippet:-1","max-image-preview":"max-image-preview:large","max-video-preview":"max-video-preview:-1"},"canonical":"https:\/\/www.sanwa.co.th\/vi\/product\/\u0e1b\u0e23\u0e30\u0e15\u0e39\u0e19\u0e49\u0e33-\u0e41\u0e23\u0e21\u0e42\u0e1a\u0e49\/","og_locale":"vi_VN","og_type":"article","og_title":"Van c\u1eeda RAMBO | SANWA","og_description":"Van c\u1eeda RAMBO SANWA |","og_url":"https:\/\/www.sanwa.co.th\/vi\/product\/\u0e1b\u0e23\u0e30\u0e15\u0e39\u0e19\u0e49\u0e33-\u0e41\u0e23\u0e21\u0e42\u0e1a\u0e49\/","og_site_name":"SANWA","article_publisher":"https:\/\/www.facebook.com\/SanwaThailand","article_modified_time":"2026-04-17T09:04:23+00:00","og_image":[{"width":760,"height":760,"url":"https:\/\/www.sanwa.co.th\/wp-content\/uploads\/2021\/08\/RAMBO-Gate-Valve2.png","type":"image\/png"}],"twitter_card":"summary_large_image","twitter_misc":{"Est. reading time":"1 minute"},"schema":{"@context":"https:\/\/schema.org","@graph":[{"@type":"WebPage","@id":"https:\/\/www.sanwa.co.th\/vi\/product\/%e0%b8%9b%e0%b8%a3%e0%b8%b0%e0%b8%95%e0%b8%b9%e0%b8%99%e0%b9%89%e0%b8%b3-%e0%b9%81%e0%b8%a3%e0%b8%a1%e0%b9%82%e0%b8%9a%e0%b9%89\/","url":"https:\/\/www.sanwa.co.th\/vi\/product\/%e0%b8%9b%e0%b8%a3%e0%b8%b0%e0%b8%95%e0%b8%b9%e0%b8%99%e0%b9%89%e0%b8%b3-%e0%b9%81%e0%b8%a3%e0%b8%a1%e0%b9%82%e0%b8%9a%e0%b9%89\/","name":"Van c\u1eeda RAMBO | SANWA","isPartOf":{"@id":"https:\/\/www.sanwa.co.th\/#website"},"primaryImageOfPage":{"@id":"https:\/\/www.sanwa.co.th\/vi\/product\/%e0%b8%9b%e0%b8%a3%e0%b8%b0%e0%b8%95%e0%b8%b9%e0%b8%99%e0%b9%89%e0%b8%b3-%e0%b9%81%e0%b8%a3%e0%b8%a1%e0%b9%82%e0%b8%9a%e0%b9%89\/#primaryimage"},"image":{"@id":"https:\/\/www.sanwa.co.th\/vi\/product\/%e0%b8%9b%e0%b8%a3%e0%b8%b0%e0%b8%95%e0%b8%b9%e0%b8%99%e0%b9%89%e0%b8%b3-%e0%b9%81%e0%b8%a3%e0%b8%a1%e0%b9%82%e0%b8%9a%e0%b9%89\/#primaryimage"},"thumbnailUrl":"https:\/\/www.sanwa.co.th\/wp-content\/uploads\/2021\/08\/RAMBO-Gate-Valve2.png","datePublished":"2021-09-18T11:21:58+00:00","dateModified":"2026-04-17T09:04:23+00:00","description":"Van c\u1eeda RAMBO SANWA |","breadcrumb":{"@id":"https:\/\/www.sanwa.co.th\/vi\/product\/%e0%b8%9b%e0%b8%a3%e0%b8%b0%e0%b8%95%e0%b8%b9%e0%b8%99%e0%b9%89%e0%b8%b3-%e0%b9%81%e0%b8%a3%e0%b8%a1%e0%b9%82%e0%b8%9a%e0%b9%89\/#breadcrumb"},"inLanguage":"vi-VN","potentialAction":[{"@type":"ReadAction","target":["https:\/\/www.sanwa.co.th\/vi\/product\/%e0%b8%9b%e0%b8%a3%e0%b8%b0%e0%b8%95%e0%b8%b9%e0%b8%99%e0%b9%89%e0%b8%b3-%e0%b9%81%e0%b8%a3%e0%b8%a1%e0%b9%82%e0%b8%9a%e0%b9%89\/"]}]},{"@type":"ImageObject","inLanguage":"vi-VN","@id":"https:\/\/www.sanwa.co.th\/vi\/product\/%e0%b8%9b%e0%b8%a3%e0%b8%b0%e0%b8%95%e0%b8%b9%e0%b8%99%e0%b9%89%e0%b8%b3-%e0%b9%81%e0%b8%a3%e0%b8%a1%e0%b9%82%e0%b8%9a%e0%b9%89\/#primaryimage","url":"https:\/\/www.sanwa.co.th\/wp-content\/uploads\/2021\/08\/RAMBO-Gate-Valve2.png","contentUrl":"https:\/\/www.sanwa.co.th\/wp-content\/uploads\/2021\/08\/RAMBO-Gate-Valve2.png","width":760,"height":760,"caption":"\u0e1b\u0e23\u0e30\u0e15\u0e39\u0e19\u0e49\u0e33 RAMBO"},{"@type":"BreadcrumbList","@id":"https:\/\/www.sanwa.co.th\/vi\/product\/%e0%b8%9b%e0%b8%a3%e0%b8%b0%e0%b8%95%e0%b8%b9%e0%b8%99%e0%b9%89%e0%b8%b3-%e0%b9%81%e0%b8%a3%e0%b8%a1%e0%b9%82%e0%b8%9a%e0%b9%89\/#breadcrumb","itemListElement":[{"@type":"ListItem","position":1,"name":"\u0e2a\u0e34\u0e19\u0e04\u0e49\u0e32","item":"https:\/\/www.sanwa.co.th\/shop\/"},{"@type":"ListItem","position":2,"name":"Van c\u1eeda RAMBO"}]},{"@type":"WebSite","@id":"https:\/\/www.sanwa.co.th\/#website","url":"https:\/\/www.sanwa.co.th\/","name":"SANWA","description":"SANWA is a manufacturer and distributor of high-quality brass plumbing fixtures that are durable, rust-resistant, and leak-proof.","publisher":{"@id":"https:\/\/www.sanwa.co.th\/#organization"},"potentialAction":[{"@type":"SearchAction","target":{"@type":"EntryPoint","urlTemplate":"https:\/\/www.sanwa.co.th\/?s={search_term_string}"},"query-input":{"@type":"PropertyValueSpecification","valueRequired":true,"valueName":"search_term_string"}}],"inLanguage":"vi-VN"},{"@type":"Organization","@id":"https:\/\/www.sanwa.co.th\/#organization","name":"SANWA","url":"https:\/\/www.sanwa.co.th\/","logo":{"@type":"ImageObject","inLanguage":"vi-VN","@id":"https:\/\/www.sanwa.co.th\/#\/schema\/logo\/image\/","url":"https:\/\/www.sanwa.co.th\/wp-content\/uploads\/2021\/09\/LOGO_SANWA.jpeg","contentUrl":"https:\/\/www.sanwa.co.th\/wp-content\/uploads\/2021\/09\/LOGO_SANWA.jpeg","width":1616,"height":348,"caption":"SANWA"},"image":{"@id":"https:\/\/www.sanwa.co.th\/#\/schema\/logo\/image\/"},"sameAs":["https:\/\/www.facebook.com\/SanwaThailand","https:\/\/youtube.com\/channel\/UC0e8b8N8ucQQGPSTmPWYLkQ","https:\/\/www.instagram.com\/sanwathailand\/","https:\/\/www.tiktok.com\/@sanwathailand"]}]}},"_links":{"self":[{"href":"https:\/\/www.sanwa.co.th\/vi\/wp-json\/wp\/v2\/product\/3683","targetHints":{"allow":["GET"]}}],"collection":[{"href":"https:\/\/www.sanwa.co.th\/vi\/wp-json\/wp\/v2\/product"}],"about":[{"href":"https:\/\/www.sanwa.co.th\/vi\/wp-json\/wp\/v2\/types\/product"}],"wp:featuredmedia":[{"embeddable":true,"href":"https:\/\/www.sanwa.co.th\/vi\/wp-json\/wp\/v2\/media\/3685"}],"wp:attachment":[{"href":"https:\/\/www.sanwa.co.th\/vi\/wp-json\/wp\/v2\/media?parent=3683"}],"wp:term":[{"taxonomy":"product_cat","embeddable":true,"href":"https:\/\/www.sanwa.co.th\/vi\/wp-json\/wp\/v2\/product_cat?post=3683"},{"taxonomy":"product_tag","embeddable":true,"href":"https:\/\/www.sanwa.co.th\/vi\/wp-json\/wp\/v2\/product_tag?post=3683"}],"curies":[{"name":"wp","href":"https:\/\/api.w.org\/{rel}","templated":true}]}}