{"id":3659,"date":"2021-09-19T18:22:47","date_gmt":"2021-09-19T11:22:47","guid":{"rendered":"https:\/\/www.sanwa.co.th\/product\/%e0%b9%80%e0%b8%8a%e0%b9%87%e0%b8%84%e0%b8%a7%e0%b8%b2%e0%b8%a5%e0%b9%8c%e0%b8%a7-dzr-%e0%b8%8b%e0%b8%b1%e0%b8%99%e0%b8%a7%e0%b8%b2\/"},"modified":"2022-06-09T11:50:00","modified_gmt":"2022-06-09T04:50:00","slug":"%e0%b9%80%e0%b8%8a%e0%b9%87%e0%b8%84%e0%b8%a7%e0%b8%b2%e0%b8%a5%e0%b9%8c%e0%b8%a7-dzr-%e0%b8%8b%e0%b8%b1%e0%b8%99%e0%b8%a7%e0%b8%b2","status":"publish","type":"product","link":"https:\/\/www.sanwa.co.th\/vi\/product\/%e0%b9%80%e0%b8%8a%e0%b9%87%e0%b8%84%e0%b8%a7%e0%b8%b2%e0%b8%a5%e0%b9%8c%e0%b8%a7-dzr-%e0%b8%8b%e0%b8%b1%e0%b8%99%e0%b8%a7%e0%b8%b2\/","title":{"rendered":"Van m\u1ed9t chi\u1ec1u l\u00e1 l\u1eadt \u0111\u1ed3ng DZR SANWA"},"content":{"rendered":"<p>: L\u00e0m b\u1eb1ng \u0111\u1ed3ng DZR ch\u1ea5t l\u01b0\u1ee3ng cao (Dezincification Resistance)<br \/>\n:C\u00f3 kh\u1ea3 n\u0103ng ch\u1ed1ng \u0103n m\u00f2n h\u00f3a h\u1ecdc h\u01a1n \u0111\u1ed3ng thau \u0111i\u1ec3n h\u00ecnh g\u1ea5p 10 l\u1ea7n<br \/>\n: D\u1ee5ng c\u00f4ng ngh\u1ec7 cao s\u1ea3n xu\u1ea5t \u0111\u1ec3 t\u1ea1o ra v\u1ebb ngo\u00e0i m\u1ecbn h\u01a1n, kh\u00f4ng c\u00f3 l\u1ed7 nh\u1ecf , kh\u00f4ng b\u1ecb r\u00f2 r\u1ec9<br \/>\n: Van c\u00f3 ch\u1ee9c n\u0103ng \u0111i\u1ec1u khi\u1ec3n d\u00f2ng n\u01b0\u1edbc ch\u1ea3y theo m\u1ed9t chi\u1ec1u<br \/>\n: C\u1ed5ng s\u1ebd t\u1ef1 \u0111\u1ed9ng \u0111\u00f3ng n\u1ebfu c\u00f3 d\u00f2ng n\u01b0\u1edbc ch\u1ea3y ng\u01b0\u1ee3c trong \u0111\u01b0\u1eddng \u1ed1ng<\/p>\n","protected":false},"excerpt":{"rendered":"<p>: L\u00e0m b\u1eb1ng \u0111\u1ed3ng DZR ch\u1ea5t l\u01b0\u1ee3ng cao (Dezincification Resistance) :C\u00f3 kh\u1ea3 n\u0103ng ch\u1ed1ng \u0103n m\u00f2n h\u00f3a h\u1ecdc h\u01a1n \u0111\u1ed3ng thau \u0111i\u1ec3n h\u00ecnh g\u1ea5p 10 l\u1ea7n : D\u1ee5ng c\u00f4ng ngh\u1ec7 cao s\u1ea3n xu\u1ea5t \u0111\u1ec3 t\u1ea1o ra v\u1ebb ngo\u00e0i m\u1ecbn h\u01a1n, kh\u00f4ng c\u00f3 l\u1ed7 nh\u1ecf , kh\u00f4ng b\u1ecb r\u00f2 r\u1ec9 : Van c\u00f3 ch\u1ee9c n\u0103ng \u0111i\u1ec1u [&hellip;]<\/p>\n","protected":false},"featured_media":3660,"template":"","meta":[],"product_cat":[395],"product_tag":[69,60,18,84,83],"class_list":["post-3659","product","type-product","status-publish","has-post-thumbnail","hentry","product_brand-sanwa-vi","product_job_type-project-hotel-vi","product_job_type-normal-vi","product_job_type-building-apartment-condominium-vi","product_cat-check-valve-vi","product_tag-dzr","product_tag-sanwa","product_tag-18","product_tag-84","product_tag-83"],"acf":[],"yoast_head":"<!-- This site is optimized with the Yoast SEO plugin v26.9 - https:\/\/yoast.com\/product\/yoast-seo-wordpress\/ -->\n<title>Van m\u1ed9t chi\u1ec1u l\u00e1 l\u1eadt \u0111\u1ed3ng DZR SANWA | SANWA<\/title>\n<meta name=\"description\" content=\"Van m\u1ed9t chi\u1ec1u l\u00e1 l\u1eadt \u0111\u1ed3ng DZR SANWA SANWA |\" \/>\n<meta name=\"robots\" content=\"index, follow, max-snippet:-1, max-image-preview:large, max-video-preview:-1\" \/>\n<link rel=\"canonical\" href=\"https:\/\/www.sanwa.co.th\/vi\/product\/\u0e40\u0e0a\u0e47\u0e04\u0e27\u0e32\u0e25\u0e4c\u0e27-dzr-\u0e0b\u0e31\u0e19\u0e27\u0e32\/\" \/>\n<meta property=\"og:locale\" content=\"vi_VN\" \/>\n<meta property=\"og:type\" content=\"article\" \/>\n<meta property=\"og:title\" content=\"Van m\u1ed9t chi\u1ec1u l\u00e1 l\u1eadt \u0111\u1ed3ng DZR SANWA | SANWA\" \/>\n<meta property=\"og:description\" content=\"Van m\u1ed9t chi\u1ec1u l\u00e1 l\u1eadt \u0111\u1ed3ng DZR SANWA SANWA |\" \/>\n<meta property=\"og:url\" content=\"https:\/\/www.sanwa.co.th\/vi\/product\/\u0e40\u0e0a\u0e47\u0e04\u0e27\u0e32\u0e25\u0e4c\u0e27-dzr-\u0e0b\u0e31\u0e19\u0e27\u0e32\/\" \/>\n<meta property=\"og:site_name\" content=\"SANWA\" \/>\n<meta property=\"article:publisher\" content=\"https:\/\/www.facebook.com\/SanwaThailand\" \/>\n<meta property=\"article:modified_time\" content=\"2022-06-09T04:50:00+00:00\" \/>\n<meta property=\"og:image\" content=\"https:\/\/www.sanwa.co.th\/wp-content\/uploads\/2021\/08\/SANWA-Check-Valve-DZR1.png\" \/>\n\t<meta property=\"og:image:width\" content=\"760\" \/>\n\t<meta property=\"og:image:height\" content=\"760\" \/>\n\t<meta property=\"og:image:type\" content=\"image\/png\" \/>\n<meta name=\"twitter:card\" content=\"summary_large_image\" \/>\n<meta name=\"twitter:label1\" content=\"Est. reading time\" \/>\n\t<meta name=\"twitter:data1\" content=\"1 minute\" \/>\n<!-- \/ Yoast SEO plugin. -->","yoast_head_json":{"title":"Van m\u1ed9t chi\u1ec1u l\u00e1 l\u1eadt \u0111\u1ed3ng DZR SANWA | SANWA","description":"Van m\u1ed9t chi\u1ec1u l\u00e1 l\u1eadt \u0111\u1ed3ng DZR SANWA SANWA |","robots":{"index":"index","follow":"follow","max-snippet":"max-snippet:-1","max-image-preview":"max-image-preview:large","max-video-preview":"max-video-preview:-1"},"canonical":"https:\/\/www.sanwa.co.th\/vi\/product\/\u0e40\u0e0a\u0e47\u0e04\u0e27\u0e32\u0e25\u0e4c\u0e27-dzr-\u0e0b\u0e31\u0e19\u0e27\u0e32\/","og_locale":"vi_VN","og_type":"article","og_title":"Van m\u1ed9t chi\u1ec1u l\u00e1 l\u1eadt \u0111\u1ed3ng DZR SANWA | SANWA","og_description":"Van m\u1ed9t chi\u1ec1u l\u00e1 l\u1eadt \u0111\u1ed3ng DZR SANWA SANWA |","og_url":"https:\/\/www.sanwa.co.th\/vi\/product\/\u0e40\u0e0a\u0e47\u0e04\u0e27\u0e32\u0e25\u0e4c\u0e27-dzr-\u0e0b\u0e31\u0e19\u0e27\u0e32\/","og_site_name":"SANWA","article_publisher":"https:\/\/www.facebook.com\/SanwaThailand","article_modified_time":"2022-06-09T04:50:00+00:00","og_image":[{"width":760,"height":760,"url":"https:\/\/www.sanwa.co.th\/wp-content\/uploads\/2021\/08\/SANWA-Check-Valve-DZR1.png","type":"image\/png"}],"twitter_card":"summary_large_image","twitter_misc":{"Est. reading time":"1 minute"},"schema":{"@context":"https:\/\/schema.org","@graph":[{"@type":"WebPage","@id":"https:\/\/www.sanwa.co.th\/vi\/product\/%e0%b9%80%e0%b8%8a%e0%b9%87%e0%b8%84%e0%b8%a7%e0%b8%b2%e0%b8%a5%e0%b9%8c%e0%b8%a7-dzr-%e0%b8%8b%e0%b8%b1%e0%b8%99%e0%b8%a7%e0%b8%b2\/","url":"https:\/\/www.sanwa.co.th\/vi\/product\/%e0%b9%80%e0%b8%8a%e0%b9%87%e0%b8%84%e0%b8%a7%e0%b8%b2%e0%b8%a5%e0%b9%8c%e0%b8%a7-dzr-%e0%b8%8b%e0%b8%b1%e0%b8%99%e0%b8%a7%e0%b8%b2\/","name":"Van m\u1ed9t chi\u1ec1u l\u00e1 l\u1eadt \u0111\u1ed3ng DZR SANWA | SANWA","isPartOf":{"@id":"https:\/\/www.sanwa.co.th\/#website"},"primaryImageOfPage":{"@id":"https:\/\/www.sanwa.co.th\/vi\/product\/%e0%b9%80%e0%b8%8a%e0%b9%87%e0%b8%84%e0%b8%a7%e0%b8%b2%e0%b8%a5%e0%b9%8c%e0%b8%a7-dzr-%e0%b8%8b%e0%b8%b1%e0%b8%99%e0%b8%a7%e0%b8%b2\/#primaryimage"},"image":{"@id":"https:\/\/www.sanwa.co.th\/vi\/product\/%e0%b9%80%e0%b8%8a%e0%b9%87%e0%b8%84%e0%b8%a7%e0%b8%b2%e0%b8%a5%e0%b9%8c%e0%b8%a7-dzr-%e0%b8%8b%e0%b8%b1%e0%b8%99%e0%b8%a7%e0%b8%b2\/#primaryimage"},"thumbnailUrl":"https:\/\/www.sanwa.co.th\/wp-content\/uploads\/2021\/08\/SANWA-Check-Valve-DZR1.png","datePublished":"2021-09-19T11:22:47+00:00","dateModified":"2022-06-09T04:50:00+00:00","description":"Van m\u1ed9t chi\u1ec1u l\u00e1 l\u1eadt \u0111\u1ed3ng DZR SANWA SANWA |","breadcrumb":{"@id":"https:\/\/www.sanwa.co.th\/vi\/product\/%e0%b9%80%e0%b8%8a%e0%b9%87%e0%b8%84%e0%b8%a7%e0%b8%b2%e0%b8%a5%e0%b9%8c%e0%b8%a7-dzr-%e0%b8%8b%e0%b8%b1%e0%b8%99%e0%b8%a7%e0%b8%b2\/#breadcrumb"},"inLanguage":"vi-VN","potentialAction":[{"@type":"ReadAction","target":["https:\/\/www.sanwa.co.th\/vi\/product\/%e0%b9%80%e0%b8%8a%e0%b9%87%e0%b8%84%e0%b8%a7%e0%b8%b2%e0%b8%a5%e0%b9%8c%e0%b8%a7-dzr-%e0%b8%8b%e0%b8%b1%e0%b8%99%e0%b8%a7%e0%b8%b2\/"]}]},{"@type":"ImageObject","inLanguage":"vi-VN","@id":"https:\/\/www.sanwa.co.th\/vi\/product\/%e0%b9%80%e0%b8%8a%e0%b9%87%e0%b8%84%e0%b8%a7%e0%b8%b2%e0%b8%a5%e0%b9%8c%e0%b8%a7-dzr-%e0%b8%8b%e0%b8%b1%e0%b8%99%e0%b8%a7%e0%b8%b2\/#primaryimage","url":"https:\/\/www.sanwa.co.th\/wp-content\/uploads\/2021\/08\/SANWA-Check-Valve-DZR1.png","contentUrl":"https:\/\/www.sanwa.co.th\/wp-content\/uploads\/2021\/08\/SANWA-Check-Valve-DZR1.png","width":760,"height":760,"caption":"\u0e2a\u0e27\u0e34\u0e07\u0e40\u0e0a\u0e47\u0e04\u0e27\u0e32\u0e25\u0e4c\u0e27 SANWA"},{"@type":"BreadcrumbList","@id":"https:\/\/www.sanwa.co.th\/vi\/product\/%e0%b9%80%e0%b8%8a%e0%b9%87%e0%b8%84%e0%b8%a7%e0%b8%b2%e0%b8%a5%e0%b9%8c%e0%b8%a7-dzr-%e0%b8%8b%e0%b8%b1%e0%b8%99%e0%b8%a7%e0%b8%b2\/#breadcrumb","itemListElement":[{"@type":"ListItem","position":1,"name":"\u0e2a\u0e34\u0e19\u0e04\u0e49\u0e32","item":"https:\/\/www.sanwa.co.th\/shop\/"},{"@type":"ListItem","position":2,"name":"Van m\u1ed9t chi\u1ec1u l\u00e1 l\u1eadt \u0111\u1ed3ng DZR SANWA"}]},{"@type":"WebSite","@id":"https:\/\/www.sanwa.co.th\/#website","url":"https:\/\/www.sanwa.co.th\/","name":"SANWA","description":"SANWA is a manufacturer and distributor of high-quality brass plumbing fixtures that are durable, rust-resistant, and leak-proof.","publisher":{"@id":"https:\/\/www.sanwa.co.th\/#organization"},"potentialAction":[{"@type":"SearchAction","target":{"@type":"EntryPoint","urlTemplate":"https:\/\/www.sanwa.co.th\/?s={search_term_string}"},"query-input":{"@type":"PropertyValueSpecification","valueRequired":true,"valueName":"search_term_string"}}],"inLanguage":"vi-VN"},{"@type":"Organization","@id":"https:\/\/www.sanwa.co.th\/#organization","name":"SANWA","url":"https:\/\/www.sanwa.co.th\/","logo":{"@type":"ImageObject","inLanguage":"vi-VN","@id":"https:\/\/www.sanwa.co.th\/#\/schema\/logo\/image\/","url":"https:\/\/www.sanwa.co.th\/wp-content\/uploads\/2021\/09\/LOGO_SANWA.jpeg","contentUrl":"https:\/\/www.sanwa.co.th\/wp-content\/uploads\/2021\/09\/LOGO_SANWA.jpeg","width":1616,"height":348,"caption":"SANWA"},"image":{"@id":"https:\/\/www.sanwa.co.th\/#\/schema\/logo\/image\/"},"sameAs":["https:\/\/www.facebook.com\/SanwaThailand","https:\/\/youtube.com\/channel\/UC0e8b8N8ucQQGPSTmPWYLkQ","https:\/\/www.instagram.com\/sanwathailand\/","https:\/\/www.tiktok.com\/@sanwathailand"]}]}},"_links":{"self":[{"href":"https:\/\/www.sanwa.co.th\/vi\/wp-json\/wp\/v2\/product\/3659","targetHints":{"allow":["GET"]}}],"collection":[{"href":"https:\/\/www.sanwa.co.th\/vi\/wp-json\/wp\/v2\/product"}],"about":[{"href":"https:\/\/www.sanwa.co.th\/vi\/wp-json\/wp\/v2\/types\/product"}],"wp:featuredmedia":[{"embeddable":true,"href":"https:\/\/www.sanwa.co.th\/vi\/wp-json\/wp\/v2\/media\/3660"}],"wp:attachment":[{"href":"https:\/\/www.sanwa.co.th\/vi\/wp-json\/wp\/v2\/media?parent=3659"}],"wp:term":[{"taxonomy":"product_cat","embeddable":true,"href":"https:\/\/www.sanwa.co.th\/vi\/wp-json\/wp\/v2\/product_cat?post=3659"},{"taxonomy":"product_tag","embeddable":true,"href":"https:\/\/www.sanwa.co.th\/vi\/wp-json\/wp\/v2\/product_tag?post=3659"}],"curies":[{"name":"wp","href":"https:\/\/api.w.org\/{rel}","templated":true}]}}