{"id":3656,"date":"2021-09-20T17:50:30","date_gmt":"2021-09-20T10:50:30","guid":{"rendered":"https:\/\/www.sanwa.co.th\/product\/%e0%b8%a1%e0%b8%b4%e0%b8%99%e0%b8%b4%e0%b8%9a%e0%b8%ad%e0%b8%a5%e0%b8%a7%e0%b8%b2%e0%b8%a5%e0%b9%8c%e0%b8%a7-3-%e0%b8%97%e0%b8%b2%e0%b8%87-%e0%b8%8b%e0%b8%b1%e0%b8%99%e0%b8%a7%e0%b8%b2-%e0%b8%9c-2\/"},"modified":"2022-06-09T11:49:47","modified_gmt":"2022-06-09T04:49:47","slug":"%e0%b8%a1%e0%b8%b4%e0%b8%99%e0%b8%b4%e0%b8%9a%e0%b8%ad%e0%b8%a5%e0%b8%a7%e0%b8%b2%e0%b8%a5%e0%b9%8c%e0%b8%a7-3-%e0%b8%97%e0%b8%b2%e0%b8%87-%e0%b8%8b%e0%b8%b1%e0%b8%99%e0%b8%a7%e0%b8%b2-%e0%b8%9c-2","status":"publish","type":"product","link":"https:\/\/www.sanwa.co.th\/vi\/product\/%e0%b8%a1%e0%b8%b4%e0%b8%99%e0%b8%b4%e0%b8%9a%e0%b8%ad%e0%b8%a5%e0%b8%a7%e0%b8%b2%e0%b8%a5%e0%b9%8c%e0%b8%a7-3-%e0%b8%97%e0%b8%b2%e0%b8%87-%e0%b8%8b%e0%b8%b1%e0%b8%99%e0%b8%a7%e0%b8%b2-%e0%b8%9c-2\/","title":{"rendered":"Van bi 3 \u0111\u01b0\u1eddng n\u01b0\u1edbc 1\/2&#8243; MMM"},"content":{"rendered":"<p>: L\u1eafp \u0111\u1eb7t v\u1edbi b\u1ed3n c\u1ea7u, v\u00f2i sen ho\u1eb7c v\u00f2i x\u1ecbt<br \/>\n: Th\u00edch h\u1ee3p s\u1eed d\u1ee5ng v\u1edbi nhi\u1ec1u lo\u1ea1i kh\u1edbp n\u1ed1i \u1ed1ng<br \/>\n: Thi\u1ebft k\u1ebf tay van m\u1edbi, d\u1ec5 d\u00e0ng \u0111\u00f3ng m\u1edf<br \/>\n: Ch\u1ed1ng r\u00f2 r\u1ec9 k\u00e9p v\u1edbi 2 v\u00f2ng cao su<br \/>\n: Ren d\u00e0i c\u00f3 th\u1ec3 l\u1eafp \u0111\u1eb7t ngay c\u1ea3 trong kh\u00f4ng gian h\u1eb9p<br \/>\n: Van bi nh\u1ecf 2 \u0111\u01b0\u1eddng v\u1edbi 3 lo\u1ea1i ren; MM., MF. v\u00e0 FF.<br \/>\n: Th\u00e2n van \u0111\u01b0\u1ee3c l\u00e0m b\u1eb1ng \u0111\u1ed3ng ch\u1ea5t l\u01b0\u1ee3ng cao v\u1edbi l\u1edbp m\u1ea1 chome v\u00e0 niken \u0111\u1ec3 t\u0103ng c\u01b0\u1eddng kh\u1ea3 n\u0103ng ch\u1ed1ng \u0103n m\u00f2n<\/p>\n","protected":false},"excerpt":{"rendered":"<p>: L\u1eafp \u0111\u1eb7t v\u1edbi b\u1ed3n c\u1ea7u, v\u00f2i sen ho\u1eb7c v\u00f2i x\u1ecbt : Th\u00edch h\u1ee3p s\u1eed d\u1ee5ng v\u1edbi nhi\u1ec1u lo\u1ea1i kh\u1edbp n\u1ed1i \u1ed1ng : Thi\u1ebft k\u1ebf tay van m\u1edbi, d\u1ec5 d\u00e0ng \u0111\u00f3ng m\u1edf : Ch\u1ed1ng r\u00f2 r\u1ec9 k\u00e9p v\u1edbi 2 v\u00f2ng cao su : Ren d\u00e0i c\u00f3 th\u1ec3 l\u1eafp \u0111\u1eb7t ngay c\u1ea3 trong kh\u00f4ng gian h\u1eb9p [&hellip;]<\/p>\n","protected":false},"featured_media":3657,"template":"","meta":[],"product_cat":[396],"product_tag":[60,18,67,72,68,94],"class_list":["post-3656","product","type-product","status-publish","has-post-thumbnail","hentry","product_brand-sanwa-vi","product_job_type-sanitary-ware-bathroom-vi","product_job_type-normal-vi","product_cat-mini-ball-valve-vi","product_tag-sanwa","product_tag-18","product_tag-67","product_tag-72","product_tag-68","product_tag-94"],"acf":[],"yoast_head":"<!-- This site is optimized with the Yoast SEO plugin v26.9 - https:\/\/yoast.com\/product\/yoast-seo-wordpress\/ -->\n<title>Van bi 3 \u0111\u01b0\u1eddng n\u01b0\u1edbc 1\/2&quot; MMM | SANWA<\/title>\n<meta name=\"description\" content=\"Van bi 3 \u0111\u01b0\u1eddng n\u01b0\u1edbc 1\/2&quot; MMM SANWA |\" \/>\n<meta name=\"robots\" content=\"index, follow, max-snippet:-1, max-image-preview:large, max-video-preview:-1\" \/>\n<link rel=\"canonical\" href=\"https:\/\/www.sanwa.co.th\/vi\/product\/\u0e21\u0e34\u0e19\u0e34\u0e1a\u0e2d\u0e25\u0e27\u0e32\u0e25\u0e4c\u0e27-3-\u0e17\u0e32\u0e07-\u0e0b\u0e31\u0e19\u0e27\u0e32-\u0e1c-2\/\" \/>\n<meta property=\"og:locale\" content=\"vi_VN\" \/>\n<meta property=\"og:type\" content=\"article\" \/>\n<meta property=\"og:title\" content=\"Van bi 3 \u0111\u01b0\u1eddng n\u01b0\u1edbc 1\/2&quot; MMM | SANWA\" \/>\n<meta property=\"og:description\" content=\"Van bi 3 \u0111\u01b0\u1eddng n\u01b0\u1edbc 1\/2&quot; MMM SANWA |\" \/>\n<meta property=\"og:url\" content=\"https:\/\/www.sanwa.co.th\/vi\/product\/\u0e21\u0e34\u0e19\u0e34\u0e1a\u0e2d\u0e25\u0e27\u0e32\u0e25\u0e4c\u0e27-3-\u0e17\u0e32\u0e07-\u0e0b\u0e31\u0e19\u0e27\u0e32-\u0e1c-2\/\" \/>\n<meta property=\"og:site_name\" content=\"SANWA\" \/>\n<meta property=\"article:publisher\" content=\"https:\/\/www.facebook.com\/SanwaThailand\" \/>\n<meta property=\"article:modified_time\" content=\"2022-06-09T04:49:47+00:00\" \/>\n<meta property=\"og:image\" content=\"https:\/\/www.sanwa.co.th\/wp-content\/uploads\/2021\/08\/SANWA-Mini-Ball-Valve-MMM1.png\" \/>\n\t<meta property=\"og:image:width\" content=\"760\" \/>\n\t<meta property=\"og:image:height\" content=\"760\" \/>\n\t<meta property=\"og:image:type\" content=\"image\/png\" \/>\n<meta name=\"twitter:card\" content=\"summary_large_image\" \/>\n<meta name=\"twitter:label1\" content=\"Est. reading time\" \/>\n\t<meta name=\"twitter:data1\" content=\"1 minute\" \/>\n<!-- \/ Yoast SEO plugin. -->","yoast_head_json":{"title":"Van bi 3 \u0111\u01b0\u1eddng n\u01b0\u1edbc 1\/2\" MMM | SANWA","description":"Van bi 3 \u0111\u01b0\u1eddng n\u01b0\u1edbc 1\/2\" MMM SANWA |","robots":{"index":"index","follow":"follow","max-snippet":"max-snippet:-1","max-image-preview":"max-image-preview:large","max-video-preview":"max-video-preview:-1"},"canonical":"https:\/\/www.sanwa.co.th\/vi\/product\/\u0e21\u0e34\u0e19\u0e34\u0e1a\u0e2d\u0e25\u0e27\u0e32\u0e25\u0e4c\u0e27-3-\u0e17\u0e32\u0e07-\u0e0b\u0e31\u0e19\u0e27\u0e32-\u0e1c-2\/","og_locale":"vi_VN","og_type":"article","og_title":"Van bi 3 \u0111\u01b0\u1eddng n\u01b0\u1edbc 1\/2\" MMM | SANWA","og_description":"Van bi 3 \u0111\u01b0\u1eddng n\u01b0\u1edbc 1\/2\" MMM SANWA |","og_url":"https:\/\/www.sanwa.co.th\/vi\/product\/\u0e21\u0e34\u0e19\u0e34\u0e1a\u0e2d\u0e25\u0e27\u0e32\u0e25\u0e4c\u0e27-3-\u0e17\u0e32\u0e07-\u0e0b\u0e31\u0e19\u0e27\u0e32-\u0e1c-2\/","og_site_name":"SANWA","article_publisher":"https:\/\/www.facebook.com\/SanwaThailand","article_modified_time":"2022-06-09T04:49:47+00:00","og_image":[{"width":760,"height":760,"url":"https:\/\/www.sanwa.co.th\/wp-content\/uploads\/2021\/08\/SANWA-Mini-Ball-Valve-MMM1.png","type":"image\/png"}],"twitter_card":"summary_large_image","twitter_misc":{"Est. reading time":"1 minute"},"schema":{"@context":"https:\/\/schema.org","@graph":[{"@type":"WebPage","@id":"https:\/\/www.sanwa.co.th\/vi\/product\/%e0%b8%a1%e0%b8%b4%e0%b8%99%e0%b8%b4%e0%b8%9a%e0%b8%ad%e0%b8%a5%e0%b8%a7%e0%b8%b2%e0%b8%a5%e0%b9%8c%e0%b8%a7-3-%e0%b8%97%e0%b8%b2%e0%b8%87-%e0%b8%8b%e0%b8%b1%e0%b8%99%e0%b8%a7%e0%b8%b2-%e0%b8%9c-2\/","url":"https:\/\/www.sanwa.co.th\/vi\/product\/%e0%b8%a1%e0%b8%b4%e0%b8%99%e0%b8%b4%e0%b8%9a%e0%b8%ad%e0%b8%a5%e0%b8%a7%e0%b8%b2%e0%b8%a5%e0%b9%8c%e0%b8%a7-3-%e0%b8%97%e0%b8%b2%e0%b8%87-%e0%b8%8b%e0%b8%b1%e0%b8%99%e0%b8%a7%e0%b8%b2-%e0%b8%9c-2\/","name":"Van bi 3 \u0111\u01b0\u1eddng n\u01b0\u1edbc 1\/2\" MMM | SANWA","isPartOf":{"@id":"https:\/\/www.sanwa.co.th\/#website"},"primaryImageOfPage":{"@id":"https:\/\/www.sanwa.co.th\/vi\/product\/%e0%b8%a1%e0%b8%b4%e0%b8%99%e0%b8%b4%e0%b8%9a%e0%b8%ad%e0%b8%a5%e0%b8%a7%e0%b8%b2%e0%b8%a5%e0%b9%8c%e0%b8%a7-3-%e0%b8%97%e0%b8%b2%e0%b8%87-%e0%b8%8b%e0%b8%b1%e0%b8%99%e0%b8%a7%e0%b8%b2-%e0%b8%9c-2\/#primaryimage"},"image":{"@id":"https:\/\/www.sanwa.co.th\/vi\/product\/%e0%b8%a1%e0%b8%b4%e0%b8%99%e0%b8%b4%e0%b8%9a%e0%b8%ad%e0%b8%a5%e0%b8%a7%e0%b8%b2%e0%b8%a5%e0%b9%8c%e0%b8%a7-3-%e0%b8%97%e0%b8%b2%e0%b8%87-%e0%b8%8b%e0%b8%b1%e0%b8%99%e0%b8%a7%e0%b8%b2-%e0%b8%9c-2\/#primaryimage"},"thumbnailUrl":"https:\/\/www.sanwa.co.th\/wp-content\/uploads\/2021\/08\/SANWA-Mini-Ball-Valve-MMM1.png","datePublished":"2021-09-20T10:50:30+00:00","dateModified":"2022-06-09T04:49:47+00:00","description":"Van bi 3 \u0111\u01b0\u1eddng n\u01b0\u1edbc 1\/2\" MMM SANWA |","breadcrumb":{"@id":"https:\/\/www.sanwa.co.th\/vi\/product\/%e0%b8%a1%e0%b8%b4%e0%b8%99%e0%b8%b4%e0%b8%9a%e0%b8%ad%e0%b8%a5%e0%b8%a7%e0%b8%b2%e0%b8%a5%e0%b9%8c%e0%b8%a7-3-%e0%b8%97%e0%b8%b2%e0%b8%87-%e0%b8%8b%e0%b8%b1%e0%b8%99%e0%b8%a7%e0%b8%b2-%e0%b8%9c-2\/#breadcrumb"},"inLanguage":"vi-VN","potentialAction":[{"@type":"ReadAction","target":["https:\/\/www.sanwa.co.th\/vi\/product\/%e0%b8%a1%e0%b8%b4%e0%b8%99%e0%b8%b4%e0%b8%9a%e0%b8%ad%e0%b8%a5%e0%b8%a7%e0%b8%b2%e0%b8%a5%e0%b9%8c%e0%b8%a7-3-%e0%b8%97%e0%b8%b2%e0%b8%87-%e0%b8%8b%e0%b8%b1%e0%b8%99%e0%b8%a7%e0%b8%b2-%e0%b8%9c-2\/"]}]},{"@type":"ImageObject","inLanguage":"vi-VN","@id":"https:\/\/www.sanwa.co.th\/vi\/product\/%e0%b8%a1%e0%b8%b4%e0%b8%99%e0%b8%b4%e0%b8%9a%e0%b8%ad%e0%b8%a5%e0%b8%a7%e0%b8%b2%e0%b8%a5%e0%b9%8c%e0%b8%a7-3-%e0%b8%97%e0%b8%b2%e0%b8%87-%e0%b8%8b%e0%b8%b1%e0%b8%99%e0%b8%a7%e0%b8%b2-%e0%b8%9c-2\/#primaryimage","url":"https:\/\/www.sanwa.co.th\/wp-content\/uploads\/2021\/08\/SANWA-Mini-Ball-Valve-MMM1.png","contentUrl":"https:\/\/www.sanwa.co.th\/wp-content\/uploads\/2021\/08\/SANWA-Mini-Ball-Valve-MMM1.png","width":760,"height":760,"caption":"\u0e21\u0e34\u0e19\u0e34\u0e1a\u0e2d\u0e25\u0e27\u0e32\u0e25\u0e4c\u0e27 3 \u0e17\u0e32\u0e07 \u0e1c\u0e1c\u0e1c. SANWA"},{"@type":"BreadcrumbList","@id":"https:\/\/www.sanwa.co.th\/vi\/product\/%e0%b8%a1%e0%b8%b4%e0%b8%99%e0%b8%b4%e0%b8%9a%e0%b8%ad%e0%b8%a5%e0%b8%a7%e0%b8%b2%e0%b8%a5%e0%b9%8c%e0%b8%a7-3-%e0%b8%97%e0%b8%b2%e0%b8%87-%e0%b8%8b%e0%b8%b1%e0%b8%99%e0%b8%a7%e0%b8%b2-%e0%b8%9c-2\/#breadcrumb","itemListElement":[{"@type":"ListItem","position":1,"name":"\u0e2a\u0e34\u0e19\u0e04\u0e49\u0e32","item":"https:\/\/www.sanwa.co.th\/shop\/"},{"@type":"ListItem","position":2,"name":"Van bi 3 \u0111\u01b0\u1eddng n\u01b0\u1edbc 1\/2&#8243; MMM"}]},{"@type":"WebSite","@id":"https:\/\/www.sanwa.co.th\/#website","url":"https:\/\/www.sanwa.co.th\/","name":"SANWA","description":"SANWA is a manufacturer and distributor of high-quality brass plumbing fixtures that are durable, rust-resistant, and leak-proof.","publisher":{"@id":"https:\/\/www.sanwa.co.th\/#organization"},"potentialAction":[{"@type":"SearchAction","target":{"@type":"EntryPoint","urlTemplate":"https:\/\/www.sanwa.co.th\/?s={search_term_string}"},"query-input":{"@type":"PropertyValueSpecification","valueRequired":true,"valueName":"search_term_string"}}],"inLanguage":"vi-VN"},{"@type":"Organization","@id":"https:\/\/www.sanwa.co.th\/#organization","name":"SANWA","url":"https:\/\/www.sanwa.co.th\/","logo":{"@type":"ImageObject","inLanguage":"vi-VN","@id":"https:\/\/www.sanwa.co.th\/#\/schema\/logo\/image\/","url":"https:\/\/www.sanwa.co.th\/wp-content\/uploads\/2021\/09\/LOGO_SANWA.jpeg","contentUrl":"https:\/\/www.sanwa.co.th\/wp-content\/uploads\/2021\/09\/LOGO_SANWA.jpeg","width":1616,"height":348,"caption":"SANWA"},"image":{"@id":"https:\/\/www.sanwa.co.th\/#\/schema\/logo\/image\/"},"sameAs":["https:\/\/www.facebook.com\/SanwaThailand","https:\/\/youtube.com\/channel\/UC0e8b8N8ucQQGPSTmPWYLkQ","https:\/\/www.instagram.com\/sanwathailand\/","https:\/\/www.tiktok.com\/@sanwathailand"]}]}},"_links":{"self":[{"href":"https:\/\/www.sanwa.co.th\/vi\/wp-json\/wp\/v2\/product\/3656","targetHints":{"allow":["GET"]}}],"collection":[{"href":"https:\/\/www.sanwa.co.th\/vi\/wp-json\/wp\/v2\/product"}],"about":[{"href":"https:\/\/www.sanwa.co.th\/vi\/wp-json\/wp\/v2\/types\/product"}],"wp:featuredmedia":[{"embeddable":true,"href":"https:\/\/www.sanwa.co.th\/vi\/wp-json\/wp\/v2\/media\/3657"}],"wp:attachment":[{"href":"https:\/\/www.sanwa.co.th\/vi\/wp-json\/wp\/v2\/media?parent=3656"}],"wp:term":[{"taxonomy":"product_cat","embeddable":true,"href":"https:\/\/www.sanwa.co.th\/vi\/wp-json\/wp\/v2\/product_cat?post=3656"},{"taxonomy":"product_tag","embeddable":true,"href":"https:\/\/www.sanwa.co.th\/vi\/wp-json\/wp\/v2\/product_tag?post=3656"}],"curies":[{"name":"wp","href":"https:\/\/api.w.org\/{rel}","templated":true}]}}