{"id":3635,"date":"2021-09-21T17:51:28","date_gmt":"2021-09-21T10:51:28","guid":{"rendered":"https:\/\/www.sanwa.co.th\/product\/%e0%b8%9a%e0%b8%ad%e0%b8%a5%e0%b8%a7%e0%b8%b2%e0%b8%a5%e0%b9%8c%e0%b8%a7-dzr-400wog-%e0%b8%8b%e0%b8%b1%e0%b8%99%e0%b8%a7%e0%b8%b2\/"},"modified":"2026-04-17T10:48:52","modified_gmt":"2026-04-17T03:48:52","slug":"ball-valve-dzr-400-psi","status":"publish","type":"product","link":"https:\/\/www.sanwa.co.th\/vi\/product\/ball-valve-dzr-400-psi\/","title":{"rendered":"Van bi \u0111\u1ed3ng DZR 400 PSI SANWA"},"content":{"rendered":"<p>: L\u00e0m b\u1eb1ng \u0111\u1ed3ng DZR ch\u1ea5t l\u01b0\u1ee3ng cao (Dezincification Resistance)<br \/>\n: C\u00f3 kh\u1ea3 n\u0103ng ch\u1ed1ng \u0103n m\u00f2n h\u00f3a h\u1ecdc h\u01a1n \u0111\u1ed3ng thau \u0111i\u1ec3n h\u00ecnh g\u1ea5p 10 l\u1ea7n<br \/>\n: Tay van l\u00e0m b\u1eb1ng SUS304 ch\u1ea5t l\u01b0\u1ee3ng cao , ch\u1ecbu \u0111\u01b0\u1ee3c vi\u1ec7c \u0111\u00f3ng m\u1edf<br \/>\n: Ch\u1ecbu \u00e1p l\u1ef1c cao \u0111\u1ebfn 400 PSI<br \/>\n: Ph\u00f9 h\u1ee3p v\u1edbi ph\u00e2n kh\u00fac c\u00f4ng nghi\u1ec7p<\/p>\n<p><span style=\"color: #0000ff;\"><a style=\"color: #0000ff;\" href=\"https:\/\/www.sanwa.co.th\/wp-content\/uploads\/2021\/08\/080426-Spec-sheet-BV-DZR-PSI_10-10-24.pdf\" target=\"_blank\" rel=\"noopener\">\u2b07 Catalogues Download\u00a0<\/a>\u00a0\u00a0\u00a0\u00a0\u00a0\u00a0\u00a0 <a style=\"color: #0000ff;\" href=\"https:\/\/www.sanwa.co.th\/wp-content\/uploads\/2021\/08\/INSTALLATION-SANWA-BALL-VALVE.pdf\" target=\"_blank\" rel=\"noopener\">\u2b07 Manual Download<\/a><\/span><\/p>\n<p>&nbsp;<\/p>\n","protected":false},"excerpt":{"rendered":"<p>: L\u00e0m b\u1eb1ng \u0111\u1ed3ng DZR ch\u1ea5t l\u01b0\u1ee3ng cao (Dezincification Resistance) : C\u00f3 kh\u1ea3 n\u0103ng ch\u1ed1ng \u0103n m\u00f2n h\u00f3a h\u1ecdc h\u01a1n \u0111\u1ed3ng thau \u0111i\u1ec3n h\u00ecnh g\u1ea5p 10 l\u1ea7n : Tay van l\u00e0m b\u1eb1ng SUS304 ch\u1ea5t l\u01b0\u1ee3ng cao , ch\u1ecbu \u0111\u01b0\u1ee3c vi\u1ec7c \u0111\u00f3ng m\u1edf : Ch\u1ecbu \u00e1p l\u1ef1c cao \u0111\u1ebfn 400 PSI : Ph\u00f9 h\u1ee3p v\u1edbi ph\u00e2n [&hellip;]<\/p>\n","protected":false},"featured_media":6615,"template":"","meta":[],"product_cat":[394],"product_tag":[69,60,18,70,67,68,71],"class_list":["post-3635","product","type-product","status-publish","has-post-thumbnail","hentry","product_brand-sanwa-vi","product_job_type-industrial-plant-vi","product_cat-ball-valve-vi","product_tag-dzr","product_tag-sanwa","product_tag-18","product_tag-70","product_tag-67","product_tag-68","product_tag-71"],"acf":[],"yoast_head":"<!-- This site is optimized with the Yoast SEO plugin v27.5 - https:\/\/yoast.com\/product\/yoast-seo-wordpress\/ -->\n<title>Van bi \u0111\u1ed3ng DZR 400 PSI SANWA | SANWA<\/title>\n<meta name=\"description\" content=\"Van bi \u0111\u1ed3ng DZR 400 PSI SANWA SANWA |\" \/>\n<meta name=\"robots\" content=\"index, follow, max-snippet:-1, max-image-preview:large, max-video-preview:-1\" \/>\n<link rel=\"canonical\" href=\"https:\/\/www.sanwa.co.th\/vi\/product\/ball-valve-dzr-400-psi\/\" \/>\n<meta property=\"og:locale\" content=\"vi_VN\" \/>\n<meta property=\"og:type\" content=\"article\" \/>\n<meta property=\"og:title\" content=\"Van bi \u0111\u1ed3ng DZR 400 PSI SANWA | SANWA\" \/>\n<meta property=\"og:description\" content=\"Van bi \u0111\u1ed3ng DZR 400 PSI SANWA SANWA |\" \/>\n<meta property=\"og:url\" content=\"https:\/\/www.sanwa.co.th\/vi\/product\/ball-valve-dzr-400-psi\/\" \/>\n<meta property=\"og:site_name\" content=\"SANWA\" \/>\n<meta property=\"article:publisher\" content=\"https:\/\/www.facebook.com\/SanwaThailand\" \/>\n<meta property=\"article:modified_time\" content=\"2026-04-17T03:48:52+00:00\" \/>\n<meta property=\"og:image\" content=\"https:\/\/www.sanwa.co.th\/wp-content\/uploads\/2023\/09\/SANWA-Ball-Valve-400-PSI.png\" \/>\n\t<meta property=\"og:image:width\" content=\"760\" \/>\n\t<meta property=\"og:image:height\" content=\"760\" \/>\n\t<meta property=\"og:image:type\" content=\"image\/png\" \/>\n<meta name=\"twitter:card\" content=\"summary_large_image\" \/>\n<meta name=\"twitter:label1\" content=\"Est. reading time\" \/>\n\t<meta name=\"twitter:data1\" content=\"1 minute\" \/>\n<!-- \/ Yoast SEO plugin. -->","yoast_head_json":{"title":"Van bi \u0111\u1ed3ng DZR 400 PSI SANWA | SANWA","description":"Van bi \u0111\u1ed3ng DZR 400 PSI SANWA SANWA |","robots":{"index":"index","follow":"follow","max-snippet":"max-snippet:-1","max-image-preview":"max-image-preview:large","max-video-preview":"max-video-preview:-1"},"canonical":"https:\/\/www.sanwa.co.th\/vi\/product\/ball-valve-dzr-400-psi\/","og_locale":"vi_VN","og_type":"article","og_title":"Van bi \u0111\u1ed3ng DZR 400 PSI SANWA | SANWA","og_description":"Van bi \u0111\u1ed3ng DZR 400 PSI SANWA SANWA |","og_url":"https:\/\/www.sanwa.co.th\/vi\/product\/ball-valve-dzr-400-psi\/","og_site_name":"SANWA","article_publisher":"https:\/\/www.facebook.com\/SanwaThailand","article_modified_time":"2026-04-17T03:48:52+00:00","og_image":[{"width":760,"height":760,"url":"https:\/\/www.sanwa.co.th\/wp-content\/uploads\/2023\/09\/SANWA-Ball-Valve-400-PSI.png","type":"image\/png"}],"twitter_card":"summary_large_image","twitter_misc":{"Est. reading time":"1 minute"},"schema":{"@context":"https:\/\/schema.org","@graph":[{"@type":"WebPage","@id":"https:\/\/www.sanwa.co.th\/vi\/product\/ball-valve-dzr-400-psi\/","url":"https:\/\/www.sanwa.co.th\/vi\/product\/ball-valve-dzr-400-psi\/","name":"Van bi \u0111\u1ed3ng DZR 400 PSI SANWA | SANWA","isPartOf":{"@id":"https:\/\/www.sanwa.co.th\/#website"},"primaryImageOfPage":{"@id":"https:\/\/www.sanwa.co.th\/vi\/product\/ball-valve-dzr-400-psi\/#primaryimage"},"image":{"@id":"https:\/\/www.sanwa.co.th\/vi\/product\/ball-valve-dzr-400-psi\/#primaryimage"},"thumbnailUrl":"https:\/\/www.sanwa.co.th\/wp-content\/uploads\/2023\/09\/SANWA-Ball-Valve-400-PSI.png","datePublished":"2021-09-21T10:51:28+00:00","dateModified":"2026-04-17T03:48:52+00:00","description":"Van bi \u0111\u1ed3ng DZR 400 PSI SANWA SANWA |","breadcrumb":{"@id":"https:\/\/www.sanwa.co.th\/vi\/product\/ball-valve-dzr-400-psi\/#breadcrumb"},"inLanguage":"vi-VN","potentialAction":[{"@type":"ReadAction","target":["https:\/\/www.sanwa.co.th\/vi\/product\/ball-valve-dzr-400-psi\/"]}]},{"@type":"ImageObject","inLanguage":"vi-VN","@id":"https:\/\/www.sanwa.co.th\/vi\/product\/ball-valve-dzr-400-psi\/#primaryimage","url":"https:\/\/www.sanwa.co.th\/wp-content\/uploads\/2023\/09\/SANWA-Ball-Valve-400-PSI.png","contentUrl":"https:\/\/www.sanwa.co.th\/wp-content\/uploads\/2023\/09\/SANWA-Ball-Valve-400-PSI.png","width":760,"height":760,"caption":"\u0e1a\u0e2d\u0e25\u0e27\u0e32\u0e25\u0e4c\u0e27 DZR 400 PSI SANWA"},{"@type":"BreadcrumbList","@id":"https:\/\/www.sanwa.co.th\/vi\/product\/ball-valve-dzr-400-psi\/#breadcrumb","itemListElement":[{"@type":"ListItem","position":1,"name":"\u0e2a\u0e34\u0e19\u0e04\u0e49\u0e32","item":"https:\/\/www.sanwa.co.th\/shop\/"},{"@type":"ListItem","position":2,"name":"Van bi \u0111\u1ed3ng DZR 400 PSI SANWA"}]},{"@type":"WebSite","@id":"https:\/\/www.sanwa.co.th\/#website","url":"https:\/\/www.sanwa.co.th\/","name":"SANWA","description":"SANWA is a manufacturer and distributor of high-quality brass plumbing fixtures that are durable, rust-resistant, and leak-proof.","publisher":{"@id":"https:\/\/www.sanwa.co.th\/#organization"},"potentialAction":[{"@type":"SearchAction","target":{"@type":"EntryPoint","urlTemplate":"https:\/\/www.sanwa.co.th\/?s={search_term_string}"},"query-input":{"@type":"PropertyValueSpecification","valueRequired":true,"valueName":"search_term_string"}}],"inLanguage":"vi-VN"},{"@type":"Organization","@id":"https:\/\/www.sanwa.co.th\/#organization","name":"SANWA","url":"https:\/\/www.sanwa.co.th\/","logo":{"@type":"ImageObject","inLanguage":"vi-VN","@id":"https:\/\/www.sanwa.co.th\/#\/schema\/logo\/image\/","url":"https:\/\/www.sanwa.co.th\/wp-content\/uploads\/2021\/09\/LOGO_SANWA.jpeg","contentUrl":"https:\/\/www.sanwa.co.th\/wp-content\/uploads\/2021\/09\/LOGO_SANWA.jpeg","width":1616,"height":348,"caption":"SANWA"},"image":{"@id":"https:\/\/www.sanwa.co.th\/#\/schema\/logo\/image\/"},"sameAs":["https:\/\/www.facebook.com\/SanwaThailand","https:\/\/youtube.com\/channel\/UC0e8b8N8ucQQGPSTmPWYLkQ","https:\/\/www.instagram.com\/sanwathailand\/","https:\/\/www.tiktok.com\/@sanwathailand"]}]}},"_links":{"self":[{"href":"https:\/\/www.sanwa.co.th\/vi\/wp-json\/wp\/v2\/product\/3635","targetHints":{"allow":["GET"]}}],"collection":[{"href":"https:\/\/www.sanwa.co.th\/vi\/wp-json\/wp\/v2\/product"}],"about":[{"href":"https:\/\/www.sanwa.co.th\/vi\/wp-json\/wp\/v2\/types\/product"}],"wp:featuredmedia":[{"embeddable":true,"href":"https:\/\/www.sanwa.co.th\/vi\/wp-json\/wp\/v2\/media\/6615"}],"wp:attachment":[{"href":"https:\/\/www.sanwa.co.th\/vi\/wp-json\/wp\/v2\/media?parent=3635"}],"wp:term":[{"taxonomy":"product_cat","embeddable":true,"href":"https:\/\/www.sanwa.co.th\/vi\/wp-json\/wp\/v2\/product_cat?post=3635"},{"taxonomy":"product_tag","embeddable":true,"href":"https:\/\/www.sanwa.co.th\/vi\/wp-json\/wp\/v2\/product_tag?post=3635"}],"curies":[{"name":"wp","href":"https:\/\/api.w.org\/{rel}","templated":true}]}}