{"id":3633,"date":"2021-09-21T17:51:28","date_gmt":"2021-09-21T10:51:28","guid":{"rendered":"https:\/\/www.sanwa.co.th\/product\/%e0%b8%9a%e0%b8%ad%e0%b8%a5%e0%b8%a7%e0%b8%b2%e0%b8%a5%e0%b9%8c%e0%b8%a7-%e0%b8%8b%e0%b8%b1%e0%b8%99%e0%b8%a7%e0%b8%b2\/"},"modified":"2026-04-17T10:26:46","modified_gmt":"2026-04-17T03:26:46","slug":"%e0%b8%9a%e0%b8%ad%e0%b8%a5%e0%b8%a7%e0%b8%b2%e0%b8%a5%e0%b9%8c%e0%b8%a7-%e0%b8%8b%e0%b8%b1%e0%b8%99%e0%b8%a7%e0%b8%b2","status":"publish","type":"product","link":"https:\/\/www.sanwa.co.th\/vi\/product\/%e0%b8%9a%e0%b8%ad%e0%b8%a5%e0%b8%a7%e0%b8%b2%e0%b8%a5%e0%b9%8c%e0%b8%a7-%e0%b8%8b%e0%b8%b1%e0%b8%99%e0%b8%a7%e0%b8%b2\/","title":{"rendered":"Van bi SANWA (1\/2&#8243; &#8211; 2&#8243;)"},"content":{"rendered":"<p>: Van bi (\u0111\u1ee7 l\u1ed7 khoan) ch\u1ea5t l\u01b0\u1ee3ng cao<br \/>\n: Tay van k\u00edch th\u01b0\u1edbc l\u1edbn, d\u1ec5 c\u1ea7m n\u1eafm, Ch\u1ecbu \u0111\u01b0\u1ee3c vi\u1ec7c \u0111\u00f3ng m\u1edf<br \/>\n: Ru\u1ed9t b\u00f3ng l\u00e0m b\u1eb1ng \u0111\u1ed3ng ch\u1ea5t l\u01b0\u1ee3ng cao, b\u1ec1n kh\u00f4ng g\u1ec9 s\u00e9t, kh\u00f4ng r\u00f2 r\u1ec9<br \/>\n: Th\u00edch h\u1ee3p \u0111\u1ec3 s\u1eed d\u1ee5ng \u0111i\u1ec1u ch\u1ec9nh t\u1ed1c \u0111\u1ed9 d\u00f2ng ch\u1ea3y n\u01b0\u1edbc 30,45 v\u00e0 90 \u0111\u1ed9<br \/>\n: Ch\u1ed1ng r\u00f2 r\u1ec9 k\u00e9p v\u1edbi 2 v\u00f2ng cao su<br \/>\n: V\u00f2ng \u0111\u1ec7m teflon ch\u1ea5t l\u01b0\u1ee3ng cao \u0111\u1ec3 b\u1ea3o v\u1ec7 ch\u1ed1ng r\u00f2 r\u1ec9 v\u00e0 \u0111\u00f3ng m\u1edf \u00eam \u00e1i<br \/>\n: Th\u00e2n van l\u00e0m b\u1eb1ng \u0111\u1ed3ng ch\u1ea5t l\u01b0\u1ee3ng cao v\u1edbi l\u1edbp m\u1ea1 chome v\u00e0 niken \u0111\u1ec3 t\u0103ng c\u01b0\u1eddng kh\u1ea3 n\u0103ng ch\u1ed1ng \u0103n m\u00f2n<\/p>\n<p><span style=\"color: #0000ff;\"><a style=\"color: #0000ff;\" href=\"https:\/\/www.sanwa.co.th\/wp-content\/uploads\/2021\/08\/080426-spec-sheet-Ball-Valve-full-bore.pdf\" target=\"_blank\" rel=\"noopener\">\u2b07 Catalogues Download\u00a0<\/a>\u00a0\u00a0\u00a0\u00a0\u00a0\u00a0\u00a0 <a style=\"color: #0000ff;\" href=\"https:\/\/www.sanwa.co.th\/wp-content\/uploads\/2021\/08\/INSTALLATION-SANWA-BALL-VALVE.pdf\" target=\"_blank\" rel=\"noopener\">\u2b07 Manual Download<\/a><\/span><\/p>\n","protected":false},"excerpt":{"rendered":"<p>: Van bi (\u0111\u1ee7 l\u1ed7 khoan) ch\u1ea5t l\u01b0\u1ee3ng cao : Tay van k\u00edch th\u01b0\u1edbc l\u1edbn, d\u1ec5 c\u1ea7m n\u1eafm, Ch\u1ecbu \u0111\u01b0\u1ee3c vi\u1ec7c \u0111\u00f3ng m\u1edf : Ru\u1ed9t b\u00f3ng l\u00e0m b\u1eb1ng \u0111\u1ed3ng ch\u1ea5t l\u01b0\u1ee3ng cao, b\u1ec1n kh\u00f4ng g\u1ec9 s\u00e9t, kh\u00f4ng r\u00f2 r\u1ec9 : Th\u00edch h\u1ee3p \u0111\u1ec3 s\u1eed d\u1ee5ng \u0111i\u1ec1u ch\u1ec9nh t\u1ed1c \u0111\u1ed9 d\u00f2ng ch\u1ea3y n\u01b0\u1edbc 30,45 v\u00e0 90 [&hellip;]<\/p>\n","protected":false},"featured_media":3634,"template":"","meta":[],"product_cat":[394],"product_tag":[60,18,67,68],"class_list":["post-3633","product","type-product","status-publish","has-post-thumbnail","hentry","product_brand-sanwa-vi","product_job_type-agricultural-vi","product_job_type-project-hotel-vi","product_job_type-normal-vi","product_job_type-building-apartment-condominium-vi","product_cat-ball-valve-vi","product_tag-sanwa","product_tag-18","product_tag-67","product_tag-68"],"acf":[],"yoast_head":"<!-- This site is optimized with the Yoast SEO plugin v27.5 - https:\/\/yoast.com\/product\/yoast-seo-wordpress\/ -->\n<title>Van bi SANWA (1\/2&quot; - 2&quot;) | SANWA<\/title>\n<meta name=\"description\" content=\"Van bi SANWA (1\/2&quot; - 2&quot;) SANWA |\" \/>\n<meta name=\"robots\" content=\"index, follow, max-snippet:-1, max-image-preview:large, max-video-preview:-1\" \/>\n<link rel=\"canonical\" href=\"https:\/\/www.sanwa.co.th\/vi\/product\/\u0e1a\u0e2d\u0e25\u0e27\u0e32\u0e25\u0e4c\u0e27-\u0e0b\u0e31\u0e19\u0e27\u0e32\/\" \/>\n<meta property=\"og:locale\" content=\"vi_VN\" \/>\n<meta property=\"og:type\" content=\"article\" \/>\n<meta property=\"og:title\" content=\"Van bi SANWA (1\/2&quot; - 2&quot;) | SANWA\" \/>\n<meta property=\"og:description\" content=\"Van bi SANWA (1\/2&quot; - 2&quot;) SANWA |\" \/>\n<meta property=\"og:url\" content=\"https:\/\/www.sanwa.co.th\/vi\/product\/\u0e1a\u0e2d\u0e25\u0e27\u0e32\u0e25\u0e4c\u0e27-\u0e0b\u0e31\u0e19\u0e27\u0e32\/\" \/>\n<meta property=\"og:site_name\" content=\"SANWA\" \/>\n<meta property=\"article:publisher\" content=\"https:\/\/www.facebook.com\/SanwaThailand\" \/>\n<meta property=\"article:modified_time\" content=\"2026-04-17T03:26:46+00:00\" \/>\n<meta property=\"og:image\" content=\"https:\/\/www.sanwa.co.th\/wp-content\/uploads\/2021\/08\/SANWA-Ball-Valve1.png\" \/>\n\t<meta property=\"og:image:width\" content=\"760\" \/>\n\t<meta property=\"og:image:height\" content=\"760\" \/>\n\t<meta property=\"og:image:type\" content=\"image\/png\" \/>\n<meta name=\"twitter:card\" content=\"summary_large_image\" \/>\n<meta name=\"twitter:label1\" content=\"Est. reading time\" \/>\n\t<meta name=\"twitter:data1\" content=\"1 minute\" \/>\n<!-- \/ Yoast SEO plugin. -->","yoast_head_json":{"title":"Van bi SANWA (1\/2\" - 2\") | SANWA","description":"Van bi SANWA (1\/2\" - 2\") SANWA |","robots":{"index":"index","follow":"follow","max-snippet":"max-snippet:-1","max-image-preview":"max-image-preview:large","max-video-preview":"max-video-preview:-1"},"canonical":"https:\/\/www.sanwa.co.th\/vi\/product\/\u0e1a\u0e2d\u0e25\u0e27\u0e32\u0e25\u0e4c\u0e27-\u0e0b\u0e31\u0e19\u0e27\u0e32\/","og_locale":"vi_VN","og_type":"article","og_title":"Van bi SANWA (1\/2\" - 2\") | SANWA","og_description":"Van bi SANWA (1\/2\" - 2\") SANWA |","og_url":"https:\/\/www.sanwa.co.th\/vi\/product\/\u0e1a\u0e2d\u0e25\u0e27\u0e32\u0e25\u0e4c\u0e27-\u0e0b\u0e31\u0e19\u0e27\u0e32\/","og_site_name":"SANWA","article_publisher":"https:\/\/www.facebook.com\/SanwaThailand","article_modified_time":"2026-04-17T03:26:46+00:00","og_image":[{"width":760,"height":760,"url":"https:\/\/www.sanwa.co.th\/wp-content\/uploads\/2021\/08\/SANWA-Ball-Valve1.png","type":"image\/png"}],"twitter_card":"summary_large_image","twitter_misc":{"Est. reading time":"1 minute"},"schema":{"@context":"https:\/\/schema.org","@graph":[{"@type":"WebPage","@id":"https:\/\/www.sanwa.co.th\/vi\/product\/%e0%b8%9a%e0%b8%ad%e0%b8%a5%e0%b8%a7%e0%b8%b2%e0%b8%a5%e0%b9%8c%e0%b8%a7-%e0%b8%8b%e0%b8%b1%e0%b8%99%e0%b8%a7%e0%b8%b2\/","url":"https:\/\/www.sanwa.co.th\/vi\/product\/%e0%b8%9a%e0%b8%ad%e0%b8%a5%e0%b8%a7%e0%b8%b2%e0%b8%a5%e0%b9%8c%e0%b8%a7-%e0%b8%8b%e0%b8%b1%e0%b8%99%e0%b8%a7%e0%b8%b2\/","name":"Van bi SANWA (1\/2\" - 2\") | SANWA","isPartOf":{"@id":"https:\/\/www.sanwa.co.th\/#website"},"primaryImageOfPage":{"@id":"https:\/\/www.sanwa.co.th\/vi\/product\/%e0%b8%9a%e0%b8%ad%e0%b8%a5%e0%b8%a7%e0%b8%b2%e0%b8%a5%e0%b9%8c%e0%b8%a7-%e0%b8%8b%e0%b8%b1%e0%b8%99%e0%b8%a7%e0%b8%b2\/#primaryimage"},"image":{"@id":"https:\/\/www.sanwa.co.th\/vi\/product\/%e0%b8%9a%e0%b8%ad%e0%b8%a5%e0%b8%a7%e0%b8%b2%e0%b8%a5%e0%b9%8c%e0%b8%a7-%e0%b8%8b%e0%b8%b1%e0%b8%99%e0%b8%a7%e0%b8%b2\/#primaryimage"},"thumbnailUrl":"https:\/\/www.sanwa.co.th\/wp-content\/uploads\/2021\/08\/SANWA-Ball-Valve1.png","datePublished":"2021-09-21T10:51:28+00:00","dateModified":"2026-04-17T03:26:46+00:00","description":"Van bi SANWA (1\/2\" - 2\") SANWA |","breadcrumb":{"@id":"https:\/\/www.sanwa.co.th\/vi\/product\/%e0%b8%9a%e0%b8%ad%e0%b8%a5%e0%b8%a7%e0%b8%b2%e0%b8%a5%e0%b9%8c%e0%b8%a7-%e0%b8%8b%e0%b8%b1%e0%b8%99%e0%b8%a7%e0%b8%b2\/#breadcrumb"},"inLanguage":"vi-VN","potentialAction":[{"@type":"ReadAction","target":["https:\/\/www.sanwa.co.th\/vi\/product\/%e0%b8%9a%e0%b8%ad%e0%b8%a5%e0%b8%a7%e0%b8%b2%e0%b8%a5%e0%b9%8c%e0%b8%a7-%e0%b8%8b%e0%b8%b1%e0%b8%99%e0%b8%a7%e0%b8%b2\/"]}]},{"@type":"ImageObject","inLanguage":"vi-VN","@id":"https:\/\/www.sanwa.co.th\/vi\/product\/%e0%b8%9a%e0%b8%ad%e0%b8%a5%e0%b8%a7%e0%b8%b2%e0%b8%a5%e0%b9%8c%e0%b8%a7-%e0%b8%8b%e0%b8%b1%e0%b8%99%e0%b8%a7%e0%b8%b2\/#primaryimage","url":"https:\/\/www.sanwa.co.th\/wp-content\/uploads\/2021\/08\/SANWA-Ball-Valve1.png","contentUrl":"https:\/\/www.sanwa.co.th\/wp-content\/uploads\/2021\/08\/SANWA-Ball-Valve1.png","width":760,"height":760,"caption":"\u0e1a\u0e2d\u0e25\u0e27\u0e32\u0e25\u0e4c\u0e27\u0e17\u0e2d\u0e07\u0e40\u0e2b\u0e25\u0e37\u0e2d\u0e07\u0e23\u0e39\u0e40\u0e15\u0e47\u0e21 SANWA"},{"@type":"BreadcrumbList","@id":"https:\/\/www.sanwa.co.th\/vi\/product\/%e0%b8%9a%e0%b8%ad%e0%b8%a5%e0%b8%a7%e0%b8%b2%e0%b8%a5%e0%b9%8c%e0%b8%a7-%e0%b8%8b%e0%b8%b1%e0%b8%99%e0%b8%a7%e0%b8%b2\/#breadcrumb","itemListElement":[{"@type":"ListItem","position":1,"name":"\u0e2a\u0e34\u0e19\u0e04\u0e49\u0e32","item":"https:\/\/www.sanwa.co.th\/shop\/"},{"@type":"ListItem","position":2,"name":"Van bi SANWA (1\/2&#8243; &#8211; 2&#8243;)"}]},{"@type":"WebSite","@id":"https:\/\/www.sanwa.co.th\/#website","url":"https:\/\/www.sanwa.co.th\/","name":"SANWA","description":"SANWA is a manufacturer and distributor of high-quality brass plumbing fixtures that are durable, rust-resistant, and leak-proof.","publisher":{"@id":"https:\/\/www.sanwa.co.th\/#organization"},"potentialAction":[{"@type":"SearchAction","target":{"@type":"EntryPoint","urlTemplate":"https:\/\/www.sanwa.co.th\/?s={search_term_string}"},"query-input":{"@type":"PropertyValueSpecification","valueRequired":true,"valueName":"search_term_string"}}],"inLanguage":"vi-VN"},{"@type":"Organization","@id":"https:\/\/www.sanwa.co.th\/#organization","name":"SANWA","url":"https:\/\/www.sanwa.co.th\/","logo":{"@type":"ImageObject","inLanguage":"vi-VN","@id":"https:\/\/www.sanwa.co.th\/#\/schema\/logo\/image\/","url":"https:\/\/www.sanwa.co.th\/wp-content\/uploads\/2021\/09\/LOGO_SANWA.jpeg","contentUrl":"https:\/\/www.sanwa.co.th\/wp-content\/uploads\/2021\/09\/LOGO_SANWA.jpeg","width":1616,"height":348,"caption":"SANWA"},"image":{"@id":"https:\/\/www.sanwa.co.th\/#\/schema\/logo\/image\/"},"sameAs":["https:\/\/www.facebook.com\/SanwaThailand","https:\/\/youtube.com\/channel\/UC0e8b8N8ucQQGPSTmPWYLkQ","https:\/\/www.instagram.com\/sanwathailand\/","https:\/\/www.tiktok.com\/@sanwathailand"]}]}},"_links":{"self":[{"href":"https:\/\/www.sanwa.co.th\/vi\/wp-json\/wp\/v2\/product\/3633","targetHints":{"allow":["GET"]}}],"collection":[{"href":"https:\/\/www.sanwa.co.th\/vi\/wp-json\/wp\/v2\/product"}],"about":[{"href":"https:\/\/www.sanwa.co.th\/vi\/wp-json\/wp\/v2\/types\/product"}],"wp:featuredmedia":[{"embeddable":true,"href":"https:\/\/www.sanwa.co.th\/vi\/wp-json\/wp\/v2\/media\/3634"}],"wp:attachment":[{"href":"https:\/\/www.sanwa.co.th\/vi\/wp-json\/wp\/v2\/media?parent=3633"}],"wp:term":[{"taxonomy":"product_cat","embeddable":true,"href":"https:\/\/www.sanwa.co.th\/vi\/wp-json\/wp\/v2\/product_cat?post=3633"},{"taxonomy":"product_tag","embeddable":true,"href":"https:\/\/www.sanwa.co.th\/vi\/wp-json\/wp\/v2\/product_tag?post=3633"}],"curies":[{"name":"wp","href":"https:\/\/api.w.org\/{rel}","templated":true}]}}