{"id":3631,"date":"2021-10-28T15:13:04","date_gmt":"2021-10-28T08:13:04","guid":{"rendered":"https:\/\/www.sanwa.co.th\/?post_type=product&#038;p=3631"},"modified":"2026-04-17T11:11:42","modified_gmt":"2026-04-17T04:11:42","slug":"%e0%b8%a1%e0%b8%b4%e0%b8%99%e0%b8%b4%e0%b8%9a%e0%b8%ad%e0%b8%a5%e0%b8%a7%e0%b8%b2%e0%b8%a5%e0%b9%8c%e0%b8%a7%e0%b8%89%e0%b8%b2%e0%b8%81-%e0%b8%8b%e0%b8%b1%e0%b8%99%e0%b8%a7%e0%b8%b2-%e0%b8%9c","status":"publish","type":"product","link":"https:\/\/www.sanwa.co.th\/vi\/product\/%e0%b8%a1%e0%b8%b4%e0%b8%99%e0%b8%b4%e0%b8%9a%e0%b8%ad%e0%b8%a5%e0%b8%a7%e0%b8%b2%e0%b8%a5%e0%b9%8c%e0%b8%a7%e0%b8%89%e0%b8%b2%e0%b8%81-%e0%b8%8b%e0%b8%b1%e0%b8%99%e0%b8%a7%e0%b8%b2-%e0%b8%9c\/","title":{"rendered":"Van g\u00f3c nh\u1ecf SANWA 1\/2&#8243; MM"},"content":{"rendered":"<p>: L\u1eafp \u0111\u1eb7t v\u1edbi b\u1ed3n c\u1ea7u, v\u00f2i sen ho\u1eb7c v\u00f2i x\u1ecbt<br \/>\n: Thi\u1ebft k\u1ebf 90 \u0111\u1ed9 \u0111\u1ec3 d\u1ec5 d\u00e0ng l\u1eafp \u0111\u1eb7t m\u00e0 kh\u00f4ng c\u1ea7n khu\u1ef7u tay trong kh\u00f4ng gian g\u00f3c h\u1eb9p<br \/>\n: K\u00edch th\u01b0\u1edbc nh\u1ecf g\u1ecdn v\u00e0 ti\u1ebft ki\u1ec7m kh\u00f4ng gian, ph\u00f9 h\u1ee3p v\u1edbi m\u1ecdi lo\u1ea1i c\u00f4ng tr\u00ecnh c\u1ea5p n\u01b0\u1edbc<br \/>\n: Thi\u1ebft k\u1ebf tay van m\u1edbi, d\u1ec5 d\u00e0ng \u0111\u00f3ng m\u1edf<br \/>\n: Ch\u1ed1ng r\u00f2 r\u1ec9 k\u00e9p v\u1edbi 2 v\u00f2ng cao su<br \/>\n: Van bi g\u00f3c nh\u1ecf 2 \u0111\u01b0\u1eddng; Lo\u1ea1i MM<\/p>\n<p><span style=\"color: #0000ff;\"><a style=\"color: #0000ff;\" href=\"https:\/\/www.sanwa.co.th\/wp-content\/uploads\/2021\/08\/080426-Spec-sheet-mini-Angle-BV-MM.pdf\" target=\"_blank\" rel=\"noopener\">\u2b07 Catalogues Download\u00a0<\/a>\u00a0\u00a0\u00a0\u00a0\u00a0\u00a0\u00a0 <a style=\"color: #0000ff;\" href=\"https:\/\/www.sanwa.co.th\/wp-content\/uploads\/2021\/08\/INSTALLATION-SANWA-MINI-BALL-VALVE.pdf\" target=\"_blank\" rel=\"noopener\">\u2b07 Manual Download<\/a><\/span><\/p>\n<p>&nbsp;<\/p>\n","protected":false},"excerpt":{"rendered":"<p>: L\u1eafp \u0111\u1eb7t v\u1edbi b\u1ed3n c\u1ea7u, v\u00f2i sen ho\u1eb7c v\u00f2i x\u1ecbt : Thi\u1ebft k\u1ebf 90 \u0111\u1ed9 \u0111\u1ec3 d\u1ec5 d\u00e0ng l\u1eafp \u0111\u1eb7t m\u00e0 kh\u00f4ng c\u1ea7n khu\u1ef7u tay trong kh\u00f4ng gian g\u00f3c h\u1eb9p : K\u00edch th\u01b0\u1edbc nh\u1ecf g\u1ecdn v\u00e0 ti\u1ebft ki\u1ec7m kh\u00f4ng gian, ph\u00f9 h\u1ee3p v\u1edbi m\u1ecdi lo\u1ea1i c\u00f4ng tr\u00ecnh c\u1ea5p n\u01b0\u1edbc : Thi\u1ebft k\u1ebf tay van [&hellip;]<\/p>\n","protected":false},"featured_media":3640,"template":"","meta":[],"product_cat":[396],"product_tag":[60,18,67,72,68,94],"class_list":["post-3631","product","type-product","status-publish","has-post-thumbnail","hentry","product_brand-sanwa-vi","product_job_type-sanitary-ware-bathroom-vi","product_job_type-normal-vi","product_cat-mini-ball-valve-vi","product_tag-sanwa","product_tag-18","product_tag-67","product_tag-72","product_tag-68","product_tag-94"],"acf":[],"yoast_head":"<!-- This site is optimized with the Yoast SEO plugin v27.5 - https:\/\/yoast.com\/product\/yoast-seo-wordpress\/ -->\n<title>Van g\u00f3c nh\u1ecf SANWA 1\/2&quot; MM | SANWA<\/title>\n<meta name=\"description\" content=\"Van g\u00f3c nh\u1ecf SANWA 1\/2&quot; MM SANWA |\" \/>\n<meta name=\"robots\" content=\"index, follow, max-snippet:-1, max-image-preview:large, max-video-preview:-1\" \/>\n<link rel=\"canonical\" href=\"https:\/\/www.sanwa.co.th\/vi\/product\/\u0e21\u0e34\u0e19\u0e34\u0e1a\u0e2d\u0e25\u0e27\u0e32\u0e25\u0e4c\u0e27\u0e09\u0e32\u0e01-\u0e0b\u0e31\u0e19\u0e27\u0e32-\u0e1c\/\" \/>\n<meta property=\"og:locale\" content=\"vi_VN\" \/>\n<meta property=\"og:type\" content=\"article\" \/>\n<meta property=\"og:title\" content=\"Van g\u00f3c nh\u1ecf SANWA 1\/2&quot; MM | SANWA\" \/>\n<meta property=\"og:description\" content=\"Van g\u00f3c nh\u1ecf SANWA 1\/2&quot; MM SANWA |\" \/>\n<meta property=\"og:url\" content=\"https:\/\/www.sanwa.co.th\/vi\/product\/\u0e21\u0e34\u0e19\u0e34\u0e1a\u0e2d\u0e25\u0e27\u0e32\u0e25\u0e4c\u0e27\u0e09\u0e32\u0e01-\u0e0b\u0e31\u0e19\u0e27\u0e32-\u0e1c\/\" \/>\n<meta property=\"og:site_name\" content=\"SANWA\" \/>\n<meta property=\"article:publisher\" content=\"https:\/\/www.facebook.com\/SanwaThailand\" \/>\n<meta property=\"article:modified_time\" content=\"2026-04-17T04:11:42+00:00\" \/>\n<meta property=\"og:image\" content=\"https:\/\/www.sanwa.co.th\/wp-content\/uploads\/2021\/08\/SANWA-Mini-Angle-Ball-Valve-MM1.png\" \/>\n\t<meta property=\"og:image:width\" content=\"760\" \/>\n\t<meta property=\"og:image:height\" content=\"760\" \/>\n\t<meta property=\"og:image:type\" content=\"image\/png\" \/>\n<meta name=\"twitter:card\" content=\"summary_large_image\" \/>\n<meta name=\"twitter:label1\" content=\"Est. reading time\" \/>\n\t<meta name=\"twitter:data1\" content=\"1 minute\" \/>\n<!-- \/ Yoast SEO plugin. -->","yoast_head_json":{"title":"Van g\u00f3c nh\u1ecf SANWA 1\/2\" MM | SANWA","description":"Van g\u00f3c nh\u1ecf SANWA 1\/2\" MM SANWA |","robots":{"index":"index","follow":"follow","max-snippet":"max-snippet:-1","max-image-preview":"max-image-preview:large","max-video-preview":"max-video-preview:-1"},"canonical":"https:\/\/www.sanwa.co.th\/vi\/product\/\u0e21\u0e34\u0e19\u0e34\u0e1a\u0e2d\u0e25\u0e27\u0e32\u0e25\u0e4c\u0e27\u0e09\u0e32\u0e01-\u0e0b\u0e31\u0e19\u0e27\u0e32-\u0e1c\/","og_locale":"vi_VN","og_type":"article","og_title":"Van g\u00f3c nh\u1ecf SANWA 1\/2\" MM | SANWA","og_description":"Van g\u00f3c nh\u1ecf SANWA 1\/2\" MM SANWA |","og_url":"https:\/\/www.sanwa.co.th\/vi\/product\/\u0e21\u0e34\u0e19\u0e34\u0e1a\u0e2d\u0e25\u0e27\u0e32\u0e25\u0e4c\u0e27\u0e09\u0e32\u0e01-\u0e0b\u0e31\u0e19\u0e27\u0e32-\u0e1c\/","og_site_name":"SANWA","article_publisher":"https:\/\/www.facebook.com\/SanwaThailand","article_modified_time":"2026-04-17T04:11:42+00:00","og_image":[{"width":760,"height":760,"url":"https:\/\/www.sanwa.co.th\/wp-content\/uploads\/2021\/08\/SANWA-Mini-Angle-Ball-Valve-MM1.png","type":"image\/png"}],"twitter_card":"summary_large_image","twitter_misc":{"Est. reading time":"1 minute"},"schema":{"@context":"https:\/\/schema.org","@graph":[{"@type":"WebPage","@id":"https:\/\/www.sanwa.co.th\/vi\/product\/%e0%b8%a1%e0%b8%b4%e0%b8%99%e0%b8%b4%e0%b8%9a%e0%b8%ad%e0%b8%a5%e0%b8%a7%e0%b8%b2%e0%b8%a5%e0%b9%8c%e0%b8%a7%e0%b8%89%e0%b8%b2%e0%b8%81-%e0%b8%8b%e0%b8%b1%e0%b8%99%e0%b8%a7%e0%b8%b2-%e0%b8%9c\/","url":"https:\/\/www.sanwa.co.th\/vi\/product\/%e0%b8%a1%e0%b8%b4%e0%b8%99%e0%b8%b4%e0%b8%9a%e0%b8%ad%e0%b8%a5%e0%b8%a7%e0%b8%b2%e0%b8%a5%e0%b9%8c%e0%b8%a7%e0%b8%89%e0%b8%b2%e0%b8%81-%e0%b8%8b%e0%b8%b1%e0%b8%99%e0%b8%a7%e0%b8%b2-%e0%b8%9c\/","name":"Van g\u00f3c nh\u1ecf SANWA 1\/2\" MM | SANWA","isPartOf":{"@id":"https:\/\/www.sanwa.co.th\/#website"},"primaryImageOfPage":{"@id":"https:\/\/www.sanwa.co.th\/vi\/product\/%e0%b8%a1%e0%b8%b4%e0%b8%99%e0%b8%b4%e0%b8%9a%e0%b8%ad%e0%b8%a5%e0%b8%a7%e0%b8%b2%e0%b8%a5%e0%b9%8c%e0%b8%a7%e0%b8%89%e0%b8%b2%e0%b8%81-%e0%b8%8b%e0%b8%b1%e0%b8%99%e0%b8%a7%e0%b8%b2-%e0%b8%9c\/#primaryimage"},"image":{"@id":"https:\/\/www.sanwa.co.th\/vi\/product\/%e0%b8%a1%e0%b8%b4%e0%b8%99%e0%b8%b4%e0%b8%9a%e0%b8%ad%e0%b8%a5%e0%b8%a7%e0%b8%b2%e0%b8%a5%e0%b9%8c%e0%b8%a7%e0%b8%89%e0%b8%b2%e0%b8%81-%e0%b8%8b%e0%b8%b1%e0%b8%99%e0%b8%a7%e0%b8%b2-%e0%b8%9c\/#primaryimage"},"thumbnailUrl":"https:\/\/www.sanwa.co.th\/wp-content\/uploads\/2021\/08\/SANWA-Mini-Angle-Ball-Valve-MM1.png","datePublished":"2021-10-28T08:13:04+00:00","dateModified":"2026-04-17T04:11:42+00:00","description":"Van g\u00f3c nh\u1ecf SANWA 1\/2\" MM SANWA |","breadcrumb":{"@id":"https:\/\/www.sanwa.co.th\/vi\/product\/%e0%b8%a1%e0%b8%b4%e0%b8%99%e0%b8%b4%e0%b8%9a%e0%b8%ad%e0%b8%a5%e0%b8%a7%e0%b8%b2%e0%b8%a5%e0%b9%8c%e0%b8%a7%e0%b8%89%e0%b8%b2%e0%b8%81-%e0%b8%8b%e0%b8%b1%e0%b8%99%e0%b8%a7%e0%b8%b2-%e0%b8%9c\/#breadcrumb"},"inLanguage":"vi-VN","potentialAction":[{"@type":"ReadAction","target":["https:\/\/www.sanwa.co.th\/vi\/product\/%e0%b8%a1%e0%b8%b4%e0%b8%99%e0%b8%b4%e0%b8%9a%e0%b8%ad%e0%b8%a5%e0%b8%a7%e0%b8%b2%e0%b8%a5%e0%b9%8c%e0%b8%a7%e0%b8%89%e0%b8%b2%e0%b8%81-%e0%b8%8b%e0%b8%b1%e0%b8%99%e0%b8%a7%e0%b8%b2-%e0%b8%9c\/"]}]},{"@type":"ImageObject","inLanguage":"vi-VN","@id":"https:\/\/www.sanwa.co.th\/vi\/product\/%e0%b8%a1%e0%b8%b4%e0%b8%99%e0%b8%b4%e0%b8%9a%e0%b8%ad%e0%b8%a5%e0%b8%a7%e0%b8%b2%e0%b8%a5%e0%b9%8c%e0%b8%a7%e0%b8%89%e0%b8%b2%e0%b8%81-%e0%b8%8b%e0%b8%b1%e0%b8%99%e0%b8%a7%e0%b8%b2-%e0%b8%9c\/#primaryimage","url":"https:\/\/www.sanwa.co.th\/wp-content\/uploads\/2021\/08\/SANWA-Mini-Angle-Ball-Valve-MM1.png","contentUrl":"https:\/\/www.sanwa.co.th\/wp-content\/uploads\/2021\/08\/SANWA-Mini-Angle-Ball-Valve-MM1.png","width":760,"height":760,"caption":"\u0e21\u0e34\u0e19\u0e34\u0e1a\u0e2d\u0e25\u0e27\u0e32\u0e25\u0e4c\u0e27\u0e09\u0e32\u0e01 \u0e1c\u0e1c. SANWA"},{"@type":"BreadcrumbList","@id":"https:\/\/www.sanwa.co.th\/vi\/product\/%e0%b8%a1%e0%b8%b4%e0%b8%99%e0%b8%b4%e0%b8%9a%e0%b8%ad%e0%b8%a5%e0%b8%a7%e0%b8%b2%e0%b8%a5%e0%b9%8c%e0%b8%a7%e0%b8%89%e0%b8%b2%e0%b8%81-%e0%b8%8b%e0%b8%b1%e0%b8%99%e0%b8%a7%e0%b8%b2-%e0%b8%9c\/#breadcrumb","itemListElement":[{"@type":"ListItem","position":1,"name":"\u0e2a\u0e34\u0e19\u0e04\u0e49\u0e32","item":"https:\/\/www.sanwa.co.th\/shop\/"},{"@type":"ListItem","position":2,"name":"Van g\u00f3c nh\u1ecf SANWA 1\/2&#8243; MM"}]},{"@type":"WebSite","@id":"https:\/\/www.sanwa.co.th\/#website","url":"https:\/\/www.sanwa.co.th\/","name":"SANWA","description":"SANWA is a manufacturer and distributor of high-quality brass plumbing fixtures that are durable, rust-resistant, and leak-proof.","publisher":{"@id":"https:\/\/www.sanwa.co.th\/#organization"},"potentialAction":[{"@type":"SearchAction","target":{"@type":"EntryPoint","urlTemplate":"https:\/\/www.sanwa.co.th\/?s={search_term_string}"},"query-input":{"@type":"PropertyValueSpecification","valueRequired":true,"valueName":"search_term_string"}}],"inLanguage":"vi-VN"},{"@type":"Organization","@id":"https:\/\/www.sanwa.co.th\/#organization","name":"SANWA","url":"https:\/\/www.sanwa.co.th\/","logo":{"@type":"ImageObject","inLanguage":"vi-VN","@id":"https:\/\/www.sanwa.co.th\/#\/schema\/logo\/image\/","url":"https:\/\/www.sanwa.co.th\/wp-content\/uploads\/2021\/09\/LOGO_SANWA.jpeg","contentUrl":"https:\/\/www.sanwa.co.th\/wp-content\/uploads\/2021\/09\/LOGO_SANWA.jpeg","width":1616,"height":348,"caption":"SANWA"},"image":{"@id":"https:\/\/www.sanwa.co.th\/#\/schema\/logo\/image\/"},"sameAs":["https:\/\/www.facebook.com\/SanwaThailand","https:\/\/youtube.com\/channel\/UC0e8b8N8ucQQGPSTmPWYLkQ","https:\/\/www.instagram.com\/sanwathailand\/","https:\/\/www.tiktok.com\/@sanwathailand"]}]}},"_links":{"self":[{"href":"https:\/\/www.sanwa.co.th\/vi\/wp-json\/wp\/v2\/product\/3631","targetHints":{"allow":["GET"]}}],"collection":[{"href":"https:\/\/www.sanwa.co.th\/vi\/wp-json\/wp\/v2\/product"}],"about":[{"href":"https:\/\/www.sanwa.co.th\/vi\/wp-json\/wp\/v2\/types\/product"}],"wp:featuredmedia":[{"embeddable":true,"href":"https:\/\/www.sanwa.co.th\/vi\/wp-json\/wp\/v2\/media\/3640"}],"wp:attachment":[{"href":"https:\/\/www.sanwa.co.th\/vi\/wp-json\/wp\/v2\/media?parent=3631"}],"wp:term":[{"taxonomy":"product_cat","embeddable":true,"href":"https:\/\/www.sanwa.co.th\/vi\/wp-json\/wp\/v2\/product_cat?post=3631"},{"taxonomy":"product_tag","embeddable":true,"href":"https:\/\/www.sanwa.co.th\/vi\/wp-json\/wp\/v2\/product_tag?post=3631"}],"curies":[{"name":"wp","href":"https:\/\/api.w.org\/{rel}","templated":true}]}}