{"id":3622,"date":"2021-09-22T19:02:03","date_gmt":"2021-09-22T12:02:03","guid":{"rendered":"https:\/\/www.sanwa.co.th\/product\/drago-rotary-piston-dn-15-20\/"},"modified":"2025-06-12T09:15:45","modified_gmt":"2025-06-12T02:15:45","slug":"drago-rotary-piston-dn-15-20","status":"publish","type":"product","link":"https:\/\/www.sanwa.co.th\/vi\/product\/drago-rotary-piston-dn-15-20\/","title":{"rendered":"DRAGO ROTARY PISTON DN 15-20"},"content":{"rendered":"<p>: \u0110\u1ed3ng h\u1ed3 n\u01b0\u1edbc \u0111i\u1ec7n t\u1eed, c\u00f3 th\u1ec3 \u0111\u1ecdc v\u00e0 thu th\u1eadp d\u1eef li\u1ec7u t\u1eeb xa.<br \/>\n: Qu\u1ea3n l\u00fd n\u01b0\u1edbc tr\u1ef1c tuy\u1ebfn, ph\u00e1t h\u00e0nh h\u00f3a \u0111\u01a1n ch\u00ednh x\u00e1c , C\u00f3 th\u1ec3 bi\u1ebft th\u00f4ng tin s\u1eed d\u1ee5ng n\u01b0\u1edbc 24 gi\u1edd m\u1ed9t ng\u00e0y..<br \/>\n: Th\u1eddi gian s\u1eed d\u1ee5ng l\u00e2u d\u00e0i l\u00ean \u0111\u1ebfn 8 n\u0103m, tu\u1ed5i th\u1ecd pin l\u00ean \u0111\u1ebfn 8 n\u0103m v\u00e0 c\u00f3 th\u1ec3 d\u1ec5 d\u00e0ng thay th\u1ebf t\u1ea1i ch\u1ed7 m\u00e0 kh\u00f4ng c\u1ea7n g\u1ee1 c\u00e0i \u0111\u1eb7t<br \/>\n: Th\u00f4ng b\u00e1o r\u00f2 r\u1ec9 n\u01b0\u1edbc, g\u1eedi th\u00f4ng b\u00e1o \u0111\u1ebfn \u0111i\u1ec7n tho\u1ea1i di \u0111\u1ed9ng khi s\u1eed d\u1ee5ng b\u1ea5t th\u01b0\u1eddng<br \/>\n: B\u1ed9 hi\u1ec3n th\u1ecb s\u1ed1 l\u01b0\u1ee3ng n\u01b0\u1edbc, bao g\u1ed3m c\u00e1c b\u00e1nh r\u0103ng v\u00e0 b\u00e1nh xe \u0111\u1ebfm s\u1ed1 \u0111\u00e3 \u0111\u01b0\u1ee3c ni\u00eam phong. Kh\u00f4ng c\u00f3 n\u01b0\u1edbc ho\u1eb7c b\u1ea5t c\u1ee9 th\u1ee9 g\u00ec kh\u00e1c c\u00f3 th\u1ec3 th\u1ea5m v\u00e0o.<br \/>\n: c\u00f3 v\u00f2ng b\u1ea3o v\u1ec7 nam ch\u00e2m \u0111\u1ec3 \u1ed5 \u0111\u0129a nam ch\u00e2m kh\u00f4ng b\u1ecb nam ch\u00e2m kh\u00e1c t\u00e1c \u0111\u1ed9ng v\u00e0 d\u1eebng l\u1ea1i t\u1eeb b\u00ean ngo\u00e0i.<\/p>\n<p><span style=\"color: #0000ff;\"><a style=\"color: #0000ff;\" href=\"https:\/\/www.sanwa.co.th\/wp-content\/uploads\/2025\/04\/BrochureDragoSmartMeter-310325-Co.pdf\" target=\"_blank\" rel=\"noopener\"><strong>\u2b07<\/strong>\u00a0Catalogues Download\u00a0\u00a0<\/a><\/span><br \/>\n<a href=\"https:\/\/www.sanwa.co.th\/wp-content\/uploads\/2025\/06\/Tis3078_9Jun68.pdf\" target=\"_blank\" rel=\"noopener\"><span style=\"color: #0000ff;\"><strong>\u2b07<\/strong>\u00a0TIS. 3078-2563 Download<\/span><\/a><\/p>\n<p>Remark :<br \/>\n<span class=\"s1\">DRAGO AUTOMATIC METER READING SYSTEM<\/span><br \/>\nThe product has received industrial product standards (TIS) 3078-2563 size 1\/2&#8243;<\/p>\n","protected":false},"excerpt":{"rendered":"<p>: \u0110\u1ed3ng h\u1ed3 n\u01b0\u1edbc \u0111i\u1ec7n t\u1eed, c\u00f3 th\u1ec3 \u0111\u1ecdc v\u00e0 thu th\u1eadp d\u1eef li\u1ec7u t\u1eeb xa. : Qu\u1ea3n l\u00fd n\u01b0\u1edbc tr\u1ef1c tuy\u1ebfn, ph\u00e1t h\u00e0nh h\u00f3a \u0111\u01a1n ch\u00ednh x\u00e1c , C\u00f3 th\u1ec3 bi\u1ebft th\u00f4ng tin s\u1eed d\u1ee5ng n\u01b0\u1edbc 24 gi\u1edd m\u1ed9t ng\u00e0y.. : Th\u1eddi gian s\u1eed d\u1ee5ng l\u00e2u d\u00e0i l\u00ean \u0111\u1ebfn 8 n\u0103m, tu\u1ed5i th\u1ecd pin [&hellip;]<\/p>\n","protected":false},"featured_media":7857,"template":"","meta":[],"product_cat":[384],"product_tag":[214,18,275,103,101,102,213],"class_list":["post-3622","product","type-product","status-publish","has-post-thumbnail","hentry","product_brand-drago-vi","product_job_type-vertical-work-vi","product_job_type-project-hotel-vi","product_job_type-building-apartment-condominium-vi","product_cat-water-meter-vi","product_tag-drago","product_tag-18","product_tag-275","product_tag-103","product_tag-101","product_tag-102","product_tag-213"],"acf":[],"yoast_head":"<!-- This site is optimized with the Yoast SEO plugin v27.5 - https:\/\/yoast.com\/product\/yoast-seo-wordpress\/ -->\n<title>DRAGO ROTARY PISTON DN 15-20 | SANWA<\/title>\n<meta name=\"description\" content=\"DRAGO ROTARY PISTON DN 15-20 SANWA |\" \/>\n<meta name=\"robots\" content=\"index, follow, max-snippet:-1, max-image-preview:large, max-video-preview:-1\" \/>\n<link rel=\"canonical\" href=\"https:\/\/www.sanwa.co.th\/vi\/product\/drago-rotary-piston-dn-15-20\/\" \/>\n<meta property=\"og:locale\" content=\"vi_VN\" \/>\n<meta property=\"og:type\" content=\"article\" \/>\n<meta property=\"og:title\" content=\"DRAGO ROTARY PISTON DN 15-20 | SANWA\" \/>\n<meta property=\"og:description\" content=\"DRAGO ROTARY PISTON DN 15-20 SANWA |\" \/>\n<meta property=\"og:url\" content=\"https:\/\/www.sanwa.co.th\/vi\/product\/drago-rotary-piston-dn-15-20\/\" \/>\n<meta property=\"og:site_name\" content=\"SANWA\" \/>\n<meta property=\"article:publisher\" content=\"https:\/\/www.facebook.com\/SanwaThailand\" \/>\n<meta property=\"article:modified_time\" content=\"2025-06-12T02:15:45+00:00\" \/>\n<meta property=\"og:image\" content=\"https:\/\/www.sanwa.co.th\/wp-content\/uploads\/2021\/09\/DRAGO-ROTARY-PISTON-DN-15-20-\u0e21\u0e2d\u0e01.png\" \/>\n\t<meta property=\"og:image:width\" content=\"760\" \/>\n\t<meta property=\"og:image:height\" content=\"760\" \/>\n\t<meta property=\"og:image:type\" content=\"image\/png\" \/>\n<meta name=\"twitter:card\" content=\"summary_large_image\" \/>\n<meta name=\"twitter:label1\" content=\"Est. reading time\" \/>\n\t<meta name=\"twitter:data1\" content=\"1 minute\" \/>\n<!-- \/ Yoast SEO plugin. -->","yoast_head_json":{"title":"DRAGO ROTARY PISTON DN 15-20 | SANWA","description":"DRAGO ROTARY PISTON DN 15-20 SANWA |","robots":{"index":"index","follow":"follow","max-snippet":"max-snippet:-1","max-image-preview":"max-image-preview:large","max-video-preview":"max-video-preview:-1"},"canonical":"https:\/\/www.sanwa.co.th\/vi\/product\/drago-rotary-piston-dn-15-20\/","og_locale":"vi_VN","og_type":"article","og_title":"DRAGO ROTARY PISTON DN 15-20 | SANWA","og_description":"DRAGO ROTARY PISTON DN 15-20 SANWA |","og_url":"https:\/\/www.sanwa.co.th\/vi\/product\/drago-rotary-piston-dn-15-20\/","og_site_name":"SANWA","article_publisher":"https:\/\/www.facebook.com\/SanwaThailand","article_modified_time":"2025-06-12T02:15:45+00:00","og_image":[{"width":760,"height":760,"url":"https:\/\/www.sanwa.co.th\/wp-content\/uploads\/2021\/09\/DRAGO-ROTARY-PISTON-DN-15-20-\u0e21\u0e2d\u0e01.png","type":"image\/png"}],"twitter_card":"summary_large_image","twitter_misc":{"Est. reading time":"1 minute"},"schema":{"@context":"https:\/\/schema.org","@graph":[{"@type":"WebPage","@id":"https:\/\/www.sanwa.co.th\/vi\/product\/drago-rotary-piston-dn-15-20\/","url":"https:\/\/www.sanwa.co.th\/vi\/product\/drago-rotary-piston-dn-15-20\/","name":"DRAGO ROTARY PISTON DN 15-20 | SANWA","isPartOf":{"@id":"https:\/\/www.sanwa.co.th\/#website"},"primaryImageOfPage":{"@id":"https:\/\/www.sanwa.co.th\/vi\/product\/drago-rotary-piston-dn-15-20\/#primaryimage"},"image":{"@id":"https:\/\/www.sanwa.co.th\/vi\/product\/drago-rotary-piston-dn-15-20\/#primaryimage"},"thumbnailUrl":"https:\/\/www.sanwa.co.th\/wp-content\/uploads\/2021\/09\/DRAGO-ROTARY-PISTON-DN-15-20-\u0e21\u0e2d\u0e01.png","datePublished":"2021-09-22T12:02:03+00:00","dateModified":"2025-06-12T02:15:45+00:00","description":"DRAGO ROTARY PISTON DN 15-20 SANWA |","breadcrumb":{"@id":"https:\/\/www.sanwa.co.th\/vi\/product\/drago-rotary-piston-dn-15-20\/#breadcrumb"},"inLanguage":"vi-VN","potentialAction":[{"@type":"ReadAction","target":["https:\/\/www.sanwa.co.th\/vi\/product\/drago-rotary-piston-dn-15-20\/"]}]},{"@type":"ImageObject","inLanguage":"vi-VN","@id":"https:\/\/www.sanwa.co.th\/vi\/product\/drago-rotary-piston-dn-15-20\/#primaryimage","url":"https:\/\/www.sanwa.co.th\/wp-content\/uploads\/2021\/09\/DRAGO-ROTARY-PISTON-DN-15-20-\u0e21\u0e2d\u0e01.png","contentUrl":"https:\/\/www.sanwa.co.th\/wp-content\/uploads\/2021\/09\/DRAGO-ROTARY-PISTON-DN-15-20-\u0e21\u0e2d\u0e01.png","width":760,"height":760,"caption":"\u0e21\u0e34\u0e40\u0e15\u0e2d\u0e23\u0e4c\u0e19\u0e49\u0e33 Digital Drago \u0e23\u0e30\u0e1a\u0e1a\u0e25\u0e39\u0e01\u0e2a\u0e38\u0e1a\u0e02\u0e19\u0e32\u0e14 4 \u0e2b\u0e38\u0e19-6 \u0e2b\u0e38\u0e19"},{"@type":"BreadcrumbList","@id":"https:\/\/www.sanwa.co.th\/vi\/product\/drago-rotary-piston-dn-15-20\/#breadcrumb","itemListElement":[{"@type":"ListItem","position":1,"name":"\u0e2a\u0e34\u0e19\u0e04\u0e49\u0e32","item":"https:\/\/www.sanwa.co.th\/shop\/"},{"@type":"ListItem","position":2,"name":"DRAGO ROTARY PISTON DN 15-20"}]},{"@type":"WebSite","@id":"https:\/\/www.sanwa.co.th\/#website","url":"https:\/\/www.sanwa.co.th\/","name":"SANWA","description":"SANWA is a manufacturer and distributor of high-quality brass plumbing fixtures that are durable, rust-resistant, and leak-proof.","publisher":{"@id":"https:\/\/www.sanwa.co.th\/#organization"},"potentialAction":[{"@type":"SearchAction","target":{"@type":"EntryPoint","urlTemplate":"https:\/\/www.sanwa.co.th\/?s={search_term_string}"},"query-input":{"@type":"PropertyValueSpecification","valueRequired":true,"valueName":"search_term_string"}}],"inLanguage":"vi-VN"},{"@type":"Organization","@id":"https:\/\/www.sanwa.co.th\/#organization","name":"SANWA","url":"https:\/\/www.sanwa.co.th\/","logo":{"@type":"ImageObject","inLanguage":"vi-VN","@id":"https:\/\/www.sanwa.co.th\/#\/schema\/logo\/image\/","url":"https:\/\/www.sanwa.co.th\/wp-content\/uploads\/2021\/09\/LOGO_SANWA.jpeg","contentUrl":"https:\/\/www.sanwa.co.th\/wp-content\/uploads\/2021\/09\/LOGO_SANWA.jpeg","width":1616,"height":348,"caption":"SANWA"},"image":{"@id":"https:\/\/www.sanwa.co.th\/#\/schema\/logo\/image\/"},"sameAs":["https:\/\/www.facebook.com\/SanwaThailand","https:\/\/youtube.com\/channel\/UC0e8b8N8ucQQGPSTmPWYLkQ","https:\/\/www.instagram.com\/sanwathailand\/","https:\/\/www.tiktok.com\/@sanwathailand"]}]}},"_links":{"self":[{"href":"https:\/\/www.sanwa.co.th\/vi\/wp-json\/wp\/v2\/product\/3622","targetHints":{"allow":["GET"]}}],"collection":[{"href":"https:\/\/www.sanwa.co.th\/vi\/wp-json\/wp\/v2\/product"}],"about":[{"href":"https:\/\/www.sanwa.co.th\/vi\/wp-json\/wp\/v2\/types\/product"}],"wp:featuredmedia":[{"embeddable":true,"href":"https:\/\/www.sanwa.co.th\/vi\/wp-json\/wp\/v2\/media\/7857"}],"wp:attachment":[{"href":"https:\/\/www.sanwa.co.th\/vi\/wp-json\/wp\/v2\/media?parent=3622"}],"wp:term":[{"taxonomy":"product_cat","embeddable":true,"href":"https:\/\/www.sanwa.co.th\/vi\/wp-json\/wp\/v2\/product_cat?post=3622"},{"taxonomy":"product_tag","embeddable":true,"href":"https:\/\/www.sanwa.co.th\/vi\/wp-json\/wp\/v2\/product_tag?post=3622"}],"curies":[{"name":"wp","href":"https:\/\/api.w.org\/{rel}","templated":true}]}}