{"id":3608,"date":"2021-09-22T19:06:01","date_gmt":"2021-09-22T12:06:01","guid":{"rendered":"https:\/\/www.sanwa.co.th\/product\/%e0%b8%a1%e0%b8%b2%e0%b8%95%e0%b8%a3%e0%b8%a7%e0%b8%b1%e0%b8%94%e0%b8%99%e0%b9%8d%e0%b9%89%e0%b8%b2-%e0%b8%ad%e0%b8%b2%e0%b8%8b%e0%b8%b2%e0%b8%ae%e0%b8%b5-%e0%b8%a3%e0%b8%b0%e0%b8%9a%e0%b8%9a%e0%b9%80\/"},"modified":"2026-04-16T14:12:36","modified_gmt":"2026-04-16T07:12:36","slug":"%e0%b8%a1%e0%b8%b2%e0%b8%95%e0%b8%a3%e0%b8%a7%e0%b8%b1%e0%b8%94%e0%b8%99%e0%b9%8d%e0%b9%89%e0%b8%b2-%e0%b8%ad%e0%b8%b2%e0%b8%8b%e0%b8%b2%e0%b8%ae%e0%b8%b5-%e0%b8%a3%e0%b8%b0%e0%b8%9a%e0%b8%9a%e0%b9%80","status":"publish","type":"product","link":"https:\/\/www.sanwa.co.th\/vi\/product\/%e0%b8%a1%e0%b8%b2%e0%b8%95%e0%b8%a3%e0%b8%a7%e0%b8%b1%e0%b8%94%e0%b8%99%e0%b9%8d%e0%b9%89%e0%b8%b2-%e0%b8%ad%e0%b8%b2%e0%b8%8b%e0%b8%b2%e0%b8%ae%e0%b8%b5-%e0%b8%a3%e0%b8%b0%e0%b8%9a%e0%b8%9a%e0%b9%80\/","title":{"rendered":"\u0110\u1ed3ng h\u1ed3 t\u1eeb ASAHI (GMK- nh\u1ef1a) 3\/4&#8243;"},"content":{"rendered":"<p>: V\u1ecf v\u00e0 n\u1eafp nh\u1ef1a ph\u00f9 h\u1ee3p cho K\u1ef9 thu\u1eadt ch\u1ea5t l\u1ecfng<br \/>\n: \u0110a tia trong \u0111\u1ed3ng h\u1ed3 c\u00f3 hai l\u1edbp ri\u00eang bi\u1ec7t: ph\u1ea7n ghi v\u00e0 khoang \u0111o.<br \/>\n: b\u1ed9 ph\u1ea7n ghi \u0111\u01b0\u1ee3c ni\u00eam phong k\u00edn ho\u00e0n ch\u1ec9nh c\u00f3 ch\u1ee9a b\u00e1nh r\u0103ng v\u00e0 b\u00e1nh xe \u0111\u1ebfm s\u1ed1 \u0111\u01b0\u1ee3c c\u00e1ch ly ho\u00e0n to\u00e0n kh\u1ecfi n\u01b0\u1edbc<br \/>\n: c\u00f3 v\u00f2ng b\u1ea3o v\u1ec7 nam ch\u00e2m \u0111\u1ec3 \u1ed5 \u0111\u0129a nam ch\u00e2m kh\u00f4ng b\u1ecb nam ch\u00e2m kh\u00e1c t\u00e1c \u0111\u1ed9ng v\u00e0 d\u1eebng l\u1ea1i t\u1eeb b\u00ean ngo\u00e0i \u0111\u1ed3ng h\u1ed3 n\u01b0\u1edbc.<br \/>\n: \u0110\u1ecdc l\u01b0u l\u01b0\u1ee3ng d\u00f2ng ch\u1ea3y \u0111\u01b0\u1ee3c r\u00f5 r\u00e0ng v\u00e0 ch\u00ednh x\u00e1c.<br \/>\n: Ng\u00f4i sao hoa ti\u00eau \u1edf trung t\u00e2m c\u1ee7a T\u1ea5m quay s\u1ed1 \u0111\u01b0\u1ee3c gh\u00e9p tr\u1ef1c ti\u1ebfp v\u1edbi c\u00e1nh g\u1ea1t; gi\u00fap ph\u00e1t hi\u1ec7n r\u00f2 r\u1ec9 trong \u1ed1ng n\u01b0\u1edbc<br \/>\n: C\u00f3 th\u1ec3 \u0111o l\u01b0\u1ee3ng n\u01b0\u1edbc \u0111\u01b0\u1ee3c ch\u00ednh x\u00e1c v\u1edbi t\u1ed1c \u0111\u1ed9 d\u00f2ng ch\u1ea3y th\u1ea5p.<br \/>\n: \u0110\u00e3 \u0111\u1ea1t ti\u00eau chu\u1ea9n ki\u1ec3m tra \u0111\u1ed9 ch\u00ednh x\u00e1c t\u1eeb B\u1ed9 ph\u1eadn \u0110o l\u01b0\u1eddng \/ C\u01a1 quan C\u00f4ng tr\u00ecnh c\u1ea5p n\u01b0\u1edbc th\u00e0nh ph\u1ed1 \/ C\u01a1 quan qu\u1ea3n l\u00fd c\u00f4ng tr\u00ecnh c\u1ea5p n\u01b0\u1edbc t\u1ec9nh<br \/>\n: Ki\u1ec3m tra \u00e1p l\u1ef1c n\u01b0\u1edbc \u0111\u1ed1i v\u1edbi s\u1ef1 th\u1ea5m, r\u00f2 r\u1ec9 v\u00e0 b\u1ed9 b\u00e1nh r\u0103ng 100% tr\u01b0\u1edbc khi b\u00e1n h\u00e0ng<\/p>\n<p><span style=\"color: #0000ff;\"><a style=\"color: #0000ff;\" href=\"https:\/\/www.sanwa.co.th\/wp-content\/uploads\/2021\/08\/080426-Spec-sheet-GMK-P20.pdf\" target=\"_blank\" rel=\"noopener\">\u2b07 Catalogues Download\u00a0<\/a>\u00a0\u00a0\u00a0\u00a0\u00a0\u00a0\u00a0 <a style=\"color: #0000ff;\" href=\"https:\/\/www.sanwa.co.th\/wp-content\/uploads\/2023\/04\/INSTALLATION-Meter.pdf\" target=\"_blank\" rel=\"noopener\">\u2b07 Manual Download<\/a><br \/>\n<a style=\"color: #0000ff;\" href=\"https:\/\/www.sanwa.co.th\/wp-content\/uploads\/2025\/06\/Tis3078_9Jun68.pdf\" target=\"_blank\" rel=\"noopener\">\u2b07 TIS. 3078-2563 Download<\/a><\/span><\/p>\n<p><span style=\"color: #000000;\">Remark :<br \/>\nThe product has received industrial product standards (TIS) 3078-2563<\/span><\/p>\n","protected":false},"excerpt":{"rendered":"<p>: V\u1ecf v\u00e0 n\u1eafp nh\u1ef1a ph\u00f9 h\u1ee3p cho K\u1ef9 thu\u1eadt ch\u1ea5t l\u1ecfng : \u0110a tia trong \u0111\u1ed3ng h\u1ed3 c\u00f3 hai l\u1edbp ri\u00eang bi\u1ec7t: ph\u1ea7n ghi v\u00e0 khoang \u0111o. : b\u1ed9 ph\u1ea7n ghi \u0111\u01b0\u1ee3c ni\u00eam phong k\u00edn ho\u00e0n ch\u1ec9nh c\u00f3 ch\u1ee9a b\u00e1nh r\u0103ng v\u00e0 b\u00e1nh xe \u0111\u1ebfm s\u1ed1 \u0111\u01b0\u1ee3c c\u00e1ch ly ho\u00e0n to\u00e0n kh\u1ecfi n\u01b0\u1edbc : [&hellip;]<\/p>\n","protected":false},"featured_media":10246,"template":"","meta":[],"product_cat":[384],"product_tag":[274,18,103,101,102],"class_list":["post-3608","product","type-product","status-publish","has-post-thumbnail","hentry","product_brand-asahi-vi","product_job_type-government-vi","product_job_type-normal-vi","product_job_type-building-apartment-condominium-vi","product_cat-water-meter-vi","product_tag-asahi","product_tag-18","product_tag-103","product_tag-101","product_tag-102"],"acf":[],"yoast_head":"<!-- This site is optimized with the Yoast SEO plugin v27.5 - https:\/\/yoast.com\/product\/yoast-seo-wordpress\/ -->\n<title>\u0110\u1ed3ng h\u1ed3 t\u1eeb ASAHI (GMK- nh\u1ef1a) 3\/4&quot; | SANWA<\/title>\n<meta name=\"description\" content=\"\u0110\u1ed3ng h\u1ed3 t\u1eeb ASAHI (GMK- nh\u1ef1a) 3\/4&quot; SANWA |\" \/>\n<meta name=\"robots\" content=\"index, follow, max-snippet:-1, max-image-preview:large, max-video-preview:-1\" \/>\n<link rel=\"canonical\" href=\"https:\/\/www.sanwa.co.th\/vi\/product\/\u0e21\u0e32\u0e15\u0e23\u0e27\u0e31\u0e14\u0e19\u0e4d\u0e49\u0e32-\u0e2d\u0e32\u0e0b\u0e32\u0e2e\u0e35-\u0e23\u0e30\u0e1a\u0e1a\u0e40\/\" \/>\n<meta property=\"og:locale\" content=\"vi_VN\" \/>\n<meta property=\"og:type\" content=\"article\" \/>\n<meta property=\"og:title\" content=\"\u0110\u1ed3ng h\u1ed3 t\u1eeb ASAHI (GMK- nh\u1ef1a) 3\/4&quot; | SANWA\" \/>\n<meta property=\"og:description\" content=\"\u0110\u1ed3ng h\u1ed3 t\u1eeb ASAHI (GMK- nh\u1ef1a) 3\/4&quot; SANWA |\" \/>\n<meta property=\"og:url\" content=\"https:\/\/www.sanwa.co.th\/vi\/product\/\u0e21\u0e32\u0e15\u0e23\u0e27\u0e31\u0e14\u0e19\u0e4d\u0e49\u0e32-\u0e2d\u0e32\u0e0b\u0e32\u0e2e\u0e35-\u0e23\u0e30\u0e1a\u0e1a\u0e40\/\" \/>\n<meta property=\"og:site_name\" content=\"SANWA\" \/>\n<meta property=\"article:publisher\" content=\"https:\/\/www.facebook.com\/SanwaThailand\" \/>\n<meta property=\"article:modified_time\" content=\"2026-04-16T07:12:36+00:00\" \/>\n<meta property=\"og:image\" content=\"https:\/\/www.sanwa.co.th\/wp-content\/uploads\/2025\/06\/ASAHI-WATER-METER-GMK20-Plastic1-\u0e21\u0e2d\u0e01.png\" \/>\n\t<meta property=\"og:image:width\" content=\"760\" \/>\n\t<meta property=\"og:image:height\" content=\"760\" \/>\n\t<meta property=\"og:image:type\" content=\"image\/png\" \/>\n<meta name=\"twitter:card\" content=\"summary_large_image\" \/>\n<meta name=\"twitter:label1\" content=\"Est. reading time\" \/>\n\t<meta name=\"twitter:data1\" content=\"2 minutes\" \/>\n<!-- \/ Yoast SEO plugin. -->","yoast_head_json":{"title":"\u0110\u1ed3ng h\u1ed3 t\u1eeb ASAHI (GMK- nh\u1ef1a) 3\/4\" | SANWA","description":"\u0110\u1ed3ng h\u1ed3 t\u1eeb ASAHI (GMK- nh\u1ef1a) 3\/4\" SANWA |","robots":{"index":"index","follow":"follow","max-snippet":"max-snippet:-1","max-image-preview":"max-image-preview:large","max-video-preview":"max-video-preview:-1"},"canonical":"https:\/\/www.sanwa.co.th\/vi\/product\/\u0e21\u0e32\u0e15\u0e23\u0e27\u0e31\u0e14\u0e19\u0e4d\u0e49\u0e32-\u0e2d\u0e32\u0e0b\u0e32\u0e2e\u0e35-\u0e23\u0e30\u0e1a\u0e1a\u0e40\/","og_locale":"vi_VN","og_type":"article","og_title":"\u0110\u1ed3ng h\u1ed3 t\u1eeb ASAHI (GMK- nh\u1ef1a) 3\/4\" | SANWA","og_description":"\u0110\u1ed3ng h\u1ed3 t\u1eeb ASAHI (GMK- nh\u1ef1a) 3\/4\" SANWA |","og_url":"https:\/\/www.sanwa.co.th\/vi\/product\/\u0e21\u0e32\u0e15\u0e23\u0e27\u0e31\u0e14\u0e19\u0e4d\u0e49\u0e32-\u0e2d\u0e32\u0e0b\u0e32\u0e2e\u0e35-\u0e23\u0e30\u0e1a\u0e1a\u0e40\/","og_site_name":"SANWA","article_publisher":"https:\/\/www.facebook.com\/SanwaThailand","article_modified_time":"2026-04-16T07:12:36+00:00","og_image":[{"width":760,"height":760,"url":"https:\/\/www.sanwa.co.th\/wp-content\/uploads\/2025\/06\/ASAHI-WATER-METER-GMK20-Plastic1-\u0e21\u0e2d\u0e01.png","type":"image\/png"}],"twitter_card":"summary_large_image","twitter_misc":{"Est. reading time":"2 minutes"},"schema":{"@context":"https:\/\/schema.org","@graph":[{"@type":"WebPage","@id":"https:\/\/www.sanwa.co.th\/vi\/product\/%e0%b8%a1%e0%b8%b2%e0%b8%95%e0%b8%a3%e0%b8%a7%e0%b8%b1%e0%b8%94%e0%b8%99%e0%b9%8d%e0%b9%89%e0%b8%b2-%e0%b8%ad%e0%b8%b2%e0%b8%8b%e0%b8%b2%e0%b8%ae%e0%b8%b5-%e0%b8%a3%e0%b8%b0%e0%b8%9a%e0%b8%9a%e0%b9%80\/","url":"https:\/\/www.sanwa.co.th\/vi\/product\/%e0%b8%a1%e0%b8%b2%e0%b8%95%e0%b8%a3%e0%b8%a7%e0%b8%b1%e0%b8%94%e0%b8%99%e0%b9%8d%e0%b9%89%e0%b8%b2-%e0%b8%ad%e0%b8%b2%e0%b8%8b%e0%b8%b2%e0%b8%ae%e0%b8%b5-%e0%b8%a3%e0%b8%b0%e0%b8%9a%e0%b8%9a%e0%b9%80\/","name":"\u0110\u1ed3ng h\u1ed3 t\u1eeb ASAHI (GMK- nh\u1ef1a) 3\/4\" | SANWA","isPartOf":{"@id":"https:\/\/www.sanwa.co.th\/#website"},"primaryImageOfPage":{"@id":"https:\/\/www.sanwa.co.th\/vi\/product\/%e0%b8%a1%e0%b8%b2%e0%b8%95%e0%b8%a3%e0%b8%a7%e0%b8%b1%e0%b8%94%e0%b8%99%e0%b9%8d%e0%b9%89%e0%b8%b2-%e0%b8%ad%e0%b8%b2%e0%b8%8b%e0%b8%b2%e0%b8%ae%e0%b8%b5-%e0%b8%a3%e0%b8%b0%e0%b8%9a%e0%b8%9a%e0%b9%80\/#primaryimage"},"image":{"@id":"https:\/\/www.sanwa.co.th\/vi\/product\/%e0%b8%a1%e0%b8%b2%e0%b8%95%e0%b8%a3%e0%b8%a7%e0%b8%b1%e0%b8%94%e0%b8%99%e0%b9%8d%e0%b9%89%e0%b8%b2-%e0%b8%ad%e0%b8%b2%e0%b8%8b%e0%b8%b2%e0%b8%ae%e0%b8%b5-%e0%b8%a3%e0%b8%b0%e0%b8%9a%e0%b8%9a%e0%b9%80\/#primaryimage"},"thumbnailUrl":"https:\/\/www.sanwa.co.th\/wp-content\/uploads\/2025\/06\/ASAHI-WATER-METER-GMK20-Plastic1-\u0e21\u0e2d\u0e01.png","datePublished":"2021-09-22T12:06:01+00:00","dateModified":"2026-04-16T07:12:36+00:00","description":"\u0110\u1ed3ng h\u1ed3 t\u1eeb ASAHI (GMK- nh\u1ef1a) 3\/4\" SANWA |","breadcrumb":{"@id":"https:\/\/www.sanwa.co.th\/vi\/product\/%e0%b8%a1%e0%b8%b2%e0%b8%95%e0%b8%a3%e0%b8%a7%e0%b8%b1%e0%b8%94%e0%b8%99%e0%b9%8d%e0%b9%89%e0%b8%b2-%e0%b8%ad%e0%b8%b2%e0%b8%8b%e0%b8%b2%e0%b8%ae%e0%b8%b5-%e0%b8%a3%e0%b8%b0%e0%b8%9a%e0%b8%9a%e0%b9%80\/#breadcrumb"},"inLanguage":"vi-VN","potentialAction":[{"@type":"ReadAction","target":["https:\/\/www.sanwa.co.th\/vi\/product\/%e0%b8%a1%e0%b8%b2%e0%b8%95%e0%b8%a3%e0%b8%a7%e0%b8%b1%e0%b8%94%e0%b8%99%e0%b9%8d%e0%b9%89%e0%b8%b2-%e0%b8%ad%e0%b8%b2%e0%b8%8b%e0%b8%b2%e0%b8%ae%e0%b8%b5-%e0%b8%a3%e0%b8%b0%e0%b8%9a%e0%b8%9a%e0%b9%80\/"]}]},{"@type":"ImageObject","inLanguage":"vi-VN","@id":"https:\/\/www.sanwa.co.th\/vi\/product\/%e0%b8%a1%e0%b8%b2%e0%b8%95%e0%b8%a3%e0%b8%a7%e0%b8%b1%e0%b8%94%e0%b8%99%e0%b9%8d%e0%b9%89%e0%b8%b2-%e0%b8%ad%e0%b8%b2%e0%b8%8b%e0%b8%b2%e0%b8%ae%e0%b8%b5-%e0%b8%a3%e0%b8%b0%e0%b8%9a%e0%b8%9a%e0%b9%80\/#primaryimage","url":"https:\/\/www.sanwa.co.th\/wp-content\/uploads\/2025\/06\/ASAHI-WATER-METER-GMK20-Plastic1-\u0e21\u0e2d\u0e01.png","contentUrl":"https:\/\/www.sanwa.co.th\/wp-content\/uploads\/2025\/06\/ASAHI-WATER-METER-GMK20-Plastic1-\u0e21\u0e2d\u0e01.png","width":760,"height":760,"caption":"SANWA ASAHI GMK Plastic water meter \u0e21\u0e34\u0e40\u0e15\u0e2d\u0e23\u0e4c\u0e1b\u0e23\u0e30\u0e1b\u0e32 \u0e21\u0e34\u0e40\u0e15\u0e2d\u0e23\u0e4c\u0e19\u0e49\u0e33 \u0e21\u0e32\u0e15\u0e23 \u0e19\u0e33\u0e49 \u0e21\u0e32\u0e15\u0e23 \u0e19\u0e49\u0e33\u0e1e\u0e25\u0e32\u0e2a\u0e15\u0e34\u0e01 6 \u0e2b\u0e38\u0e19 \u0e23\u0e32\u0e04\u0e32\u0e04\u0e38\u0e49\u0e21\u0e04\u0e48\u0e32 \u0e2d\u0e48\u0e32\u0e19\u0e04\u0e48\u0e32\u0e19\u0e49\u0e33\u0e1b\u0e23\u0e30\u0e1b\u0e32 \u0e41\u0e21\u0e48\u0e19\u0e22\u0e33 \u0e40\u0e17\u0e35\u0e48\u0e22\u0e07\u0e15\u0e23\u0e07"},{"@type":"BreadcrumbList","@id":"https:\/\/www.sanwa.co.th\/vi\/product\/%e0%b8%a1%e0%b8%b2%e0%b8%95%e0%b8%a3%e0%b8%a7%e0%b8%b1%e0%b8%94%e0%b8%99%e0%b9%8d%e0%b9%89%e0%b8%b2-%e0%b8%ad%e0%b8%b2%e0%b8%8b%e0%b8%b2%e0%b8%ae%e0%b8%b5-%e0%b8%a3%e0%b8%b0%e0%b8%9a%e0%b8%9a%e0%b9%80\/#breadcrumb","itemListElement":[{"@type":"ListItem","position":1,"name":"\u0e2a\u0e34\u0e19\u0e04\u0e49\u0e32","item":"https:\/\/www.sanwa.co.th\/shop\/"},{"@type":"ListItem","position":2,"name":"\u0110\u1ed3ng h\u1ed3 t\u1eeb ASAHI (GMK- nh\u1ef1a) 3\/4&#8243;"}]},{"@type":"WebSite","@id":"https:\/\/www.sanwa.co.th\/#website","url":"https:\/\/www.sanwa.co.th\/","name":"SANWA","description":"SANWA is a manufacturer and distributor of high-quality brass plumbing fixtures that are durable, rust-resistant, and leak-proof.","publisher":{"@id":"https:\/\/www.sanwa.co.th\/#organization"},"potentialAction":[{"@type":"SearchAction","target":{"@type":"EntryPoint","urlTemplate":"https:\/\/www.sanwa.co.th\/?s={search_term_string}"},"query-input":{"@type":"PropertyValueSpecification","valueRequired":true,"valueName":"search_term_string"}}],"inLanguage":"vi-VN"},{"@type":"Organization","@id":"https:\/\/www.sanwa.co.th\/#organization","name":"SANWA","url":"https:\/\/www.sanwa.co.th\/","logo":{"@type":"ImageObject","inLanguage":"vi-VN","@id":"https:\/\/www.sanwa.co.th\/#\/schema\/logo\/image\/","url":"https:\/\/www.sanwa.co.th\/wp-content\/uploads\/2021\/09\/LOGO_SANWA.jpeg","contentUrl":"https:\/\/www.sanwa.co.th\/wp-content\/uploads\/2021\/09\/LOGO_SANWA.jpeg","width":1616,"height":348,"caption":"SANWA"},"image":{"@id":"https:\/\/www.sanwa.co.th\/#\/schema\/logo\/image\/"},"sameAs":["https:\/\/www.facebook.com\/SanwaThailand","https:\/\/youtube.com\/channel\/UC0e8b8N8ucQQGPSTmPWYLkQ","https:\/\/www.instagram.com\/sanwathailand\/","https:\/\/www.tiktok.com\/@sanwathailand"]}]}},"_links":{"self":[{"href":"https:\/\/www.sanwa.co.th\/vi\/wp-json\/wp\/v2\/product\/3608","targetHints":{"allow":["GET"]}}],"collection":[{"href":"https:\/\/www.sanwa.co.th\/vi\/wp-json\/wp\/v2\/product"}],"about":[{"href":"https:\/\/www.sanwa.co.th\/vi\/wp-json\/wp\/v2\/types\/product"}],"wp:featuredmedia":[{"embeddable":true,"href":"https:\/\/www.sanwa.co.th\/vi\/wp-json\/wp\/v2\/media\/10246"}],"wp:attachment":[{"href":"https:\/\/www.sanwa.co.th\/vi\/wp-json\/wp\/v2\/media?parent=3608"}],"wp:term":[{"taxonomy":"product_cat","embeddable":true,"href":"https:\/\/www.sanwa.co.th\/vi\/wp-json\/wp\/v2\/product_cat?post=3608"},{"taxonomy":"product_tag","embeddable":true,"href":"https:\/\/www.sanwa.co.th\/vi\/wp-json\/wp\/v2\/product_tag?post=3608"}],"curies":[{"name":"wp","href":"https:\/\/api.w.org\/{rel}","templated":true}]}}