{"id":3601,"date":"2021-09-22T19:08:02","date_gmt":"2021-09-22T12:08:02","guid":{"rendered":"https:\/\/www.sanwa.co.th\/product\/%e0%b8%a1%e0%b8%b2%e0%b8%95%e0%b8%a3%e0%b8%a7%e0%b8%b1%e0%b8%94%e0%b8%99%e0%b9%8d%e0%b9%89%e0%b8%b2-%e0%b8%ad%e0%b8%b2%e0%b8%8b%e0%b8%b2%e0%b8%ae%e0%b8%b5-%e0%b8%a3%e0%b8%b0%e0%b8%9a%e0%b8%9a-2\/"},"modified":"2026-04-16T14:56:01","modified_gmt":"2026-04-16T07:56:01","slug":"%e0%b8%a1%e0%b8%b2%e0%b8%95%e0%b8%a3%e0%b8%a7%e0%b8%b1%e0%b8%94%e0%b8%99%e0%b9%8d%e0%b9%89%e0%b8%b2-%e0%b8%ad%e0%b8%b2%e0%b8%8b%e0%b8%b2%e0%b8%ae%e0%b8%b5-%e0%b8%a3%e0%b8%b0%e0%b8%9a%e0%b8%9a-2","status":"publish","type":"product","link":"https:\/\/www.sanwa.co.th\/vi\/product\/%e0%b8%a1%e0%b8%b2%e0%b8%95%e0%b8%a3%e0%b8%a7%e0%b8%b1%e0%b8%94%e0%b8%99%e0%b9%8d%e0%b9%89%e0%b8%b2-%e0%b8%ad%e0%b8%b2%e0%b8%8b%e0%b8%b2%e0%b8%ae%e0%b8%b5-%e0%b8%a3%e0%b8%b0%e0%b8%9a%e0%b8%9a-2\/","title":{"rendered":"\u0110\u1ed3ng h\u1ed3 t\u1eeb ASAHI (GMK)"},"content":{"rendered":"<p>: \u0111\u1ed3ng h\u1ed3 n\u01b0\u1edbc ch\u00ednh x\u00e1c Theo ti\u00eau chu\u1ea9n ki\u1ec3m \u0111\u1ecbnh ch\u1ea5t l\u01b0\u1ee3ng c\u1ee7a C\u1ee5c \u0111o l\u01b0\u1eddng B\u1ed9 Th\u01b0\u01a1ng m\u1ea1i<br \/>\n: B\u1ed9 ghi s\u1ed1 hi\u1ec3n th\u1ecb l\u01b0\u1ee3ng n\u01b0\u1edbc, bao g\u1ed3m c\u00e1c b\u00e1nh r\u0103ng v\u00e0 ph\u1ea7n hi\u1ec3n th\u1ecb s\u1ed1 \u0111\u00e3 \u0111\u01b0\u1ee3c ni\u00eam phong. Kh\u00f4ng c\u00f3 n\u01b0\u1edbc ho\u1eb7c b\u1ea5t c\u1ee9 th\u1ee9 g\u00ec kh\u00e1c c\u00f3 th\u1ec3 th\u1ea5m v\u00e0o.<br \/>\n: C\u00f3 b\u1ea3o v\u1ec7 ch\u1ed1ng nam ch\u00e2m b\u00ean ngo\u00e0i. \\ n: C\u00e1nh qu\u1ea1t \u0111\u01b0\u1ee3c l\u00e0m b\u1eb1ng v\u1eadt li\u1ec7u nh\u1eb9. v\u1edbi m\u1ed9t nam ch\u00e2m g\u1eafn \u1edf cu\u1ed1i tr\u1ee5c ch\u00ednh s\u1ebd bu\u1ed9c nam ch\u00e2m trong m\u1eb7t s\u1ed1 quay , trong b\u1ed9 ph\u1ea7n \u0111o l\u01b0\u1ee3ng n\u01b0\u1edbc ch\u1ec9 c\u00f3 c\u00e1nh qu\u1ea1t c\u00f3 th\u1ec3 di chuy\u1ec3n th\u00f4i<br \/>\n: C\u00f3 m\u1ed9t ph\u1ea7n s\u1ed1 ch\u1ec9 th\u1ec3 t\u00edch n\u01b0\u1edbc. c\u00f9ng ch\u00ed h\u01b0\u1edbng Do \u0111\u00f3, th\u1ec3 t\u00edch n\u01b0\u1edbc c\u00f3 th\u1ec3 \u0111\u01b0\u1ee3c \u0111\u1ecdc m\u1ed9t c\u00e1ch d\u1ec5 d\u00e0ng v\u00e0 ch\u00ednh x\u00e1c.<br \/>\n: Kh\u00f4ng c\u00f3 b\u1ed9 ph\u1eadn ma s\u00e1t n\u00ean c\u00f3 th\u1ec3 \u0111o ch\u00ednh x\u00e1c th\u1ec3 t\u00edch n\u01b0\u1edbc. Ngay c\u1ea3 trong tr\u01b0\u1eddng h\u1ee3p t\u1ed1c \u0111\u1ed9 d\u00f2ng n\u01b0\u1edbc th\u1ea5p<br \/>\n: Ng\u00f4i sao hoa ti\u00eau n\u1eb1m \u1edf gi\u1eefa m\u1eb7t s\u1ed1. Gi\u00fap \u0111\u1ec3 bi\u1ebft c\u00f4ng vi\u1ec7c c\u1ee7a \u0110\u1ed3ng h\u1ed3 \u0111o n\u01b0\u1edbc v\u00e0 c\u00f3 th\u1ec3 s\u1eed d\u1ee5ng \u0111\u1ec3 quan s\u00e1t s\u1ef1 r\u00f2 r\u1ec9 c\u1ee7a \u0111\u01b0\u1eddng \u1ed1ng n\u01b0\u1edbc.<br \/>\n: B\u1ea3o tr\u00ec d\u1ec5 d\u00e0ng B\u1ed9 hi\u1ec3n th\u1ecb s\u1ed1 v\u00e0 c\u00e1nh qu\u1ea1t c\u00f3 th\u1ec3 \u0111\u01b0\u1ee3c thay th\u1ebf v\u1edbi gi\u00e1 c\u1ea3 ph\u1ea3i ch\u0103ng<\/p>\n<p><span style=\"color: #333399;\"><span style=\"color: #0000ff;\"><a style=\"color: #0000ff;\" href=\"https:\/\/www.sanwa.co.th\/wp-content\/uploads\/2021\/08\/0804216-Spec-sheet-GMK-meter-15-25.pdf\" target=\"_blank\" rel=\"noopener\"><strong>\u2b07<\/strong> Catalogues Download\u00a0 <\/a>\u00a0 <\/span> \u00a0 \u00a0\u00a0<span style=\"color: #0000ff;\"> <a style=\"color: #0000ff;\" href=\"https:\/\/www.sanwa.co.th\/wp-content\/uploads\/2023\/04\/INSTALLATION-Meter.pdf\" target=\"_blank\" rel=\"noopener\"><strong>\u2b07 <\/strong>Manual Download<\/a><br \/>\n<\/span><\/span><a href=\"https:\/\/www.sanwa.co.th\/wp-content\/uploads\/2025\/06\/Tis3078_9Jun68.pdf\" target=\"_blank\" rel=\"noopener\"><span style=\"color: #333399;\"><span style=\"color: #0000ff;\"><strong>\u2b07<\/strong> TIS. 3078-2563 Download<\/span><\/span><\/a><\/p>\n<p>Remark :<br \/>\nThe product has received industrial product standards (TIS) 3078-2563<\/p>\n","protected":false},"excerpt":{"rendered":"<p>: \u0111\u1ed3ng h\u1ed3 n\u01b0\u1edbc ch\u00ednh x\u00e1c Theo ti\u00eau chu\u1ea9n ki\u1ec3m \u0111\u1ecbnh ch\u1ea5t l\u01b0\u1ee3ng c\u1ee7a C\u1ee5c \u0111o l\u01b0\u1eddng B\u1ed9 Th\u01b0\u01a1ng m\u1ea1i : B\u1ed9 ghi s\u1ed1 hi\u1ec3n th\u1ecb l\u01b0\u1ee3ng n\u01b0\u1edbc, bao g\u1ed3m c\u00e1c b\u00e1nh r\u0103ng v\u00e0 ph\u1ea7n hi\u1ec3n th\u1ecb s\u1ed1 \u0111\u00e3 \u0111\u01b0\u1ee3c ni\u00eam phong. Kh\u00f4ng c\u00f3 n\u01b0\u1edbc ho\u1eb7c b\u1ea5t c\u1ee9 th\u1ee9 g\u00ec kh\u00e1c c\u00f3 th\u1ec3 th\u1ea5m v\u00e0o. [&hellip;]<\/p>\n","protected":false},"featured_media":7848,"template":"","meta":[],"product_cat":[384],"product_tag":[274,18,103,101,102],"class_list":["post-3601","product","type-product","status-publish","has-post-thumbnail","hentry","product_brand-asahi-vi","product_job_type-government-vi","product_job_type-project-hotel-vi","product_job_type-normal-vi","product_job_type-building-apartment-condominium-vi","product_cat-water-meter-vi","product_tag-asahi","product_tag-18","product_tag-103","product_tag-101","product_tag-102"],"acf":[],"yoast_head":"<!-- This site is optimized with the Yoast SEO plugin v27.4 - https:\/\/yoast.com\/product\/yoast-seo-wordpress\/ -->\n<title>\u0110\u1ed3ng h\u1ed3 t\u1eeb ASAHI (GMK) | SANWA<\/title>\n<meta name=\"description\" content=\"\u0110\u1ed3ng h\u1ed3 t\u1eeb ASAHI (GMK) SANWA |\" \/>\n<meta name=\"robots\" content=\"index, follow, max-snippet:-1, max-image-preview:large, max-video-preview:-1\" \/>\n<link rel=\"canonical\" href=\"https:\/\/www.sanwa.co.th\/vi\/product\/\u0e21\u0e32\u0e15\u0e23\u0e27\u0e31\u0e14\u0e19\u0e4d\u0e49\u0e32-\u0e2d\u0e32\u0e0b\u0e32\u0e2e\u0e35-\u0e23\u0e30\u0e1a\u0e1a-2\/\" \/>\n<meta property=\"og:locale\" content=\"vi_VN\" \/>\n<meta property=\"og:type\" content=\"article\" \/>\n<meta property=\"og:title\" content=\"\u0110\u1ed3ng h\u1ed3 t\u1eeb ASAHI (GMK) | SANWA\" \/>\n<meta property=\"og:description\" content=\"\u0110\u1ed3ng h\u1ed3 t\u1eeb ASAHI (GMK) SANWA |\" \/>\n<meta property=\"og:url\" content=\"https:\/\/www.sanwa.co.th\/vi\/product\/\u0e21\u0e32\u0e15\u0e23\u0e27\u0e31\u0e14\u0e19\u0e4d\u0e49\u0e32-\u0e2d\u0e32\u0e0b\u0e32\u0e2e\u0e35-\u0e23\u0e30\u0e1a\u0e1a-2\/\" \/>\n<meta property=\"og:site_name\" content=\"SANWA\" \/>\n<meta property=\"article:publisher\" content=\"https:\/\/www.facebook.com\/SanwaThailand\" \/>\n<meta property=\"article:modified_time\" content=\"2026-04-16T07:56:01+00:00\" \/>\n<meta property=\"og:image\" content=\"https:\/\/www.sanwa.co.th\/wp-content\/uploads\/2021\/09\/ASAHI-Water-Meter-GMK-\u0e21\u0e2d\u0e01.-1.png\" \/>\n\t<meta property=\"og:image:width\" content=\"760\" \/>\n\t<meta property=\"og:image:height\" content=\"760\" \/>\n\t<meta property=\"og:image:type\" content=\"image\/png\" \/>\n<meta name=\"twitter:card\" content=\"summary_large_image\" \/>\n<meta name=\"twitter:label1\" content=\"Est. reading time\" \/>\n\t<meta name=\"twitter:data1\" content=\"2 minutes\" \/>\n<!-- \/ Yoast SEO plugin. -->","yoast_head_json":{"title":"\u0110\u1ed3ng h\u1ed3 t\u1eeb ASAHI (GMK) | SANWA","description":"\u0110\u1ed3ng h\u1ed3 t\u1eeb ASAHI (GMK) SANWA |","robots":{"index":"index","follow":"follow","max-snippet":"max-snippet:-1","max-image-preview":"max-image-preview:large","max-video-preview":"max-video-preview:-1"},"canonical":"https:\/\/www.sanwa.co.th\/vi\/product\/\u0e21\u0e32\u0e15\u0e23\u0e27\u0e31\u0e14\u0e19\u0e4d\u0e49\u0e32-\u0e2d\u0e32\u0e0b\u0e32\u0e2e\u0e35-\u0e23\u0e30\u0e1a\u0e1a-2\/","og_locale":"vi_VN","og_type":"article","og_title":"\u0110\u1ed3ng h\u1ed3 t\u1eeb ASAHI (GMK) | SANWA","og_description":"\u0110\u1ed3ng h\u1ed3 t\u1eeb ASAHI (GMK) SANWA |","og_url":"https:\/\/www.sanwa.co.th\/vi\/product\/\u0e21\u0e32\u0e15\u0e23\u0e27\u0e31\u0e14\u0e19\u0e4d\u0e49\u0e32-\u0e2d\u0e32\u0e0b\u0e32\u0e2e\u0e35-\u0e23\u0e30\u0e1a\u0e1a-2\/","og_site_name":"SANWA","article_publisher":"https:\/\/www.facebook.com\/SanwaThailand","article_modified_time":"2026-04-16T07:56:01+00:00","og_image":[{"width":760,"height":760,"url":"https:\/\/www.sanwa.co.th\/wp-content\/uploads\/2021\/09\/ASAHI-Water-Meter-GMK-\u0e21\u0e2d\u0e01.-1.png","type":"image\/png"}],"twitter_card":"summary_large_image","twitter_misc":{"Est. reading time":"2 minutes"},"schema":{"@context":"https:\/\/schema.org","@graph":[{"@type":"WebPage","@id":"https:\/\/www.sanwa.co.th\/vi\/product\/%e0%b8%a1%e0%b8%b2%e0%b8%95%e0%b8%a3%e0%b8%a7%e0%b8%b1%e0%b8%94%e0%b8%99%e0%b9%8d%e0%b9%89%e0%b8%b2-%e0%b8%ad%e0%b8%b2%e0%b8%8b%e0%b8%b2%e0%b8%ae%e0%b8%b5-%e0%b8%a3%e0%b8%b0%e0%b8%9a%e0%b8%9a-2\/","url":"https:\/\/www.sanwa.co.th\/vi\/product\/%e0%b8%a1%e0%b8%b2%e0%b8%95%e0%b8%a3%e0%b8%a7%e0%b8%b1%e0%b8%94%e0%b8%99%e0%b9%8d%e0%b9%89%e0%b8%b2-%e0%b8%ad%e0%b8%b2%e0%b8%8b%e0%b8%b2%e0%b8%ae%e0%b8%b5-%e0%b8%a3%e0%b8%b0%e0%b8%9a%e0%b8%9a-2\/","name":"\u0110\u1ed3ng h\u1ed3 t\u1eeb ASAHI (GMK) | SANWA","isPartOf":{"@id":"https:\/\/www.sanwa.co.th\/#website"},"primaryImageOfPage":{"@id":"https:\/\/www.sanwa.co.th\/vi\/product\/%e0%b8%a1%e0%b8%b2%e0%b8%95%e0%b8%a3%e0%b8%a7%e0%b8%b1%e0%b8%94%e0%b8%99%e0%b9%8d%e0%b9%89%e0%b8%b2-%e0%b8%ad%e0%b8%b2%e0%b8%8b%e0%b8%b2%e0%b8%ae%e0%b8%b5-%e0%b8%a3%e0%b8%b0%e0%b8%9a%e0%b8%9a-2\/#primaryimage"},"image":{"@id":"https:\/\/www.sanwa.co.th\/vi\/product\/%e0%b8%a1%e0%b8%b2%e0%b8%95%e0%b8%a3%e0%b8%a7%e0%b8%b1%e0%b8%94%e0%b8%99%e0%b9%8d%e0%b9%89%e0%b8%b2-%e0%b8%ad%e0%b8%b2%e0%b8%8b%e0%b8%b2%e0%b8%ae%e0%b8%b5-%e0%b8%a3%e0%b8%b0%e0%b8%9a%e0%b8%9a-2\/#primaryimage"},"thumbnailUrl":"https:\/\/www.sanwa.co.th\/wp-content\/uploads\/2021\/09\/ASAHI-Water-Meter-GMK-\u0e21\u0e2d\u0e01.-1.png","datePublished":"2021-09-22T12:08:02+00:00","dateModified":"2026-04-16T07:56:01+00:00","description":"\u0110\u1ed3ng h\u1ed3 t\u1eeb ASAHI (GMK) SANWA |","breadcrumb":{"@id":"https:\/\/www.sanwa.co.th\/vi\/product\/%e0%b8%a1%e0%b8%b2%e0%b8%95%e0%b8%a3%e0%b8%a7%e0%b8%b1%e0%b8%94%e0%b8%99%e0%b9%8d%e0%b9%89%e0%b8%b2-%e0%b8%ad%e0%b8%b2%e0%b8%8b%e0%b8%b2%e0%b8%ae%e0%b8%b5-%e0%b8%a3%e0%b8%b0%e0%b8%9a%e0%b8%9a-2\/#breadcrumb"},"inLanguage":"vi-VN","potentialAction":[{"@type":"ReadAction","target":["https:\/\/www.sanwa.co.th\/vi\/product\/%e0%b8%a1%e0%b8%b2%e0%b8%95%e0%b8%a3%e0%b8%a7%e0%b8%b1%e0%b8%94%e0%b8%99%e0%b9%8d%e0%b9%89%e0%b8%b2-%e0%b8%ad%e0%b8%b2%e0%b8%8b%e0%b8%b2%e0%b8%ae%e0%b8%b5-%e0%b8%a3%e0%b8%b0%e0%b8%9a%e0%b8%9a-2\/"]}]},{"@type":"ImageObject","inLanguage":"vi-VN","@id":"https:\/\/www.sanwa.co.th\/vi\/product\/%e0%b8%a1%e0%b8%b2%e0%b8%95%e0%b8%a3%e0%b8%a7%e0%b8%b1%e0%b8%94%e0%b8%99%e0%b9%8d%e0%b9%89%e0%b8%b2-%e0%b8%ad%e0%b8%b2%e0%b8%8b%e0%b8%b2%e0%b8%ae%e0%b8%b5-%e0%b8%a3%e0%b8%b0%e0%b8%9a%e0%b8%9a-2\/#primaryimage","url":"https:\/\/www.sanwa.co.th\/wp-content\/uploads\/2021\/09\/ASAHI-Water-Meter-GMK-\u0e21\u0e2d\u0e01.-1.png","contentUrl":"https:\/\/www.sanwa.co.th\/wp-content\/uploads\/2021\/09\/ASAHI-Water-Meter-GMK-\u0e21\u0e2d\u0e01.-1.png","width":760,"height":760,"caption":"Water meter sanwa ASAHI \u0e23\u0e38\u0e48\u0e19 GMK \u0e21\u0e32\u0e15\u0e23 \u0e27\u0e31\u0e14 \u0e19\u0e49\u0e33 \u0e21\u0e32\u0e15\u0e23 \u0e19\u0e33\u0e49 \u0e21\u0e32\u0e15\u0e23 \u0e19\u0e49\u0e33 \u0e21\u0e32\u0e15\u0e23 \u0e19\u0e49\u0e33 \u0e23\u0e32\u0e04\u0e32 \u0e21\u0e32\u0e15\u0e23 \u0e19\u0e49\u0e33 \u0e1b\u0e23\u0e30\u0e1b\u0e32 \u0e21\u0e34\u0e40\u0e15\u0e2d\u0e23\u0e4c \u0e19\u0e49\u0e33 \u0e1b\u0e23\u0e30\u0e1b\u0e32 \u0e23\u0e32\u0e04\u0e32 \u0e21\u0e32\u0e15\u0e23 \u0e19\u0e49\u0e33 \u0e1b\u0e23\u0e30\u0e1b\u0e32 \u0e23\u0e32\u0e04\u0e32 \u0e02\u0e19\u0e32\u0e14\u0e21\u0e34\u0e40\u0e15\u0e2d\u0e23\u0e4c\u0e19\u0e49\u0e33 4 \u0e2b\u0e38\u0e19"},{"@type":"BreadcrumbList","@id":"https:\/\/www.sanwa.co.th\/vi\/product\/%e0%b8%a1%e0%b8%b2%e0%b8%95%e0%b8%a3%e0%b8%a7%e0%b8%b1%e0%b8%94%e0%b8%99%e0%b9%8d%e0%b9%89%e0%b8%b2-%e0%b8%ad%e0%b8%b2%e0%b8%8b%e0%b8%b2%e0%b8%ae%e0%b8%b5-%e0%b8%a3%e0%b8%b0%e0%b8%9a%e0%b8%9a-2\/#breadcrumb","itemListElement":[{"@type":"ListItem","position":1,"name":"\u0e2a\u0e34\u0e19\u0e04\u0e49\u0e32","item":"https:\/\/www.sanwa.co.th\/shop\/"},{"@type":"ListItem","position":2,"name":"\u0110\u1ed3ng h\u1ed3 t\u1eeb ASAHI (GMK)"}]},{"@type":"WebSite","@id":"https:\/\/www.sanwa.co.th\/#website","url":"https:\/\/www.sanwa.co.th\/","name":"SANWA","description":"SANWA is a manufacturer and distributor of high-quality brass plumbing fixtures that are durable, rust-resistant, and leak-proof.","publisher":{"@id":"https:\/\/www.sanwa.co.th\/#organization"},"potentialAction":[{"@type":"SearchAction","target":{"@type":"EntryPoint","urlTemplate":"https:\/\/www.sanwa.co.th\/?s={search_term_string}"},"query-input":{"@type":"PropertyValueSpecification","valueRequired":true,"valueName":"search_term_string"}}],"inLanguage":"vi-VN"},{"@type":"Organization","@id":"https:\/\/www.sanwa.co.th\/#organization","name":"SANWA","url":"https:\/\/www.sanwa.co.th\/","logo":{"@type":"ImageObject","inLanguage":"vi-VN","@id":"https:\/\/www.sanwa.co.th\/#\/schema\/logo\/image\/","url":"https:\/\/www.sanwa.co.th\/wp-content\/uploads\/2021\/09\/LOGO_SANWA.jpeg","contentUrl":"https:\/\/www.sanwa.co.th\/wp-content\/uploads\/2021\/09\/LOGO_SANWA.jpeg","width":1616,"height":348,"caption":"SANWA"},"image":{"@id":"https:\/\/www.sanwa.co.th\/#\/schema\/logo\/image\/"},"sameAs":["https:\/\/www.facebook.com\/SanwaThailand","https:\/\/youtube.com\/channel\/UC0e8b8N8ucQQGPSTmPWYLkQ","https:\/\/www.instagram.com\/sanwathailand\/","https:\/\/www.tiktok.com\/@sanwathailand"]}]}},"_links":{"self":[{"href":"https:\/\/www.sanwa.co.th\/vi\/wp-json\/wp\/v2\/product\/3601","targetHints":{"allow":["GET"]}}],"collection":[{"href":"https:\/\/www.sanwa.co.th\/vi\/wp-json\/wp\/v2\/product"}],"about":[{"href":"https:\/\/www.sanwa.co.th\/vi\/wp-json\/wp\/v2\/types\/product"}],"wp:featuredmedia":[{"embeddable":true,"href":"https:\/\/www.sanwa.co.th\/vi\/wp-json\/wp\/v2\/media\/7848"}],"wp:attachment":[{"href":"https:\/\/www.sanwa.co.th\/vi\/wp-json\/wp\/v2\/media?parent=3601"}],"wp:term":[{"taxonomy":"product_cat","embeddable":true,"href":"https:\/\/www.sanwa.co.th\/vi\/wp-json\/wp\/v2\/product_cat?post=3601"},{"taxonomy":"product_tag","embeddable":true,"href":"https:\/\/www.sanwa.co.th\/vi\/wp-json\/wp\/v2\/product_tag?post=3601"}],"curies":[{"name":"wp","href":"https:\/\/api.w.org\/{rel}","templated":true}]}}