{"id":3597,"date":"2021-09-22T19:10:47","date_gmt":"2021-09-22T12:10:47","guid":{"rendered":"https:\/\/www.sanwa.co.th\/product\/%e0%b8%a1%e0%b8%b2%e0%b8%95%e0%b8%a3%e0%b8%a7%e0%b8%b1%e0%b8%94%e0%b8%99%e0%b9%8d%e0%b9%89%e0%b8%b2-%e0%b8%8b%e0%b8%b1%e0%b8%99%e0%b8%a7%e0%b8%b2-%e0%b8%a3%e0%b8%b0%e0%b8%9a%e0%b8%9a%e0%b9%80\/"},"modified":"2026-04-16T11:10:40","modified_gmt":"2026-04-16T04:10:40","slug":"%e0%b8%a1%e0%b8%b2%e0%b8%95%e0%b8%a3%e0%b8%a7%e0%b8%b1%e0%b8%94%e0%b8%99%e0%b9%8d%e0%b9%89%e0%b8%b2-%e0%b8%8b%e0%b8%b1%e0%b8%99%e0%b8%a7%e0%b8%b2-%e0%b8%a3%e0%b8%b0%e0%b8%9a%e0%b8%9a%e0%b9%80","status":"publish","type":"product","link":"https:\/\/www.sanwa.co.th\/vi\/product\/%e0%b8%a1%e0%b8%b2%e0%b8%95%e0%b8%a3%e0%b8%a7%e0%b8%b1%e0%b8%94%e0%b8%99%e0%b9%8d%e0%b9%89%e0%b8%b2-%e0%b8%8b%e0%b8%b1%e0%b8%99%e0%b8%a7%e0%b8%b2-%e0%b8%a3%e0%b8%b0%e0%b8%9a%e0%b8%9a%e0%b9%80\/","title":{"rendered":"\u0110\u1ed3ng h\u1ed3 c\u01a1 SANWA 1\/2&#8243;"},"content":{"rendered":"<p>: \u0110\u1ecdc \u0111\u01b0\u1ee3c ch\u00ednh x\u00e1c l\u01b0u l\u01b0\u1ee3ng n\u01b0\u1edbc<br \/>\n: 4 s\u1ed1 digi, d\u1ec5 d\u00e0ng thu th\u1eadp d\u1eef li\u1ec7u<br \/>\n: 100% kh\u00f4ng b\u1ecb th\u1ea5m v\u00e0 r\u00f2 r\u1ec9<br \/>\n: V\u1ecf l\u00e0m b\u1eb1ng \u0111\u1ed3ng ch\u1ea5t l\u01b0\u1ee3ng cao \u0111\u01b0\u1ee3c t\u1ea1o h\u00ecnh b\u1eb1ng ph\u01b0\u01a1ng ph\u00e1p r\u00e8n n\u00f3ng<br \/>\n: h\u1ec7 th\u1ed1ng b\u00e1nh r\u0103ng c\u00f3 \u0111\u1ed9 ch\u00ednh x\u00e1c cao<br \/>\n: \u0110\u00e3 \u0111\u1ea1t ti\u00eau chu\u1ea9n ki\u1ec3m tra \u0111\u1ed9 ch\u00ednh x\u00e1c t\u1eeb B\u1ed9 ph\u1eadn \u0110o l\u01b0\u1eddng<br \/>\n: Ki\u1ec3m tra \u00e1p su\u1ea5t n\u01b0\u1edbc \u0111\u1ed1i v\u1edbi s\u1ef1 th\u1ea5m, r\u00f2 r\u1ec9 v\u00e0 b\u1ed9 b\u00e1nh r\u0103ng 100% tr\u01b0\u1edbc khi b\u00e1n h\u00e0ng<\/p>\n<p><span style=\"color: #0000ff;\"><a style=\"color: #0000ff;\" href=\"https:\/\/www.sanwa.co.th\/wp-content\/uploads\/2021\/07\/080426-SINGLE-JET-WATER-METER-R50H.pdf\" target=\"_blank\" rel=\"noopener\">\u2b07 Catalogues Download\u00a0<\/a>\u00a0\u00a0\u00a0\u00a0\u00a0\u00a0\u00a0 <a style=\"color: #0000ff;\" href=\"https:\/\/www.sanwa.co.th\/wp-content\/uploads\/2023\/04\/INSTALLATION-Meter.pdf\" target=\"_blank\" rel=\"noopener\">\u2b07 Manual Download<\/a><\/span><\/p>\n","protected":false},"excerpt":{"rendered":"<p>: \u0110\u1ecdc \u0111\u01b0\u1ee3c ch\u00ednh x\u00e1c l\u01b0u l\u01b0\u1ee3ng n\u01b0\u1edbc : 4 s\u1ed1 digi, d\u1ec5 d\u00e0ng thu th\u1eadp d\u1eef li\u1ec7u : 100% kh\u00f4ng b\u1ecb th\u1ea5m v\u00e0 r\u00f2 r\u1ec9 : V\u1ecf l\u00e0m b\u1eb1ng \u0111\u1ed3ng ch\u1ea5t l\u01b0\u1ee3ng cao \u0111\u01b0\u1ee3c t\u1ea1o h\u00ecnh b\u1eb1ng ph\u01b0\u01a1ng ph\u00e1p r\u00e8n n\u00f3ng : h\u1ec7 th\u1ed1ng b\u00e1nh r\u0103ng c\u00f3 \u0111\u1ed9 ch\u00ednh x\u00e1c cao : \u0110\u00e3 \u0111\u1ea1t [&hellip;]<\/p>\n","protected":false},"featured_media":3598,"template":"","meta":[],"product_cat":[384],"product_tag":[60,18,103,101,102],"class_list":["post-3597","product","type-product","status-publish","has-post-thumbnail","hentry","product_brand-sanwa-vi","product_job_type-normal-vi","product_job_type-building-apartment-condominium-vi","product_cat-water-meter-vi","product_tag-sanwa","product_tag-18","product_tag-103","product_tag-101","product_tag-102"],"acf":[],"yoast_head":"<!-- This site is optimized with the Yoast SEO plugin v27.5 - https:\/\/yoast.com\/product\/yoast-seo-wordpress\/ -->\n<title>\u0110\u1ed3ng h\u1ed3 c\u01a1 SANWA 1\/2&quot; | SANWA<\/title>\n<meta name=\"description\" content=\"\u0110\u1ed3ng h\u1ed3 c\u01a1 SANWA 1\/2&quot; SANWA |\" \/>\n<meta name=\"robots\" content=\"index, follow, max-snippet:-1, max-image-preview:large, max-video-preview:-1\" \/>\n<link rel=\"canonical\" href=\"https:\/\/www.sanwa.co.th\/vi\/product\/\u0e21\u0e32\u0e15\u0e23\u0e27\u0e31\u0e14\u0e19\u0e4d\u0e49\u0e32-\u0e0b\u0e31\u0e19\u0e27\u0e32-\u0e23\u0e30\u0e1a\u0e1a\u0e40\/\" \/>\n<meta property=\"og:locale\" content=\"vi_VN\" \/>\n<meta property=\"og:type\" content=\"article\" \/>\n<meta property=\"og:title\" content=\"\u0110\u1ed3ng h\u1ed3 c\u01a1 SANWA 1\/2&quot; | SANWA\" \/>\n<meta property=\"og:description\" content=\"\u0110\u1ed3ng h\u1ed3 c\u01a1 SANWA 1\/2&quot; SANWA |\" \/>\n<meta property=\"og:url\" content=\"https:\/\/www.sanwa.co.th\/vi\/product\/\u0e21\u0e32\u0e15\u0e23\u0e27\u0e31\u0e14\u0e19\u0e4d\u0e49\u0e32-\u0e0b\u0e31\u0e19\u0e27\u0e32-\u0e23\u0e30\u0e1a\u0e1a\u0e40\/\" \/>\n<meta property=\"og:site_name\" content=\"SANWA\" \/>\n<meta property=\"article:publisher\" content=\"https:\/\/www.facebook.com\/SanwaThailand\" \/>\n<meta property=\"article:modified_time\" content=\"2026-04-16T04:10:40+00:00\" \/>\n<meta property=\"og:image\" content=\"https:\/\/www.sanwa.co.th\/wp-content\/uploads\/2021\/08\/SANWA-Water-Meter1.png\" \/>\n\t<meta property=\"og:image:width\" content=\"760\" \/>\n\t<meta property=\"og:image:height\" content=\"760\" \/>\n\t<meta property=\"og:image:type\" content=\"image\/png\" \/>\n<meta name=\"twitter:card\" content=\"summary_large_image\" \/>\n<meta name=\"twitter:label1\" content=\"Est. reading time\" \/>\n\t<meta name=\"twitter:data1\" content=\"1 minute\" \/>\n<!-- \/ Yoast SEO plugin. -->","yoast_head_json":{"title":"\u0110\u1ed3ng h\u1ed3 c\u01a1 SANWA 1\/2\" | SANWA","description":"\u0110\u1ed3ng h\u1ed3 c\u01a1 SANWA 1\/2\" SANWA |","robots":{"index":"index","follow":"follow","max-snippet":"max-snippet:-1","max-image-preview":"max-image-preview:large","max-video-preview":"max-video-preview:-1"},"canonical":"https:\/\/www.sanwa.co.th\/vi\/product\/\u0e21\u0e32\u0e15\u0e23\u0e27\u0e31\u0e14\u0e19\u0e4d\u0e49\u0e32-\u0e0b\u0e31\u0e19\u0e27\u0e32-\u0e23\u0e30\u0e1a\u0e1a\u0e40\/","og_locale":"vi_VN","og_type":"article","og_title":"\u0110\u1ed3ng h\u1ed3 c\u01a1 SANWA 1\/2\" | SANWA","og_description":"\u0110\u1ed3ng h\u1ed3 c\u01a1 SANWA 1\/2\" SANWA |","og_url":"https:\/\/www.sanwa.co.th\/vi\/product\/\u0e21\u0e32\u0e15\u0e23\u0e27\u0e31\u0e14\u0e19\u0e4d\u0e49\u0e32-\u0e0b\u0e31\u0e19\u0e27\u0e32-\u0e23\u0e30\u0e1a\u0e1a\u0e40\/","og_site_name":"SANWA","article_publisher":"https:\/\/www.facebook.com\/SanwaThailand","article_modified_time":"2026-04-16T04:10:40+00:00","og_image":[{"width":760,"height":760,"url":"https:\/\/www.sanwa.co.th\/wp-content\/uploads\/2021\/08\/SANWA-Water-Meter1.png","type":"image\/png"}],"twitter_card":"summary_large_image","twitter_misc":{"Est. reading time":"1 minute"},"schema":{"@context":"https:\/\/schema.org","@graph":[{"@type":"WebPage","@id":"https:\/\/www.sanwa.co.th\/vi\/product\/%e0%b8%a1%e0%b8%b2%e0%b8%95%e0%b8%a3%e0%b8%a7%e0%b8%b1%e0%b8%94%e0%b8%99%e0%b9%8d%e0%b9%89%e0%b8%b2-%e0%b8%8b%e0%b8%b1%e0%b8%99%e0%b8%a7%e0%b8%b2-%e0%b8%a3%e0%b8%b0%e0%b8%9a%e0%b8%9a%e0%b9%80\/","url":"https:\/\/www.sanwa.co.th\/vi\/product\/%e0%b8%a1%e0%b8%b2%e0%b8%95%e0%b8%a3%e0%b8%a7%e0%b8%b1%e0%b8%94%e0%b8%99%e0%b9%8d%e0%b9%89%e0%b8%b2-%e0%b8%8b%e0%b8%b1%e0%b8%99%e0%b8%a7%e0%b8%b2-%e0%b8%a3%e0%b8%b0%e0%b8%9a%e0%b8%9a%e0%b9%80\/","name":"\u0110\u1ed3ng h\u1ed3 c\u01a1 SANWA 1\/2\" | SANWA","isPartOf":{"@id":"https:\/\/www.sanwa.co.th\/#website"},"primaryImageOfPage":{"@id":"https:\/\/www.sanwa.co.th\/vi\/product\/%e0%b8%a1%e0%b8%b2%e0%b8%95%e0%b8%a3%e0%b8%a7%e0%b8%b1%e0%b8%94%e0%b8%99%e0%b9%8d%e0%b9%89%e0%b8%b2-%e0%b8%8b%e0%b8%b1%e0%b8%99%e0%b8%a7%e0%b8%b2-%e0%b8%a3%e0%b8%b0%e0%b8%9a%e0%b8%9a%e0%b9%80\/#primaryimage"},"image":{"@id":"https:\/\/www.sanwa.co.th\/vi\/product\/%e0%b8%a1%e0%b8%b2%e0%b8%95%e0%b8%a3%e0%b8%a7%e0%b8%b1%e0%b8%94%e0%b8%99%e0%b9%8d%e0%b9%89%e0%b8%b2-%e0%b8%8b%e0%b8%b1%e0%b8%99%e0%b8%a7%e0%b8%b2-%e0%b8%a3%e0%b8%b0%e0%b8%9a%e0%b8%9a%e0%b9%80\/#primaryimage"},"thumbnailUrl":"https:\/\/www.sanwa.co.th\/wp-content\/uploads\/2021\/08\/SANWA-Water-Meter1.png","datePublished":"2021-09-22T12:10:47+00:00","dateModified":"2026-04-16T04:10:40+00:00","description":"\u0110\u1ed3ng h\u1ed3 c\u01a1 SANWA 1\/2\" SANWA |","breadcrumb":{"@id":"https:\/\/www.sanwa.co.th\/vi\/product\/%e0%b8%a1%e0%b8%b2%e0%b8%95%e0%b8%a3%e0%b8%a7%e0%b8%b1%e0%b8%94%e0%b8%99%e0%b9%8d%e0%b9%89%e0%b8%b2-%e0%b8%8b%e0%b8%b1%e0%b8%99%e0%b8%a7%e0%b8%b2-%e0%b8%a3%e0%b8%b0%e0%b8%9a%e0%b8%9a%e0%b9%80\/#breadcrumb"},"inLanguage":"vi-VN","potentialAction":[{"@type":"ReadAction","target":["https:\/\/www.sanwa.co.th\/vi\/product\/%e0%b8%a1%e0%b8%b2%e0%b8%95%e0%b8%a3%e0%b8%a7%e0%b8%b1%e0%b8%94%e0%b8%99%e0%b9%8d%e0%b9%89%e0%b8%b2-%e0%b8%8b%e0%b8%b1%e0%b8%99%e0%b8%a7%e0%b8%b2-%e0%b8%a3%e0%b8%b0%e0%b8%9a%e0%b8%9a%e0%b9%80\/"]}]},{"@type":"ImageObject","inLanguage":"vi-VN","@id":"https:\/\/www.sanwa.co.th\/vi\/product\/%e0%b8%a1%e0%b8%b2%e0%b8%95%e0%b8%a3%e0%b8%a7%e0%b8%b1%e0%b8%94%e0%b8%99%e0%b9%8d%e0%b9%89%e0%b8%b2-%e0%b8%8b%e0%b8%b1%e0%b8%99%e0%b8%a7%e0%b8%b2-%e0%b8%a3%e0%b8%b0%e0%b8%9a%e0%b8%9a%e0%b9%80\/#primaryimage","url":"https:\/\/www.sanwa.co.th\/wp-content\/uploads\/2021\/08\/SANWA-Water-Meter1.png","contentUrl":"https:\/\/www.sanwa.co.th\/wp-content\/uploads\/2021\/08\/SANWA-Water-Meter1.png","width":760,"height":760,"caption":"\u0e21\u0e34\u0e40\u0e15\u0e2d\u0e23\u0e4c\u0e19\u0e49\u0e33 \u0e21\u0e32\u0e15\u0e23\u0e27\u0e31\u0e14\u0e19\u0e49\u0e33 SANWA \u0e0b\u0e31\u0e19\u0e27\u0e32"},{"@type":"BreadcrumbList","@id":"https:\/\/www.sanwa.co.th\/vi\/product\/%e0%b8%a1%e0%b8%b2%e0%b8%95%e0%b8%a3%e0%b8%a7%e0%b8%b1%e0%b8%94%e0%b8%99%e0%b9%8d%e0%b9%89%e0%b8%b2-%e0%b8%8b%e0%b8%b1%e0%b8%99%e0%b8%a7%e0%b8%b2-%e0%b8%a3%e0%b8%b0%e0%b8%9a%e0%b8%9a%e0%b9%80\/#breadcrumb","itemListElement":[{"@type":"ListItem","position":1,"name":"\u0e2a\u0e34\u0e19\u0e04\u0e49\u0e32","item":"https:\/\/www.sanwa.co.th\/shop\/"},{"@type":"ListItem","position":2,"name":"\u0110\u1ed3ng h\u1ed3 c\u01a1 SANWA 1\/2&#8243;"}]},{"@type":"WebSite","@id":"https:\/\/www.sanwa.co.th\/#website","url":"https:\/\/www.sanwa.co.th\/","name":"SANWA","description":"SANWA is a manufacturer and distributor of high-quality brass plumbing fixtures that are durable, rust-resistant, and leak-proof.","publisher":{"@id":"https:\/\/www.sanwa.co.th\/#organization"},"potentialAction":[{"@type":"SearchAction","target":{"@type":"EntryPoint","urlTemplate":"https:\/\/www.sanwa.co.th\/?s={search_term_string}"},"query-input":{"@type":"PropertyValueSpecification","valueRequired":true,"valueName":"search_term_string"}}],"inLanguage":"vi-VN"},{"@type":"Organization","@id":"https:\/\/www.sanwa.co.th\/#organization","name":"SANWA","url":"https:\/\/www.sanwa.co.th\/","logo":{"@type":"ImageObject","inLanguage":"vi-VN","@id":"https:\/\/www.sanwa.co.th\/#\/schema\/logo\/image\/","url":"https:\/\/www.sanwa.co.th\/wp-content\/uploads\/2021\/09\/LOGO_SANWA.jpeg","contentUrl":"https:\/\/www.sanwa.co.th\/wp-content\/uploads\/2021\/09\/LOGO_SANWA.jpeg","width":1616,"height":348,"caption":"SANWA"},"image":{"@id":"https:\/\/www.sanwa.co.th\/#\/schema\/logo\/image\/"},"sameAs":["https:\/\/www.facebook.com\/SanwaThailand","https:\/\/youtube.com\/channel\/UC0e8b8N8ucQQGPSTmPWYLkQ","https:\/\/www.instagram.com\/sanwathailand\/","https:\/\/www.tiktok.com\/@sanwathailand"]}]}},"_links":{"self":[{"href":"https:\/\/www.sanwa.co.th\/vi\/wp-json\/wp\/v2\/product\/3597","targetHints":{"allow":["GET"]}}],"collection":[{"href":"https:\/\/www.sanwa.co.th\/vi\/wp-json\/wp\/v2\/product"}],"about":[{"href":"https:\/\/www.sanwa.co.th\/vi\/wp-json\/wp\/v2\/types\/product"}],"wp:featuredmedia":[{"embeddable":true,"href":"https:\/\/www.sanwa.co.th\/vi\/wp-json\/wp\/v2\/media\/3598"}],"wp:attachment":[{"href":"https:\/\/www.sanwa.co.th\/vi\/wp-json\/wp\/v2\/media?parent=3597"}],"wp:term":[{"taxonomy":"product_cat","embeddable":true,"href":"https:\/\/www.sanwa.co.th\/vi\/wp-json\/wp\/v2\/product_cat?post=3597"},{"taxonomy":"product_tag","embeddable":true,"href":"https:\/\/www.sanwa.co.th\/vi\/wp-json\/wp\/v2\/product_tag?post=3597"}],"curies":[{"name":"wp","href":"https:\/\/api.w.org\/{rel}","templated":true}]}}