{"id":3583,"date":"2021-09-22T19:05:03","date_gmt":"2021-09-22T12:05:03","guid":{"rendered":"https:\/\/www.sanwa.co.th\/?post_type=product&#038;p=3583"},"modified":"2026-04-16T14:48:11","modified_gmt":"2026-04-16T07:48:11","slug":"%e0%b8%a1%e0%b8%b2%e0%b8%95%e0%b8%a3%e0%b8%a7%e0%b8%b1%e0%b8%94%e0%b8%99%e0%b9%8d%e0%b9%89%e0%b8%b2-%e0%b8%ad%e0%b8%b2%e0%b8%8b%e0%b8%b2%e0%b8%ae%e0%b8%b5-%e0%b8%a3%e0%b8%b0%e0%b8%9a%e0%b8%9a-4-2","status":"publish","type":"product","link":"https:\/\/www.sanwa.co.th\/vi\/product\/%e0%b8%a1%e0%b8%b2%e0%b8%95%e0%b8%a3%e0%b8%a7%e0%b8%b1%e0%b8%94%e0%b8%99%e0%b9%8d%e0%b9%89%e0%b8%b2-%e0%b8%ad%e0%b8%b2%e0%b8%8b%e0%b8%b2%e0%b8%ae%e0%b8%b5-%e0%b8%a3%e0%b8%b0%e0%b8%9a%e0%b8%9a-4-2\/","title":{"rendered":"\u0110\u1ed3ng h\u1ed3 t\u1eeb l\u1eafp \u0111\u1ee9ng (GMK-VD) 1\/2&#8243;"},"content":{"rendered":"<p>: \u0110\u01b0\u1ee3c thi\u1ebft k\u1ebf \u0111\u1ec3 l\u1eafp \u0111\u1eb7t theo chi\u1ec1u d\u1ecdc c\u1ee7a d\u00f2ng n\u01b0\u1edbc ch\u1ea3y xu\u1ed1ng<br \/>\n: Hi\u1ec7u su\u1ea5t \u0111\u1ed9 ch\u00ednh x\u00e1c cao h\u01a1n so v\u1edbi c\u00e1c lo\u1ea1i \u0111\u1ed3ng h\u1ed3 n\u01b0\u1edbc kh\u00e1c khi l\u1eafp \u0111\u1eb7t trong \u0111\u01b0\u1eddng \u1ed1ng th\u1eb3ng \u0111\u1ee9ng<br \/>\n: C\u00f3 th\u1ec3 s\u1eed d\u1ee5ng thay cho \u0110\u1ed3ng h\u1ed3 n\u01b0\u1edbc P\u00edt t\u00f4ng \u0111\u1ec3 gi\u1ea3m thi\u1ec3u c\u00e1c v\u1ea5n \u0111\u1ec1 v\u1ec1 ch\u1ea5t l\u01b0\u1ee3ng n\u01b0\u1edbc<br \/>\n: N\u1eafp c\u00f3 th\u1ec3 xoay \u0111\u01b0\u1ee3c. \u0110\u01b0\u1ee3c thi\u1ebft k\u1ebf \u0111\u1eb7c bi\u1ec7t \u0111\u1ec3 l\u1eafp \u0111\u1eb7t theo chi\u1ec1u d\u1ecdc.<br \/>\n: B\u1ed9 hi\u1ec3n th\u1ecb s\u1ed1 l\u01b0\u1ee3ng n\u01b0\u1edbc, bao g\u1ed3m c\u00e1c b\u00e1nh r\u0103ng v\u00e0 b\u00e1nh xe \u0111\u1ebfm s\u1ed1 \u0111\u00e3 \u0111\u01b0\u1ee3c ni\u00eam phong. Kh\u00f4ng c\u00f3 n\u01b0\u1edbc ho\u1eb7c b\u1ea5t c\u1ee9 th\u1ee9 g\u00ec kh\u00e1c c\u00f3 th\u1ec3 th\u1ea5m v\u00e0o.<br \/>\n: C\u00f3 v\u00f2ng ch\u1ed1ng nam ch\u00e2m b\u00ean ngo\u00e0i<br \/>\n: Kh\u00f4ng c\u00f3 b\u1ed9 ph\u1eadn ma s\u00e1t n\u00ean c\u00f3 th\u1ec3 \u0111o ch\u00ednh x\u00e1c th\u1ec3 t\u00edch n\u01b0\u1edbc. Ngay c\u1ea3 trong tr\u01b0\u1eddng h\u1ee3p t\u1ed1c \u0111\u1ed9 d\u00f2ng n\u01b0\u1edbc t\u01b0\u01a1ng \u0111\u1ed1i th\u1ea5p<br \/>\n: C\u00f3 b\u1ed9 l\u1ecdc trong \u0111\u01b0\u1eddng \u1ed1ng d\u1eabn n\u01b0\u1edbc \u0111\u1ec3 ng\u0103n \u0111\u00e1 d\u0103m, \u0111\u1ea5t ho\u1eb7c c\u00e1t t\u1eeb vi\u1ec7c l\u1eafp \u0111\u1eb7t \u0111\u01b0\u1eddng \u1ed1ng<br \/>\n: b\u1ed9 ghi v\u00e0 c\u00e1nh g\u1ea1t l\u00e0 m\u1ed9t b\u1ed9 ph\u1eadn c\u00f3 th\u1ec3 thay \u0111\u1ed5i v\u1edbi chi ph\u00ed ph\u1ea3i ch\u0103ng.<\/p>\n<p><span style=\"color: #333399;\"><span style=\"color: #0000ff;\"><a style=\"color: #0000ff;\" href=\"https:\/\/www.sanwa.co.th\/wp-content\/uploads\/2021\/08\/080426-Spec-sheet-GMK-VD-meter.pdf\" target=\"_blank\" rel=\"noopener\"><strong>\u2b07<\/strong> Catalogues Download <\/a>\u00a0<\/span> \u00a0 \u00a0\u00a0<span style=\"color: #0000ff;\"> <a style=\"color: #0000ff;\" href=\"https:\/\/www.sanwa.co.th\/wp-content\/uploads\/2023\/04\/INSTALLATION-Meter.pdf\" target=\"_blank\" rel=\"noopener\"><strong>\u2b07<\/strong> Manual Download<\/a><br \/>\n<\/span><\/span><a href=\"https:\/\/www.sanwa.co.th\/wp-content\/uploads\/2025\/06\/Tis3078_9Jun68.pdf\" target=\"_blank\" rel=\"noopener\"><span style=\"color: #333399;\"><span style=\"color: #0000ff;\"><strong>\u2b07<\/strong> TIS. 3078-2563 Download<\/span><\/span><\/a><\/p>\n<p class=\"short-descp-title\">Remark :<br \/>\nThe product has received industrial product standards (TIS) 3078-2563<\/p>\n","protected":false},"excerpt":{"rendered":"<p>: \u0110\u01b0\u1ee3c thi\u1ebft k\u1ebf \u0111\u1ec3 l\u1eafp \u0111\u1eb7t theo chi\u1ec1u d\u1ecdc c\u1ee7a d\u00f2ng n\u01b0\u1edbc ch\u1ea3y xu\u1ed1ng : Hi\u1ec7u su\u1ea5t \u0111\u1ed9 ch\u00ednh x\u00e1c cao h\u01a1n so v\u1edbi c\u00e1c lo\u1ea1i \u0111\u1ed3ng h\u1ed3 n\u01b0\u1edbc kh\u00e1c khi l\u1eafp \u0111\u1eb7t trong \u0111\u01b0\u1eddng \u1ed1ng th\u1eb3ng \u0111\u1ee9ng : C\u00f3 th\u1ec3 s\u1eed d\u1ee5ng thay cho \u0110\u1ed3ng h\u1ed3 n\u01b0\u1edbc P\u00edt t\u00f4ng \u0111\u1ec3 gi\u1ea3m thi\u1ec3u c\u00e1c [&hellip;]<\/p>\n","protected":false},"featured_media":6579,"template":"","meta":[],"product_cat":[384],"product_tag":[274,18,103,101,109,102],"class_list":["post-3583","product","type-product","status-publish","has-post-thumbnail","hentry","product_brand-asahi-vi","product_job_type-vertical-work-vi","product_job_type-project-hotel-vi","product_job_type-building-apartment-condominium-vi","product_cat-water-meter-vi","product_tag-asahi","product_tag-18","product_tag-103","product_tag-101","product_tag-109","product_tag-102"],"acf":[],"yoast_head":"<!-- This site is optimized with the Yoast SEO plugin v27.5 - https:\/\/yoast.com\/product\/yoast-seo-wordpress\/ -->\n<title>\u0110\u1ed3ng h\u1ed3 t\u1eeb l\u1eafp \u0111\u1ee9ng (GMK-VD) 1\/2&quot; | SANWA<\/title>\n<meta name=\"description\" content=\"\u0110\u1ed3ng h\u1ed3 t\u1eeb l\u1eafp \u0111\u1ee9ng (GMK-VD) 1\/2&quot; SANWA |\" \/>\n<meta name=\"robots\" content=\"index, follow, max-snippet:-1, max-image-preview:large, max-video-preview:-1\" \/>\n<link rel=\"canonical\" href=\"https:\/\/www.sanwa.co.th\/vi\/product\/\u0e21\u0e32\u0e15\u0e23\u0e27\u0e31\u0e14\u0e19\u0e4d\u0e49\u0e32-\u0e2d\u0e32\u0e0b\u0e32\u0e2e\u0e35-\u0e23\u0e30\u0e1a\u0e1a-4-2\/\" \/>\n<meta property=\"og:locale\" content=\"vi_VN\" \/>\n<meta property=\"og:type\" content=\"article\" \/>\n<meta property=\"og:title\" content=\"\u0110\u1ed3ng h\u1ed3 t\u1eeb l\u1eafp \u0111\u1ee9ng (GMK-VD) 1\/2&quot; | SANWA\" \/>\n<meta property=\"og:description\" content=\"\u0110\u1ed3ng h\u1ed3 t\u1eeb l\u1eafp \u0111\u1ee9ng (GMK-VD) 1\/2&quot; SANWA |\" \/>\n<meta property=\"og:url\" content=\"https:\/\/www.sanwa.co.th\/vi\/product\/\u0e21\u0e32\u0e15\u0e23\u0e27\u0e31\u0e14\u0e19\u0e4d\u0e49\u0e32-\u0e2d\u0e32\u0e0b\u0e32\u0e2e\u0e35-\u0e23\u0e30\u0e1a\u0e1a-4-2\/\" \/>\n<meta property=\"og:site_name\" content=\"SANWA\" \/>\n<meta property=\"article:publisher\" content=\"https:\/\/www.facebook.com\/SanwaThailand\" \/>\n<meta property=\"article:modified_time\" content=\"2026-04-16T07:48:11+00:00\" \/>\n<meta property=\"og:image\" content=\"https:\/\/www.sanwa.co.th\/wp-content\/uploads\/2023\/09\/ASAHI-Water-Meter-GMK-VD-\u0e21\u0e2d\u0e01.1.png\" \/>\n\t<meta property=\"og:image:width\" content=\"760\" \/>\n\t<meta property=\"og:image:height\" content=\"760\" \/>\n\t<meta property=\"og:image:type\" content=\"image\/png\" \/>\n<meta name=\"twitter:card\" content=\"summary_large_image\" \/>\n<meta name=\"twitter:label1\" content=\"Est. reading time\" \/>\n\t<meta name=\"twitter:data1\" content=\"2 minutes\" \/>\n<!-- \/ Yoast SEO plugin. -->","yoast_head_json":{"title":"\u0110\u1ed3ng h\u1ed3 t\u1eeb l\u1eafp \u0111\u1ee9ng (GMK-VD) 1\/2\" | SANWA","description":"\u0110\u1ed3ng h\u1ed3 t\u1eeb l\u1eafp \u0111\u1ee9ng (GMK-VD) 1\/2\" SANWA |","robots":{"index":"index","follow":"follow","max-snippet":"max-snippet:-1","max-image-preview":"max-image-preview:large","max-video-preview":"max-video-preview:-1"},"canonical":"https:\/\/www.sanwa.co.th\/vi\/product\/\u0e21\u0e32\u0e15\u0e23\u0e27\u0e31\u0e14\u0e19\u0e4d\u0e49\u0e32-\u0e2d\u0e32\u0e0b\u0e32\u0e2e\u0e35-\u0e23\u0e30\u0e1a\u0e1a-4-2\/","og_locale":"vi_VN","og_type":"article","og_title":"\u0110\u1ed3ng h\u1ed3 t\u1eeb l\u1eafp \u0111\u1ee9ng (GMK-VD) 1\/2\" | SANWA","og_description":"\u0110\u1ed3ng h\u1ed3 t\u1eeb l\u1eafp \u0111\u1ee9ng (GMK-VD) 1\/2\" SANWA |","og_url":"https:\/\/www.sanwa.co.th\/vi\/product\/\u0e21\u0e32\u0e15\u0e23\u0e27\u0e31\u0e14\u0e19\u0e4d\u0e49\u0e32-\u0e2d\u0e32\u0e0b\u0e32\u0e2e\u0e35-\u0e23\u0e30\u0e1a\u0e1a-4-2\/","og_site_name":"SANWA","article_publisher":"https:\/\/www.facebook.com\/SanwaThailand","article_modified_time":"2026-04-16T07:48:11+00:00","og_image":[{"width":760,"height":760,"url":"https:\/\/www.sanwa.co.th\/wp-content\/uploads\/2023\/09\/ASAHI-Water-Meter-GMK-VD-\u0e21\u0e2d\u0e01.1.png","type":"image\/png"}],"twitter_card":"summary_large_image","twitter_misc":{"Est. reading time":"2 minutes"},"schema":{"@context":"https:\/\/schema.org","@graph":[{"@type":"WebPage","@id":"https:\/\/www.sanwa.co.th\/vi\/product\/%e0%b8%a1%e0%b8%b2%e0%b8%95%e0%b8%a3%e0%b8%a7%e0%b8%b1%e0%b8%94%e0%b8%99%e0%b9%8d%e0%b9%89%e0%b8%b2-%e0%b8%ad%e0%b8%b2%e0%b8%8b%e0%b8%b2%e0%b8%ae%e0%b8%b5-%e0%b8%a3%e0%b8%b0%e0%b8%9a%e0%b8%9a-4-2\/","url":"https:\/\/www.sanwa.co.th\/vi\/product\/%e0%b8%a1%e0%b8%b2%e0%b8%95%e0%b8%a3%e0%b8%a7%e0%b8%b1%e0%b8%94%e0%b8%99%e0%b9%8d%e0%b9%89%e0%b8%b2-%e0%b8%ad%e0%b8%b2%e0%b8%8b%e0%b8%b2%e0%b8%ae%e0%b8%b5-%e0%b8%a3%e0%b8%b0%e0%b8%9a%e0%b8%9a-4-2\/","name":"\u0110\u1ed3ng h\u1ed3 t\u1eeb l\u1eafp \u0111\u1ee9ng (GMK-VD) 1\/2\" | SANWA","isPartOf":{"@id":"https:\/\/www.sanwa.co.th\/#website"},"primaryImageOfPage":{"@id":"https:\/\/www.sanwa.co.th\/vi\/product\/%e0%b8%a1%e0%b8%b2%e0%b8%95%e0%b8%a3%e0%b8%a7%e0%b8%b1%e0%b8%94%e0%b8%99%e0%b9%8d%e0%b9%89%e0%b8%b2-%e0%b8%ad%e0%b8%b2%e0%b8%8b%e0%b8%b2%e0%b8%ae%e0%b8%b5-%e0%b8%a3%e0%b8%b0%e0%b8%9a%e0%b8%9a-4-2\/#primaryimage"},"image":{"@id":"https:\/\/www.sanwa.co.th\/vi\/product\/%e0%b8%a1%e0%b8%b2%e0%b8%95%e0%b8%a3%e0%b8%a7%e0%b8%b1%e0%b8%94%e0%b8%99%e0%b9%8d%e0%b9%89%e0%b8%b2-%e0%b8%ad%e0%b8%b2%e0%b8%8b%e0%b8%b2%e0%b8%ae%e0%b8%b5-%e0%b8%a3%e0%b8%b0%e0%b8%9a%e0%b8%9a-4-2\/#primaryimage"},"thumbnailUrl":"https:\/\/www.sanwa.co.th\/wp-content\/uploads\/2023\/09\/ASAHI-Water-Meter-GMK-VD-\u0e21\u0e2d\u0e01.1.png","datePublished":"2021-09-22T12:05:03+00:00","dateModified":"2026-04-16T07:48:11+00:00","description":"\u0110\u1ed3ng h\u1ed3 t\u1eeb l\u1eafp \u0111\u1ee9ng (GMK-VD) 1\/2\" SANWA |","breadcrumb":{"@id":"https:\/\/www.sanwa.co.th\/vi\/product\/%e0%b8%a1%e0%b8%b2%e0%b8%95%e0%b8%a3%e0%b8%a7%e0%b8%b1%e0%b8%94%e0%b8%99%e0%b9%8d%e0%b9%89%e0%b8%b2-%e0%b8%ad%e0%b8%b2%e0%b8%8b%e0%b8%b2%e0%b8%ae%e0%b8%b5-%e0%b8%a3%e0%b8%b0%e0%b8%9a%e0%b8%9a-4-2\/#breadcrumb"},"inLanguage":"vi-VN","potentialAction":[{"@type":"ReadAction","target":["https:\/\/www.sanwa.co.th\/vi\/product\/%e0%b8%a1%e0%b8%b2%e0%b8%95%e0%b8%a3%e0%b8%a7%e0%b8%b1%e0%b8%94%e0%b8%99%e0%b9%8d%e0%b9%89%e0%b8%b2-%e0%b8%ad%e0%b8%b2%e0%b8%8b%e0%b8%b2%e0%b8%ae%e0%b8%b5-%e0%b8%a3%e0%b8%b0%e0%b8%9a%e0%b8%9a-4-2\/"]}]},{"@type":"ImageObject","inLanguage":"vi-VN","@id":"https:\/\/www.sanwa.co.th\/vi\/product\/%e0%b8%a1%e0%b8%b2%e0%b8%95%e0%b8%a3%e0%b8%a7%e0%b8%b1%e0%b8%94%e0%b8%99%e0%b9%8d%e0%b9%89%e0%b8%b2-%e0%b8%ad%e0%b8%b2%e0%b8%8b%e0%b8%b2%e0%b8%ae%e0%b8%b5-%e0%b8%a3%e0%b8%b0%e0%b8%9a%e0%b8%9a-4-2\/#primaryimage","url":"https:\/\/www.sanwa.co.th\/wp-content\/uploads\/2023\/09\/ASAHI-Water-Meter-GMK-VD-\u0e21\u0e2d\u0e01.1.png","contentUrl":"https:\/\/www.sanwa.co.th\/wp-content\/uploads\/2023\/09\/ASAHI-Water-Meter-GMK-VD-\u0e21\u0e2d\u0e01.1.png","width":760,"height":760,"caption":"SANWA ASAHI GMK-VD water meter \u0e21\u0e32\u0e15\u0e23 \u0e27\u0e31\u0e14 \u0e19\u0e49\u0e33 \u0e1b\u0e23\u0e30\u0e1b\u0e32 \u0e21\u0e34\u0e40\u0e15\u0e2d\u0e23\u0e4c\u0e19\u0e49\u0e33 \u0e21\u0e32\u0e15\u0e23 \u0e19\u0e33\u0e49 \u0e21\u0e32\u0e15\u0e23 \u0e19\u0e49\u0e33 \u0e23\u0e32\u0e04\u0e32\u0e04\u0e38\u0e49\u0e21\u0e04\u0e48\u0e32 \u0e21\u0e32\u0e15\u0e23 \u0e19\u0e49\u0e33 \u0e1b\u0e23\u0e30\u0e1b\u0e32 \u0e15\u0e34\u0e14\u0e15\u0e31\u0e49\u0e07\u0e41\u0e19\u0e27\u0e15\u0e31\u0e49\u0e07\u0e43\u0e19\u0e2b\u0e49\u0e2d\u0e07\u0e0a\u0e32\u0e23\u0e4c\u0e1b \u0e2d\u0e48\u0e32\u0e19\u0e04\u0e48\u0e32\u0e19\u0e49\u0e33\u0e1b\u0e23\u0e30\u0e1b\u0e32 \u0e41\u0e21\u0e48\u0e19\u0e22\u0e33 \u0e40\u0e17\u0e35\u0e48\u0e22\u0e07\u0e15\u0e23\u0e07"},{"@type":"BreadcrumbList","@id":"https:\/\/www.sanwa.co.th\/vi\/product\/%e0%b8%a1%e0%b8%b2%e0%b8%95%e0%b8%a3%e0%b8%a7%e0%b8%b1%e0%b8%94%e0%b8%99%e0%b9%8d%e0%b9%89%e0%b8%b2-%e0%b8%ad%e0%b8%b2%e0%b8%8b%e0%b8%b2%e0%b8%ae%e0%b8%b5-%e0%b8%a3%e0%b8%b0%e0%b8%9a%e0%b8%9a-4-2\/#breadcrumb","itemListElement":[{"@type":"ListItem","position":1,"name":"\u0e2a\u0e34\u0e19\u0e04\u0e49\u0e32","item":"https:\/\/www.sanwa.co.th\/shop\/"},{"@type":"ListItem","position":2,"name":"\u0110\u1ed3ng h\u1ed3 t\u1eeb l\u1eafp \u0111\u1ee9ng (GMK-VD) 1\/2&#8243;"}]},{"@type":"WebSite","@id":"https:\/\/www.sanwa.co.th\/#website","url":"https:\/\/www.sanwa.co.th\/","name":"SANWA","description":"SANWA is a manufacturer and distributor of high-quality brass plumbing fixtures that are durable, rust-resistant, and leak-proof.","publisher":{"@id":"https:\/\/www.sanwa.co.th\/#organization"},"potentialAction":[{"@type":"SearchAction","target":{"@type":"EntryPoint","urlTemplate":"https:\/\/www.sanwa.co.th\/?s={search_term_string}"},"query-input":{"@type":"PropertyValueSpecification","valueRequired":true,"valueName":"search_term_string"}}],"inLanguage":"vi-VN"},{"@type":"Organization","@id":"https:\/\/www.sanwa.co.th\/#organization","name":"SANWA","url":"https:\/\/www.sanwa.co.th\/","logo":{"@type":"ImageObject","inLanguage":"vi-VN","@id":"https:\/\/www.sanwa.co.th\/#\/schema\/logo\/image\/","url":"https:\/\/www.sanwa.co.th\/wp-content\/uploads\/2021\/09\/LOGO_SANWA.jpeg","contentUrl":"https:\/\/www.sanwa.co.th\/wp-content\/uploads\/2021\/09\/LOGO_SANWA.jpeg","width":1616,"height":348,"caption":"SANWA"},"image":{"@id":"https:\/\/www.sanwa.co.th\/#\/schema\/logo\/image\/"},"sameAs":["https:\/\/www.facebook.com\/SanwaThailand","https:\/\/youtube.com\/channel\/UC0e8b8N8ucQQGPSTmPWYLkQ","https:\/\/www.instagram.com\/sanwathailand\/","https:\/\/www.tiktok.com\/@sanwathailand"]}]}},"_links":{"self":[{"href":"https:\/\/www.sanwa.co.th\/vi\/wp-json\/wp\/v2\/product\/3583","targetHints":{"allow":["GET"]}}],"collection":[{"href":"https:\/\/www.sanwa.co.th\/vi\/wp-json\/wp\/v2\/product"}],"about":[{"href":"https:\/\/www.sanwa.co.th\/vi\/wp-json\/wp\/v2\/types\/product"}],"wp:featuredmedia":[{"embeddable":true,"href":"https:\/\/www.sanwa.co.th\/vi\/wp-json\/wp\/v2\/media\/6579"}],"wp:attachment":[{"href":"https:\/\/www.sanwa.co.th\/vi\/wp-json\/wp\/v2\/media?parent=3583"}],"wp:term":[{"taxonomy":"product_cat","embeddable":true,"href":"https:\/\/www.sanwa.co.th\/vi\/wp-json\/wp\/v2\/product_cat?post=3583"},{"taxonomy":"product_tag","embeddable":true,"href":"https:\/\/www.sanwa.co.th\/vi\/wp-json\/wp\/v2\/product_tag?post=3583"}],"curies":[{"name":"wp","href":"https:\/\/api.w.org\/{rel}","templated":true}]}}