{"id":1419,"date":"2021-07-19T06:23:13","date_gmt":"2021-07-18T23:23:13","guid":{"rendered":"https:\/\/www.sanwa.co.th\/home\/"},"modified":"2026-03-06T16:20:39","modified_gmt":"2026-03-06T09:20:39","slug":"home","status":"publish","type":"page","link":"https:\/\/www.sanwa.co.th\/vi\/","title":{"rendered":"trang ch\u1ee7"},"content":{"rendered":"","protected":false},"excerpt":{"rendered":"","protected":false},"author":1,"featured_media":0,"parent":0,"menu_order":0,"comment_status":"closed","ping_status":"closed","template":"template-pages\/tpl-home.php","meta":{"footnotes":""},"class_list":["post-1419","page","type-page","status-publish","hentry"],"acf":[],"yoast_head":"<!-- This site is optimized with the Yoast SEO plugin v26.9 - https:\/\/yoast.com\/product\/yoast-seo-wordpress\/ -->\n<title>SANWA raccordi idraulici de alta qualit\u00e0 in ottone; resistente e<\/title>\n<meta name=\"description\" content=\"SANWA \u0142a produxe e \u0142a distribuise machinari idraulici de alta qua\u0142it\u00e0 fati de oton, che i xe resistente, resistente a\u0142a rugine e a prova de perdite.\" \/>\n<meta name=\"robots\" content=\"index, follow, max-snippet:-1, max-image-preview:large, max-video-preview:-1\" \/>\n<link rel=\"canonical\" href=\"https:\/\/www.sanwa.co.th\/vi\/\" \/>\n<meta property=\"og:locale\" content=\"vi_VN\" \/>\n<meta property=\"og:type\" content=\"article\" \/>\n<meta property=\"og:title\" content=\"SANWA raccordi idraulici de alta qualit\u00e0 in ottone; resistente e\" \/>\n<meta property=\"og:description\" content=\"SANWA \u0142a produxe e \u0142a distribuise machinari idraulici de alta qua\u0142it\u00e0 fati de oton, che i xe resistente, resistente a\u0142a rugine e a prova de perdite.\" \/>\n<meta property=\"og:url\" content=\"https:\/\/www.sanwa.co.th\/vi\/\" \/>\n<meta property=\"og:site_name\" content=\"SANWA\" \/>\n<meta property=\"article:publisher\" content=\"https:\/\/www.facebook.com\/SanwaThailand\" \/>\n<meta property=\"article:modified_time\" content=\"2026-03-06T09:20:39+00:00\" \/>\n<meta name=\"twitter:card\" content=\"summary_large_image\" \/>\n<!-- \/ Yoast SEO plugin. -->","yoast_head_json":{"title":"SANWA raccordi idraulici de alta qualit\u00e0 in ottone; resistente e","description":"SANWA \u0142a produxe e \u0142a distribuise machinari idraulici de alta qua\u0142it\u00e0 fati de oton, che i xe resistente, resistente a\u0142a rugine e a prova de perdite.","robots":{"index":"index","follow":"follow","max-snippet":"max-snippet:-1","max-image-preview":"max-image-preview:large","max-video-preview":"max-video-preview:-1"},"canonical":"https:\/\/www.sanwa.co.th\/vi\/","og_locale":"vi_VN","og_type":"article","og_title":"SANWA raccordi idraulici de alta qualit\u00e0 in ottone; resistente e","og_description":"SANWA \u0142a produxe e \u0142a distribuise machinari idraulici de alta qua\u0142it\u00e0 fati de oton, che i xe resistente, resistente a\u0142a rugine e a prova de perdite.","og_url":"https:\/\/www.sanwa.co.th\/vi\/","og_site_name":"SANWA","article_publisher":"https:\/\/www.facebook.com\/SanwaThailand","article_modified_time":"2026-03-06T09:20:39+00:00","twitter_card":"summary_large_image","schema":{"@context":"https:\/\/schema.org","@graph":[{"@type":"WebPage","@id":"https:\/\/www.sanwa.co.th\/vi\/","url":"https:\/\/www.sanwa.co.th\/vi\/","name":"SANWA raccordi idraulici de alta qualit\u00e0 in ottone; resistente e","isPartOf":{"@id":"https:\/\/www.sanwa.co.th\/#website"},"datePublished":"2021-07-18T23:23:13+00:00","dateModified":"2026-03-06T09:20:39+00:00","description":"SANWA \u0142a produxe e \u0142a distribuise machinari idraulici de alta qua\u0142it\u00e0 fati de oton, che i xe resistente, resistente a\u0142a rugine e a prova de perdite.","inLanguage":"vi-VN","potentialAction":[{"@type":"ReadAction","target":["https:\/\/www.sanwa.co.th\/vi\/"]}]},{"@type":"WebSite","@id":"https:\/\/www.sanwa.co.th\/#website","url":"https:\/\/www.sanwa.co.th\/","name":"SANWA","description":"SANWA is a manufacturer and distributor of high-quality brass plumbing fixtures that are durable, rust-resistant, and leak-proof.","publisher":{"@id":"https:\/\/www.sanwa.co.th\/#organization"},"potentialAction":[{"@type":"SearchAction","target":{"@type":"EntryPoint","urlTemplate":"https:\/\/www.sanwa.co.th\/?s={search_term_string}"},"query-input":{"@type":"PropertyValueSpecification","valueRequired":true,"valueName":"search_term_string"}}],"inLanguage":"vi-VN"},{"@type":"Organization","@id":"https:\/\/www.sanwa.co.th\/#organization","name":"SANWA","url":"https:\/\/www.sanwa.co.th\/","logo":{"@type":"ImageObject","inLanguage":"vi-VN","@id":"https:\/\/www.sanwa.co.th\/#\/schema\/logo\/image\/","url":"https:\/\/www.sanwa.co.th\/wp-content\/uploads\/2021\/09\/LOGO_SANWA.jpeg","contentUrl":"https:\/\/www.sanwa.co.th\/wp-content\/uploads\/2021\/09\/LOGO_SANWA.jpeg","width":1616,"height":348,"caption":"SANWA"},"image":{"@id":"https:\/\/www.sanwa.co.th\/#\/schema\/logo\/image\/"},"sameAs":["https:\/\/www.facebook.com\/SanwaThailand","https:\/\/youtube.com\/channel\/UC0e8b8N8ucQQGPSTmPWYLkQ","https:\/\/www.instagram.com\/sanwathailand\/","https:\/\/www.tiktok.com\/@sanwathailand"]}]}},"rttpg_featured_image_url":null,"rttpg_author":{"display_name":"MoreAdmin","author_link":"https:\/\/www.sanwa.co.th\/vi\/author\/moreadmin21\/"},"rttpg_comment":0,"rttpg_category":" <a href=\"https:\/\/www.sanwa.co.th\/vi\/?taxonomy=translation_priority&#038;term=optional-vi\" rel=\"tag\">Optional<\/a>","rttpg_excerpt":null,"_links":{"self":[{"href":"https:\/\/www.sanwa.co.th\/vi\/wp-json\/wp\/v2\/pages\/1419","targetHints":{"allow":["GET"]}}],"collection":[{"href":"https:\/\/www.sanwa.co.th\/vi\/wp-json\/wp\/v2\/pages"}],"about":[{"href":"https:\/\/www.sanwa.co.th\/vi\/wp-json\/wp\/v2\/types\/page"}],"author":[{"embeddable":true,"href":"https:\/\/www.sanwa.co.th\/vi\/wp-json\/wp\/v2\/users\/1"}],"replies":[{"embeddable":true,"href":"https:\/\/www.sanwa.co.th\/vi\/wp-json\/wp\/v2\/comments?post=1419"}],"version-history":[{"count":0,"href":"https:\/\/www.sanwa.co.th\/vi\/wp-json\/wp\/v2\/pages\/1419\/revisions"}],"wp:attachment":[{"href":"https:\/\/www.sanwa.co.th\/vi\/wp-json\/wp\/v2\/media?parent=1419"}],"curies":[{"name":"wp","href":"https:\/\/api.w.org\/{rel}","templated":true}]}}